{"id":41765,"date":"2024-01-10T12:37:21","date_gmt":"2024-01-10T12:37:21","guid":{"rendered":"https:\/\/siemid.com\/?post_type=product&#038;p=41765"},"modified":"2026-03-30T07:43:16","modified_gmt":"2026-03-30T07:43:16","slug":"1pcs-modul-60-projector-lens-light-fits-for-hella-headlight-high-beam-modular-998570021-60mm-hb3-1kl-998-570-621-1kl-998-570-631","status":"publish","type":"product","link":"https:\/\/siemid.com\/fr\/produit\/1pcs-modul-60-projector-lens-light-fits-for-hella-headlight-high-beam-modular-998570021-60mm-hb3-1kl-998-570-621-1kl-998-570-631\/","title":{"rendered":"1Pcs MODUL 60 Projector Lens Light Fits for HELLA Headlight High Beam Modular 998570021 60mm HB3 1KL 998 570-621 1KL 998 570-631"},"content":{"rendered":"<div class=\"J_module\">\n<div id=\"ali-anchor-AliMagic-jt3c3h\" class=\"magic-0\" data-section=\"AliMagic-jt3c3h\" data-section-title=\"Product Description\"><strong>Description du produit<\/strong><\/div>\n<div data-section=\"AliMagic-jt3c3h\" data-section-title=\"Product Description\"><\/div>\n<\/div>\n<div class=\"J_module\">\n<div class=\"detail-decorate-json-renderer-container\">\n<div class=\"magic-1\">\n<div class=\"magic-2\">\n<div class=\"magic-3\">\n<div class=\"magic-4\">Module de projecteur de 60 mm<br \/>\nHL57000 - Feux de croisement - 998570001<br \/>\nHL57002 - Feux de route - 998570021<br \/>\nHL57003 - Feu de route ECE avec feu de position - Commande sp\u00e9ciale - 998570031<\/p>\n<div data-spm-anchor-id=\"a2700.details.0.i102.78bc52d5qsk0tE\"><span data-spm-anchor-id=\"a2700.details.0.i103.78bc52d5qsk0tE\"><br \/>\n<b>Id\u00e9al pour :<\/b><br \/>\n* Kit Cars<\/p>\n<p>* Voitures personnalis\u00e9es<\/p>\n<p>* Motos<\/p>\n<p>* Quad Runners (coureurs \u00e0 quatre pattes)<\/p>\n<p><b>Caract\u00e9ristiques :<\/b><br \/>\n* Feu de croisement tr\u00e8s polyvalent<br \/>\n* Haute performance dans un design compact<br \/>\n* Performances et r\u00e9partition de la lumi\u00e8re exceptionnelles<\/p>\n<p><b>Sp\u00e9cifications :<\/b><br \/>\n* Tension : 12V<\/p>\n<p>* Source lumineuse : Ampoule HB3 \/ 9005 12V\/65W<\/p>\n<p>* Consommation \u00e9lectrique : 65W<\/p>\n<p>* Mat\u00e9riau du bo\u00eetier : Plastique ABS<\/p>\n<p>* Optique : Objectif<\/p>\n<p>* Mat\u00e9riau de la lentille : Verre<\/p>\n<p>* Connexion : Fiche d'ampoule<\/p>\n<p>* Certifi\u00e9 DOT\/SAE<\/p>\n<p>* Bo\u00eetier et r\u00e9flecteur en aluminium moul\u00e9 sous pression<\/p>\n<p>* Coupe \u00e0 l'europ\u00e9enne tr\u00e8s pointue<\/p>\n<p>* Peut utiliser les ampoules HIR 9011 &amp; 9012.<\/p>\n<p>* Montage simple<\/p>\n<p><b>Montage :<\/b><br \/>\n* Rin\u00e7age<\/p>\n<p>Lampe simple Inclut :<br \/>\n* (1) Lampe<\/p>\n<p>* Mat\u00e9riel de montage universel<\/span><\/div>\n<\/div>\n<\/div>\n<\/div>\n<\/div>\n<\/div>\n<\/div>","protected":false},"excerpt":{"rendered":"<ul class=\"a-unordered-list a-vertical a-spacing-mini\">\n<li class=\"a-spacing-mini\">\n<h1 class=\"a-size-base-plus a-text-bold\">A propos de cet article<\/h1>\n<ul class=\"a-unordered-list a-vertical a-spacing-mini\">\n<li class=\"a-spacing-mini\"><span class=\"a-list-item\">Des performances \u00e9lev\u00e9es dans un design compact<\/span><\/li>\n<li class=\"a-spacing-mini\"><span class=\"a-list-item\">Performances et r\u00e9partition de la lumi\u00e8re exceptionnelles<\/span><\/li>\n<li class=\"a-spacing-mini\"><span class=\"a-list-item\">Feu de route tr\u00e8s polyvalent<\/span><\/li>\n<\/ul>\n<\/li>\n<\/ul>","protected":false},"featured_media":41766,"comment_status":"open","ping_status":"closed","template":"","meta":{"_acf_changed":false,"om_disable_all_campaigns":false,"inline_featured_image":false,"_mi_skip_tracking":false,"_monsterinsights_sitenote_active":false,"_monsterinsights_sitenote_note":"","_monsterinsights_sitenote_category":0},"product_brand":[],"product_cat":[267,554,555],"product_tag":[135147],"class_list":{"0":"post-41765","1":"product","2":"type-product","3":"status-publish","4":"has-post-thumbnail","6":"product_cat-headlights","7":"product_cat-fog-lights-automotive-lighting","8":"product_cat-off-road-lights","9":"product_tag-warehouse-location-united-states","10":"product_shipping_class-us-stock-flat","12":"first","13":"instock","14":"sale","15":"featured","16":"shipping-taxable","17":"purchasable","18":"product-type-simple"},"acf":[],"aioseo_notices":[],"_links":{"self":[{"href":"https:\/\/siemid.com\/fr\/wp-json\/wp\/v2\/product\/41765","targetHints":{"allow":["GET"]}}],"collection":[{"href":"https:\/\/siemid.com\/fr\/wp-json\/wp\/v2\/product"}],"about":[{"href":"https:\/\/siemid.com\/fr\/wp-json\/wp\/v2\/types\/product"}],"replies":[{"embeddable":true,"href":"https:\/\/siemid.com\/fr\/wp-json\/wp\/v2\/comments?post=41765"}],"wp:featuredmedia":[{"embeddable":true,"href":"https:\/\/siemid.com\/fr\/wp-json\/wp\/v2\/media\/41766"}],"wp:attachment":[{"href":"https:\/\/siemid.com\/fr\/wp-json\/wp\/v2\/media?parent=41765"}],"wp:term":[{"taxonomy":"product_brand","embeddable":true,"href":"https:\/\/siemid.com\/fr\/wp-json\/wp\/v2\/product_brand?post=41765"},{"taxonomy":"product_cat","embeddable":true,"href":"https:\/\/siemid.com\/fr\/wp-json\/wp\/v2\/product_cat?post=41765"},{"taxonomy":"product_tag","embeddable":true,"href":"https:\/\/siemid.com\/fr\/wp-json\/wp\/v2\/product_tag?post=41765"}],"curies":[{"name":"wp","href":"https:\/\/api.w.org\/{rel}","templated":true}]}}