{"id":41782,"date":"2024-01-10T13:43:02","date_gmt":"2024-01-10T13:43:02","guid":{"rendered":"https:\/\/siemid.com\/?post_type=product&#038;p=41782"},"modified":"2025-10-09T17:41:20","modified_gmt":"2025-10-09T17:41:20","slug":"siemid-projector-led-drl-headlight-assembly-replacement-for-volkswagen-jetta-left-driver-side-fits-2019-2023-vw-jetta-models-17a941036b-17a941035a-vw2502174","status":"publish","type":"product","link":"https:\/\/siemid.com\/fr\/produit\/siemid-projector-led-drl-headlight-assembly-replacement-for-volkswagen-jetta-left-driver-side-fits-2019-2023-vw-jetta-models-17a941036b-17a941035a-vw2502174\/","title":{"rendered":"SIEMID Projecteur LED DRL Ensemble de Phares de Remplacement pour Volkswagen Jetta - C\u00f4t\u00e9 Gauche\/C\u00f4t\u00e9 Conducteur - Convient aux mod\u00e8les 2019-2023 VW Jetta -17A941036B 17A941035A VW2502174"},"content":{"rendered":"<h2 class=\"default\">Description du produit<\/h2>\n<div id=\"productDescription\" class=\"a-section a-spacing-small\">\n<p>&nbsp;<\/p>\n<p><span class=\"a-text-bold\">Am\u00e9liorez votre <\/span><span class=\"a-text-bold\">Volkswagen Jetta's Lighting avec ensemble de phares LED DRL - Convient aux mod\u00e8les 2019-2023<\/span><\/p>\n<p><span class=\"a-text-italic\">Faits marquants :<\/span><\/p>\n<ul class=\"a-unordered-list a-vertical\">\n<li><span class=\"a-list-item\">Neuf, de haute qualit\u00e9<\/span><\/li>\n<li><span class=\"a-list-item\">Installation sans probl\u00e8me<\/span><\/li>\n<li><span class=\"a-list-item\">Longue dur\u00e9e de vie<\/span><\/li>\n<li><span class=\"a-list-item\">Surface lisse<\/span><\/li>\n<li><span class=\"a-list-item\">Travail soign\u00e9<\/span><\/li>\n<li><span class=\"a-list-item\">Robuste et durable<\/span><\/li>\n<li><span class=\"a-list-item\">Apparence cool<\/span><\/li>\n<li><span class=\"a-list-item\">Lumi\u00e8re LED<\/span><\/li>\n<li><span class=\"a-list-item\">Am\u00e9lioration de la s\u00e9curit\u00e9<\/span><\/li>\n<li><span class=\"a-list-item\">Facile \u00e0 nettoyer<\/span><\/li>\n<li><span class=\"a-list-item\">Des performances stables<\/span><\/li>\n<li><span class=\"a-list-item\">Convient (\u00e0 titre de r\u00e9f\u00e9rence) : Pour 2019-2023 VW Jetta<\/span><\/li>\n<\/ul>\n<p><span class=\"a-text-italic\">Sp\u00e9cifications :<\/span><\/p>\n<p>Num\u00e9ro de pi\u00e8ce OE\/OEM : 17A941036E, 17A941036A<\/p>\n<p>Num\u00e9ro de pi\u00e8ce d'\u00e9change : VW2503175<\/p>\n<p>Mod\u00e8les concern\u00e9s : pour 2019-2023 <span class=\"a-text-bold\">Volkswagen<\/span> Jetta<\/p>\n<p>Position d'installation : Avant, c\u00f4t\u00e9 gauche<\/p>\n<p>Mode d'installation : Installation directe<\/p>\n<p><span class=\"a-text-bold\">Notes :<\/span><\/p>\n<p><span class=\"a-text-bold\">Nous recommandons vivement l'installation par un professionnel. N'h\u00e9sitez pas \u00e0 nous contacter si vous avez des questions.<\/span><\/p>\n<p><span class=\"a-text-bold\">Veuillez tenir compte de la l\u00e9g\u00e8re diff\u00e9rence de couleur due \u00e0 la lumi\u00e8re et de l'erreur de 1 \u00e0 3 cm due \u00e0 la mesure manuelle, et assurez-vous que vous n'y voyez pas d'inconv\u00e9nient avant de passer votre commande.<\/span><\/p>\n<\/div>","protected":false},"excerpt":{"rendered":"<h1 class=\"a-size-base-plus a-text-bold\">A propos de cet article<\/h1>\n<ul class=\"a-unordered-list a-vertical a-spacing-mini\">\n<li class=\"a-spacing-mini\"><span class=\"a-list-item\">Compatibilit\u00e9 : Notre ensemble de phares est compatible avec la VW Jetta 2019-2023 et il est \u00e9galement compatible avec les num\u00e9ros de pi\u00e8ces OEM 17A941035E, 17A941035A, 17A941036E, 17A941036A, VW2502174 et VW2503174 pour les phares. Il est \u00e9quip\u00e9 de feux de route\/feux de croisement \u00e0 LED, de feux de signalisation PWY24W, de feux de position lat\u00e9raux \u00e0 LED et de feux de jour \u00e0 LED.<\/span><\/li>\n<li class=\"a-spacing-mini\"><span class=\"a-list-item\">Visibilit\u00e9 am\u00e9lior\u00e9e : lentille PC anti-ultraviolets, dur\u00e9e de vie plus longue, emp\u00eache le jaunissement et la d\u00e9coloration de la lentille. Module de projection en verre HD, une transmittance plus \u00e9lev\u00e9e assure une lumi\u00e8re plus brillante. Traitement de surface sp\u00e9cial, coefficient de dissipation thermique \u00e9lev\u00e9, assure un travail stable \u00e0 une puissance plus \u00e9lev\u00e9e.<\/span><\/li>\n<li class=\"a-spacing-mini\"><span class=\"a-list-item\">Mat\u00e9riaux de premi\u00e8re qualit\u00e9 : Notre lampe frontale est fabriqu\u00e9e avec un bo\u00eetier enti\u00e8rement scell\u00e9 et robuste en plastique polycarbonate de qualit\u00e9 OEM, qui est \u00e9tanche jusqu'\u00e0 IP65. Cela garantit une excellente r\u00e9sistance aux intemp\u00e9ries et aux chocs, ce qui en fait un produit bien con\u00e7u pour fournir un \u00e9clairage lumineux. Les nouvelles lentilles et les nouveaux r\u00e9flecteurs offrent un meilleur \u00e9clairage et garantissent une exp\u00e9rience de conduite agr\u00e9able et confortable.<\/span><\/li>\n<li class=\"a-spacing-mini\"><span class=\"a-list-item\">S\u00e9curit\u00e9 et durabilit\u00e9 : Ce feu adopte une lumi\u00e8re de projecteur, une version am\u00e9lior\u00e9e de la lumi\u00e8re de r\u00e9flecteur. Par rapport \u00e0 la lumi\u00e8re r\u00e9fl\u00e9chissante, les lumi\u00e8res \u00e0 projecteur sont plus susceptibles de produire des lignes de coupure claires entre la lumi\u00e8re et l'ombre, \u00e9vitant ainsi l'\u00e9blouissement des v\u00e9hicules venant en sens inverse et garantissant des conditions de conduite plus s\u00fbres.<\/span><\/li>\n<li class=\"a-spacing-mini\"><span class=\"a-list-item\">Pas d'inqui\u00e9tude pour les achats : Veuillez noter que l'installation par un professionnel est fortement recommand\u00e9e. Il est con\u00e7u pour s'adapter au mod\u00e8le de phare de projecteur LED d'usine uniquement, et ne s'adaptera pas aux mod\u00e8les de phare de non-projecteur d'usine. Si vous avez des probl\u00e8mes lors de l'installation ou de l'utilisation, n'h\u00e9sitez pas \u00e0 nous contacter.<\/span><\/li>\n<\/ul>","protected":false},"featured_media":41775,"comment_status":"open","ping_status":"closed","template":"","meta":{"_acf_changed":false,"om_disable_all_campaigns":false,"inline_featured_image":false,"_mi_skip_tracking":false,"_monsterinsights_sitenote_active":false,"_monsterinsights_sitenote_note":"","_monsterinsights_sitenote_category":0},"product_brand":[],"product_cat":[267],"product_tag":[135147],"class_list":{"0":"post-41782","1":"product","2":"type-product","3":"status-publish","4":"has-post-thumbnail","6":"product_cat-headlights","7":"product_tag-warehouse-location-united-states","8":"product_shipping_class-us-stock-flat","9":"pa_compatibility-2019-volkswagen-jetta","11":"first","12":"instock","13":"sale","14":"featured","15":"shipping-taxable","16":"purchasable","17":"product-type-simple"},"acf":[],"aioseo_notices":[],"_links":{"self":[{"href":"https:\/\/siemid.com\/fr\/wp-json\/wp\/v2\/product\/41782","targetHints":{"allow":["GET"]}}],"collection":[{"href":"https:\/\/siemid.com\/fr\/wp-json\/wp\/v2\/product"}],"about":[{"href":"https:\/\/siemid.com\/fr\/wp-json\/wp\/v2\/types\/product"}],"replies":[{"embeddable":true,"href":"https:\/\/siemid.com\/fr\/wp-json\/wp\/v2\/comments?post=41782"}],"wp:featuredmedia":[{"embeddable":true,"href":"https:\/\/siemid.com\/fr\/wp-json\/wp\/v2\/media\/41775"}],"wp:attachment":[{"href":"https:\/\/siemid.com\/fr\/wp-json\/wp\/v2\/media?parent=41782"}],"wp:term":[{"taxonomy":"product_brand","embeddable":true,"href":"https:\/\/siemid.com\/fr\/wp-json\/wp\/v2\/product_brand?post=41782"},{"taxonomy":"product_cat","embeddable":true,"href":"https:\/\/siemid.com\/fr\/wp-json\/wp\/v2\/product_cat?post=41782"},{"taxonomy":"product_tag","embeddable":true,"href":"https:\/\/siemid.com\/fr\/wp-json\/wp\/v2\/product_tag?post=41782"}],"curies":[{"name":"wp","href":"https:\/\/api.w.org\/{rel}","templated":true}]}}