{"id":41797,"date":"2024-01-11T13:49:31","date_gmt":"2024-01-11T13:49:31","guid":{"rendered":"https:\/\/siemid.com\/?post_type=product&#038;p=41797"},"modified":"2026-04-17T08:05:27","modified_gmt":"2026-04-17T08:05:27","slug":"1pcs-siemid-universal-car-headlamp-2-5-h11-bi-xenon-hid-fog-retrofit-projector-lens-for-hi-lo-beam","status":"publish","type":"product","link":"https:\/\/siemid.com\/fr\/produit\/1pcs-siemid-universal-car-headlamp-2-5-h11-bi-xenon-hid-fog-retrofit-projector-lens-for-hi-lo-beam\/","title":{"rendered":"1Pcs SIEMID Universal Car Headlamp : 2.5\u2033 H11 Bi-xenon HID Fog Retrofit Projector Lens for Hi\/Lo Beam."},"content":{"rendered":"<div class=\"J_module\"><\/div>\n<div class=\"J_module\">\n<div class=\"detail-decorate-json-renderer-container\">\n<div class=\"magic-1\">\n<div class=\"magic-2\">\n<div class=\"magic-3\">\n<div class=\"magic-4\">\n<div data-spm-anchor-id=\"a2700.details.0.i102.78bc52d5qsk0tE\">\n<h1 class=\"a-size-base-plus a-text-bold\">A propos de cet article<\/h1>\n<ul class=\"a-unordered-list a-vertical a-spacing-mini\">\n<li class=\"a-spacing-mini\"><span class=\"a-list-item\">\u00a0Mise \u00e0 niveau parfaite : Profitez d'une meilleure visibilit\u00e9 gr\u00e2ce \u00e0 1 lentille de projecteur bi-x\u00e9non antibrouillard de haute qualit\u00e9 de 2,5 pouces incluse dans cet ensemble.<\/span><\/li>\n<li class=\"a-spacing-mini\"><span class=\"a-list-item\">\u00a0Adaptation universelle : Notre support de montage universel permet une installation facile et une adaptation \u00e0 diff\u00e9rentes voitures.<\/span><\/li>\n<li class=\"a-spacing-mini\"><span class=\"a-list-item\">\u00a0Clart\u00e9 maximale : Ces lentilles utilisent un verre tr\u00e8s transparent pour garantir que la lumi\u00e8re est projet\u00e9e avec une clart\u00e9 maximale, ce qui rend la ligne lumineuse de coupe claire et lumineuse.<\/span><\/li>\n<li class=\"a-spacing-mini\"><span class=\"a-list-item\">\u00a0Double fonctionnalit\u00e9 : Avec les projecteurs bi-x\u00e9non, vous disposez d'options de feux de route et de feux de croisement pour une visibilit\u00e9 optimale.<\/span><\/li>\n<li class=\"a-spacing-mini\"><span class=\"a-list-item\">\u00a0S\u00e9curit\u00e9 garantie : Les lentilles sont dot\u00e9es d'une ligne de coupure claire qui les emp\u00eache d'aveugler les conducteurs venant de la direction oppos\u00e9e, ce qui en fait un choix s\u00fbr et fiable.<\/span><\/li>\n<\/ul>\n<p><b>Montage :<\/b><br \/>\n* Rin\u00e7age<\/p>\n<p>Lampe simple Inclut :<br \/>\n* (1) Lampe<\/p>\n<p>* Mat\u00e9riel de montage universel<\/p>\n<\/div>\n<\/div>\n<\/div>\n<\/div>\n<\/div>\n<\/div>\n<\/div>","protected":false},"excerpt":{"rendered":"<h1 class=\"a-size-base-plus a-text-bold\">A propos de cet article<\/h1>\n<ul class=\"a-unordered-list a-vertical a-spacing-mini\">\n<li class=\"a-spacing-mini\"><span class=\"a-list-item\">\u00a0Mise \u00e0 niveau parfaite : Profitez d'une meilleure visibilit\u00e9 gr\u00e2ce \u00e0 1 lentille de projecteur bi-x\u00e9non antibrouillard de haute qualit\u00e9 de 2,5 pouces incluse dans cet ensemble.<\/span><\/li>\n<li class=\"a-spacing-mini\"><span class=\"a-list-item\">\u00a0Adaptation universelle : Notre support de montage universel permet une installation facile et une adaptation \u00e0 diff\u00e9rentes voitures.<\/span><\/li>\n<li class=\"a-spacing-mini\"><span class=\"a-list-item\">Clart\u00e9 maximale : Ces lentilles utilisent un verre tr\u00e8s transparent pour garantir que la lumi\u00e8re est projet\u00e9e avec une clart\u00e9 maximale, ce qui rend la ligne lumineuse de coupe claire et lumineuse.<\/span><\/li>\n<li class=\"a-spacing-mini\"><span class=\"a-list-item\">Double fonctionnalit\u00e9 : Avec les projecteurs bi-x\u00e9non, vous disposez d'options de feux de route et de feux de croisement pour une visibilit\u00e9 optimale.<\/span><\/li>\n<li class=\"a-spacing-mini\"><span class=\"a-list-item\">S\u00e9curit\u00e9 garantie : Les lentilles sont dot\u00e9es d'une ligne de coupure claire qui les emp\u00eache d'aveugler les conducteurs venant de la direction oppos\u00e9e, ce qui en fait un choix s\u00fbr et fiable.<\/span><\/li>\n<\/ul>","protected":false},"featured_media":41838,"comment_status":"open","ping_status":"closed","template":"","meta":{"_acf_changed":false,"om_disable_all_campaigns":false,"inline_featured_image":false,"_mi_skip_tracking":false,"_monsterinsights_sitenote_active":false,"_monsterinsights_sitenote_note":"","_monsterinsights_sitenote_category":0},"product_brand":[],"product_cat":[267,554,555],"product_tag":[135147],"class_list":{"0":"post-41797","1":"product","2":"type-product","3":"status-publish","4":"has-post-thumbnail","6":"product_cat-headlights","7":"product_cat-fog-lights-automotive-lighting","8":"product_cat-off-road-lights","9":"product_tag-warehouse-location-united-states","10":"product_shipping_class-us-stock-flat","12":"first","13":"instock","14":"sale","15":"featured","16":"shipping-taxable","17":"purchasable","18":"product-type-simple"},"acf":[],"aioseo_notices":[],"_links":{"self":[{"href":"https:\/\/siemid.com\/fr\/wp-json\/wp\/v2\/product\/41797","targetHints":{"allow":["GET"]}}],"collection":[{"href":"https:\/\/siemid.com\/fr\/wp-json\/wp\/v2\/product"}],"about":[{"href":"https:\/\/siemid.com\/fr\/wp-json\/wp\/v2\/types\/product"}],"replies":[{"embeddable":true,"href":"https:\/\/siemid.com\/fr\/wp-json\/wp\/v2\/comments?post=41797"}],"wp:featuredmedia":[{"embeddable":true,"href":"https:\/\/siemid.com\/fr\/wp-json\/wp\/v2\/media\/41838"}],"wp:attachment":[{"href":"https:\/\/siemid.com\/fr\/wp-json\/wp\/v2\/media?parent=41797"}],"wp:term":[{"taxonomy":"product_brand","embeddable":true,"href":"https:\/\/siemid.com\/fr\/wp-json\/wp\/v2\/product_brand?post=41797"},{"taxonomy":"product_cat","embeddable":true,"href":"https:\/\/siemid.com\/fr\/wp-json\/wp\/v2\/product_cat?post=41797"},{"taxonomy":"product_tag","embeddable":true,"href":"https:\/\/siemid.com\/fr\/wp-json\/wp\/v2\/product_tag?post=41797"}],"curies":[{"name":"wp","href":"https:\/\/api.w.org\/{rel}","templated":true}]}}