{"id":41805,"date":"2024-01-11T14:05:49","date_gmt":"2024-01-11T14:05:49","guid":{"rendered":"https:\/\/siemid.com\/?post_type=product&#038;p=41805"},"modified":"2026-04-17T08:05:44","modified_gmt":"2026-04-17T08:05:44","slug":"1x-2-5-inch-bi-xenon-retrofit-projector-lens-driving-fog-lamps-car-motorcycle-h8-h9-h11","status":"publish","type":"product","link":"https:\/\/siemid.com\/fr\/produit\/1x-2-5-inch-bi-xenon-retrofit-projector-lens-driving-fog-lamps-car-motorcycle-h8-h9-h11\/","title":{"rendered":"1X 2.5 inch Bi-xenon Retrofit Projector Lens Driving Fog Lamps Car Motorcycle H8 H9 H11"},"content":{"rendered":"<div class=\"J_module\"><\/div>\n<div class=\"J_module\">\n<div class=\"detail-decorate-json-renderer-container\">\n<div class=\"magic-1\">\n<div class=\"magic-2\">\n<div class=\"magic-3\">\n<div class=\"magic-4\">\n<div data-spm-anchor-id=\"a2700.details.0.i102.78bc52d5qsk0tE\">\n<h1 class=\"a-size-base-plus a-text-bold\">A propos de cet article<\/h1>\n<ul class=\"a-unordered-list a-vertical a-spacing-mini\">\n<li class=\"a-spacing-mini\"><span class=\"a-list-item\">Support de montage universel : Il peut s'adapter \u00e0 diff\u00e9rentes voitures et est facile \u00e0 installer.<\/span><\/li>\n<li class=\"a-spacing-mini\"><span class=\"a-list-item\">L'utilisation d'un verre tr\u00e8s transparent permet \u00e0 la lumi\u00e8re de p\u00e9n\u00e9trer au maximum, et \u00e0 la ligne de coupe d'\u00eatre claire et lumineuse.<\/span><\/li>\n<li class=\"a-spacing-mini\"><span class=\"a-list-item\">Ligne de d\u00e9marcation claire, qui n'aveugle pas les conducteurs venant de la direction oppos\u00e9e<\/span><\/li>\n<li class=\"a-spacing-mini\"><span class=\"a-list-item\">Adaptation : tr\u00e8s facile \u00e0 installer, convient parfaitement \u00e0 la plupart des voitures.<\/span><\/li>\n<li class=\"a-spacing-mini\"><span class=\"a-list-item\">Le paquet comprend : 1 x lentille de projecteur de brouillard de 2,5 pouces<\/span><\/li>\n<\/ul>\n<p><b>Montage :<\/b><br \/>\n* Rin\u00e7age<\/p>\n<p>Lampe simple Inclut :<br \/>\n* (1) Lampe<\/p>\n<p>* Mat\u00e9riel de montage universel<\/p>\n<\/div>\n<\/div>\n<\/div>\n<\/div>\n<\/div>\n<\/div>\n<\/div>","protected":false},"excerpt":{"rendered":"<h1 class=\"a-size-base-plus a-text-bold\">A propos de cet article<\/h1>\n<ul class=\"a-unordered-list a-vertical a-spacing-mini\">\n<li class=\"a-spacing-mini\"><span class=\"a-list-item\">Support de montage universel : Il peut s'adapter \u00e0 diff\u00e9rentes voitures et est facile \u00e0 installer.<\/span><\/li>\n<li class=\"a-spacing-mini\"><span class=\"a-list-item\">L'utilisation d'un verre tr\u00e8s transparent permet \u00e0 la lumi\u00e8re de p\u00e9n\u00e9trer au maximum, et \u00e0 la ligne de coupe d'\u00eatre claire et lumineuse.<\/span><\/li>\n<li class=\"a-spacing-mini\"><span class=\"a-list-item\">Ligne de d\u00e9marcation claire, qui n'aveugle pas les conducteurs venant de la direction oppos\u00e9e<\/span><\/li>\n<li class=\"a-spacing-mini\"><span class=\"a-list-item\">Adaptation : tr\u00e8s facile \u00e0 installer, convient parfaitement \u00e0 la plupart des voitures.<\/span><\/li>\n<li class=\"a-spacing-mini\"><span class=\"a-list-item\">Le paquet comprend : 1 x lentille de projecteur de brouillard de 2,5 pouces<\/span><\/li>\n<\/ul>","protected":false},"featured_media":41839,"comment_status":"open","ping_status":"closed","template":"","meta":{"_acf_changed":false,"om_disable_all_campaigns":false,"inline_featured_image":false,"_mi_skip_tracking":false,"_monsterinsights_sitenote_active":false,"_monsterinsights_sitenote_note":"","_monsterinsights_sitenote_category":0},"product_brand":[],"product_cat":[267,554,555],"product_tag":[135147],"class_list":{"0":"post-41805","1":"product","2":"type-product","3":"status-publish","4":"has-post-thumbnail","6":"product_cat-headlights","7":"product_cat-fog-lights-automotive-lighting","8":"product_cat-off-road-lights","9":"product_tag-warehouse-location-united-states","10":"product_shipping_class-us-stock-flat","12":"first","13":"instock","14":"sale","15":"featured","16":"shipping-taxable","17":"purchasable","18":"product-type-simple"},"acf":[],"aioseo_notices":[],"_links":{"self":[{"href":"https:\/\/siemid.com\/fr\/wp-json\/wp\/v2\/product\/41805","targetHints":{"allow":["GET"]}}],"collection":[{"href":"https:\/\/siemid.com\/fr\/wp-json\/wp\/v2\/product"}],"about":[{"href":"https:\/\/siemid.com\/fr\/wp-json\/wp\/v2\/types\/product"}],"replies":[{"embeddable":true,"href":"https:\/\/siemid.com\/fr\/wp-json\/wp\/v2\/comments?post=41805"}],"wp:featuredmedia":[{"embeddable":true,"href":"https:\/\/siemid.com\/fr\/wp-json\/wp\/v2\/media\/41839"}],"wp:attachment":[{"href":"https:\/\/siemid.com\/fr\/wp-json\/wp\/v2\/media?parent=41805"}],"wp:term":[{"taxonomy":"product_brand","embeddable":true,"href":"https:\/\/siemid.com\/fr\/wp-json\/wp\/v2\/product_brand?post=41805"},{"taxonomy":"product_cat","embeddable":true,"href":"https:\/\/siemid.com\/fr\/wp-json\/wp\/v2\/product_cat?post=41805"},{"taxonomy":"product_tag","embeddable":true,"href":"https:\/\/siemid.com\/fr\/wp-json\/wp\/v2\/product_tag?post=41805"}],"curies":[{"name":"wp","href":"https:\/\/api.w.org\/{rel}","templated":true}]}}