{"id":41808,"date":"2024-01-11T14:21:47","date_gmt":"2024-01-11T14:21:47","guid":{"rendered":"https:\/\/siemid.com\/?post_type=product&#038;p=41808"},"modified":"2025-10-09T17:39:19","modified_gmt":"2025-10-09T17:39:19","slug":"new-generation-led-fog-lights-lamp-retrofit-and-upgraded-for-citroen-c3-c4-c5-c6-c-crosser-xsara-picasso-2004-2005-2006-2007-2008-2009-2010-2011-2012-2013-2014-2015","status":"publish","type":"product","link":"https:\/\/siemid.com\/fr\/produit\/new-generation-led-fog-lights-lamp-retrofit-and-upgraded-for-citroen-c3-c4-c5-c6-c-crosser-xsara-picasso-2004-2005-2006-2007-2008-2009-2010-2011-2012-2013-2014-2015\/","title":{"rendered":"Nouvelle G\u00e9n\u00e9ration de Phares antibrouillard \u00e0 Led Retrofit et upgraded pour Citro\u00ebn C3 C4 C5 C6 C-Crosser Xsara Picasso 2004 2005 2006 2007 2008 2009 2010 2011 2012 2013 2014 2015"},"content":{"rendered":"<h2 class=\"default\">Description du produit<\/h2>\n<div id=\"productDescription\" class=\"a-section a-spacing-small\">\n<p>Kit de mise \u00e0 niveau des feux antibrouillard \u00e0 LED de nouvelle g\u00e9n\u00e9ration Cet article est destin\u00e9 \u00e0 remplacer les feux antibrouillard pr\u00e9install\u00e9s. Il s'agit des nouveaux feux antibrouillard \u00e0 LED qui remplacent les feux halog\u00e8nes d'origine ! L'angle d'\u00e9clairage est tr\u00e8s large (130 degr\u00e9s \u00e0 gauche et \u00e0 droite), et la ligne de coupure est claire et nette.Approbation ECE F3 SAE DOT. Votre v\u00e9hicule DOIT \u00eatre \u00e9quip\u00e9 de feux antibrouillard halog\u00e8nes. Ce kit est id\u00e9al pour une mise \u00e0 niveau par LED, en particulier pour noircir votre v\u00e9hicule. Vous recevez les deux phares antibrouillard. Si vous souhaitez am\u00e9liorer l'apparence de votre v\u00e9hicule ou si vous souhaitez plus de clart\u00e9 lorsque vous conduisez, quelles que soient les conditions m\u00e9t\u00e9orologiques, ce kit peut vous aider dans les deux situations. Cela am\u00e9liorera la visibilit\u00e9 pendant la nuit, le brouillard dense, les fortes pluies et la neige.<br \/>\n<strong>Les caract\u00e9ristiques comprennent<\/strong><br \/>\n.Come Complet<br \/>\no Ampoules LED haute puissance.<br \/>\no Angle de couverture tr\u00e8s large.<br \/>\no R\u00e9utiliser le mat\u00e9riel existant.<br \/>\no Instructions compl\u00e8tes incluses.<br \/>\n<strong>REMPLACE LES FEUX ANTIBROUILLARD HALOG\u00c8NES D'ORIGINE NUM\u00c9ROS<\/strong><br \/>\n1209177<br \/>\n1209077<br \/>\n620662<br \/>\n4709052<br \/>\n8321A097<br \/>\n5001874722<br \/>\n26155-00Q0A<br \/>\n35500-63J00<br \/>\n35500-63J03<br \/>\n088358<br \/>\n26150-VD300<br \/>\n26150-EB500<br \/>\n35500-63J02<br \/>\n6710027<br \/>\n8200074008<br \/>\nC2S1740<br \/>\n<strong>CONVIENT :<\/strong><br \/>\nCitro\u00ebn C4 I (LC_) 2004-2010<br \/>\nCitro\u00ebn C4 Saloon 2006-2012<br \/>\nCitroen C3 FC_ Hatchback 2005-2010<br \/>\nCitroen C4 Hatchback LC_ 2004-2010<br \/>\nCitroen C4 Coupe LA_ 2004-2010<br \/>\nCitroen C4 Grand Picasso UA_ MPV 2006-2012<br \/>\nCitroen C4 Picasso UD_ MPV 2007-2015<br \/>\nCitroen C5 Break Estate RE_ 2004-2015<br \/>\nCitro\u00ebn C5 Hatchback RC_ 2004-2015<br \/>\nCitroen C6 TD_ Saloon 2005-2015<br \/>\nCitroen C-Crosser ENTERPRISE Box 2009-2013<br \/>\nCitroen C-Crosser (EP_) V\u00e9hicule tout-terrain ferm\u00e9 2007-2013<br \/>\nCitroen Xsara Picasso MPV N68 1999-2015<\/p>\n<\/div>","protected":false},"excerpt":{"rendered":"<h1 class=\"a-size-base-plus a-text-bold\">A propos de cet article<\/h1>\n<ul class=\"a-unordered-list a-vertical a-spacing-mini\">\n<li class=\"a-spacing-mini\"><span class=\"a-list-item\">L'utilisation de la lentille LED la plus avanc\u00e9e - lentille \u00e0 point focal. Contrairement au verre traditionnel, la lentille \u00e0 point focal utilise un processus de moulage par injection de plastique, de sorte que la surface courbe complexe calcul\u00e9e par l'ordinateur peut \u00eatre form\u00e9e. La lentille \u00e0 point focal utilise une conception hyperbolo\u00efde, qui a une efficacit\u00e9 optique plus \u00e9lev\u00e9e et un type de lumi\u00e8re plus large, de sorte que ce type de lentille peut r\u00e9aliser la fonction de feu antibrouillard et la fonction d'\u00e9clairage auxiliaire de la courbe en m\u00eame temps.<\/span><\/li>\n<li class=\"a-spacing-mini\"><span class=\"a-list-item\">Ce feu antibrouillard est compatible avec les trous de montage des feux antibrouillard des voitures Citro\u00ebn et l'interface des ampoules halog\u00e8nes (H11 H9 H8) sur le march\u00e9, et il a une grande polyvalence et est tr\u00e8s pratique pour les mises \u00e0 niveau et les modifications.<\/span><\/li>\n<li class=\"a-spacing-mini\"><span class=\"a-list-item\">Siemid Autolights - Concentration sur la recherche, le d\u00e9veloppement et la fabrication de lampes automobiles. L'essence de l'industrie, la tendance de l'industrie ! Nous nous engageons \u00e0 fabriquer des produits s\u00fbrs et satisfaisants pour les consommateurs. Nous vous invitons \u00e0 choisir.<\/span><\/li>\n<li class=\"a-spacing-mini\"><span class=\"a-list-item\">Haute qualit\u00e9, garantie de 6 mois.<\/span><\/li>\n<li class=\"a-spacing-mini\"><span class=\"a-list-item\">Emballage : deux paquets<\/span><\/li>\n<\/ul>","protected":false},"featured_media":40472,"comment_status":"open","ping_status":"closed","template":"","meta":{"_acf_changed":false,"om_disable_all_campaigns":false,"inline_featured_image":false,"_mi_skip_tracking":false,"_monsterinsights_sitenote_active":false,"_monsterinsights_sitenote_note":"","_monsterinsights_sitenote_category":0},"product_brand":[],"product_cat":[554],"product_tag":[135147],"class_list":{"0":"post-41808","1":"product","2":"type-product","3":"status-publish","4":"has-post-thumbnail","6":"product_cat-fog-lights-automotive-lighting","7":"product_tag-warehouse-location-united-states","8":"product_shipping_class-us-stock-flat","10":"first","11":"instock","12":"sale","13":"featured","14":"shipping-taxable","15":"purchasable","16":"product-type-simple"},"acf":[],"aioseo_notices":[],"_links":{"self":[{"href":"https:\/\/siemid.com\/fr\/wp-json\/wp\/v2\/product\/41808","targetHints":{"allow":["GET"]}}],"collection":[{"href":"https:\/\/siemid.com\/fr\/wp-json\/wp\/v2\/product"}],"about":[{"href":"https:\/\/siemid.com\/fr\/wp-json\/wp\/v2\/types\/product"}],"replies":[{"embeddable":true,"href":"https:\/\/siemid.com\/fr\/wp-json\/wp\/v2\/comments?post=41808"}],"wp:featuredmedia":[{"embeddable":true,"href":"https:\/\/siemid.com\/fr\/wp-json\/wp\/v2\/media\/40472"}],"wp:attachment":[{"href":"https:\/\/siemid.com\/fr\/wp-json\/wp\/v2\/media?parent=41808"}],"wp:term":[{"taxonomy":"product_brand","embeddable":true,"href":"https:\/\/siemid.com\/fr\/wp-json\/wp\/v2\/product_brand?post=41808"},{"taxonomy":"product_cat","embeddable":true,"href":"https:\/\/siemid.com\/fr\/wp-json\/wp\/v2\/product_cat?post=41808"},{"taxonomy":"product_tag","embeddable":true,"href":"https:\/\/siemid.com\/fr\/wp-json\/wp\/v2\/product_tag?post=41808"}],"curies":[{"name":"wp","href":"https:\/\/api.w.org\/{rel}","templated":true}]}}