{"id":41823,"date":"2024-01-16T13:52:19","date_gmt":"2024-01-16T13:52:19","guid":{"rendered":"https:\/\/siemid.com\/?post_type=product&#038;p=41823"},"modified":"2025-10-09T17:35:40","modified_gmt":"2025-10-09T17:35:40","slug":"2-pcs-high-quality-led-fog-lights-assemblies-for-toyota-corolla-innova-highlander-chr-c-hr-prius-hilux-revo-2019-2020-2021-2022-2023-hatchback-cross","status":"publish","type":"product","link":"https:\/\/siemid.com\/fr\/produit\/2-pcs-high-quality-led-fog-lights-assemblies-for-toyota-corolla-innova-highlander-chr-c-hr-prius-hilux-revo-2019-2020-2021-2022-2023-hatchback-cross\/","title":{"rendered":"2 Pcs Ensemble de Phares antibrouillard \u00e0 Led de haute qualit\u00e9 pour Toyota Corolla Innova Highlander CHR C-HR Prius Hilux Revo 2019 2020 2021 2022 2023 Hatchback Cross"},"content":{"rendered":"<h2 class=\"default\">Description du produit<\/h2>\n<div id=\"productDescription\" class=\"a-section a-spacing-small\">\n<p><strong><span class=\"a-text-bold\">Feu antibrouillard universel \u00e0 LED pour voiture Toyota c\u00f4t\u00e9 droit et gauche<\/span><\/strong><br \/>\nPhotos r\u00e9elles, garantie de haute qualit\u00e9 !<br \/>\n- Ampoule : LED-12V 5W<br \/>\n- Couleur de la lumi\u00e8re : blanc<br \/>\n- Faible Taux de d\u00e9fectuosit\u00e9<br \/>\n- 100% \u00e9tanche<br \/>\n- Remplacement direct.<strong><span class=\"a-text-bold\">(Faites attention aux fiches et assurez-vous que les connecteurs correspondent \u00e0 ceux de votre harnais).<\/span><\/strong><br \/>\n- Rend votre voiture plus belle et plus s\u00fbre<br \/>\n- Garantie de 12 mois<br \/>\n- Montage rapide et facile sans aucune modification<br \/>\n- Les ampoules LED offrent un excellent \u00e9clairage<br \/>\n- Bo\u00eetier non corrosif et lentille \u00e0 haute r\u00e9sistance aux chocs<br \/>\n- Des performances \u00e9lev\u00e9es pour les fans d'anto restyling<br \/>\n<strong><span class=\"a-text-bold\">Num\u00e9ro de r\u00e9f\u00e9rence OEM :<\/span><\/strong><br \/>\n81210-12240, 81220-12240<br \/>\n<strong><span class=\"a-text-bold\">Num\u00e9ro de r\u00e9f\u00e9rence Partslink :<\/span><\/strong><br \/>\nTO2593142, TO2592142<br \/>\n<strong><span class=\"a-text-bold\">Mod\u00e8le adapt\u00e9 :<\/span><\/strong><br \/>\nPour Toyota Corolla Hatchback 2019-2023<br \/>\nPour Toyota Corolla Cross 2021-2023<br \/>\nPour Toyota C-HR 2019- 2023<br \/>\nPour Toyota Hilux Revo 2020-2021<br \/>\nPour Toyota Hilux Revo Rocco 2020-2022<br \/>\nPour Toyota Land Cruiser S\u00e9rie 300 LC300 2021-2022<br \/>\nPour Toyota Prius 2019-2022<br \/>\n<strong><span class=\"a-text-bold\">Le paquet comprend<\/span><\/strong><br \/>\n2 x phares antibrouillard (c\u00f4t\u00e9 droit et gauche)<\/p>\n<\/div>","protected":false},"excerpt":{"rendered":"<h1 class=\"a-size-base-plus a-text-bold\">A propos de cet article<\/h1>\n<ul class=\"a-unordered-list a-vertical a-spacing-mini\">\n<li class=\"a-spacing-mini\"><span class=\"a-list-item\">Puce LED haute luminosit\u00e9, \u00e9tanch\u00e9it\u00e9 IP7, longue dur\u00e9e de vie<\/span><\/li>\n<li class=\"a-spacing-mini\"><span class=\"a-list-item\">Num\u00e9ro OEM \/ Interchange \/ PartsLink : TO1038231 \/ TO1039231, 8121012240 \/ 8122012240<\/span><\/li>\n<li class=\"a-spacing-mini\"><span class=\"a-list-item\">Plug and Play direct en cas d'utilisation comme feux antibrouillard de remplacement d'origine.<\/span><\/li>\n<li class=\"a-spacing-mini\"><span class=\"a-list-item\">Cette pi\u00e8ce automobile n'est pas livr\u00e9e avec un manuel d'installation. L'installation par un professionnel est recommand\u00e9e.<\/span><\/li>\n<\/ul>\n<ul class=\"a-unordered-list a-vertical a-spacing-mini\">\n<li class=\"a-spacing-mini\"><span class=\"a-list-item\">Siemid Autolights - Concentration sur la recherche, le d\u00e9veloppement et la fabrication de lampes automobiles. L'essence de l'industrie, la tendance de l'industrie ! Nous nous engageons \u00e0 fabriquer des produits s\u00fbrs et satisfaisants pour les consommateurs. Nous vous invitons \u00e0 choisir.<\/span><\/li>\n<li class=\"a-spacing-mini\"><span class=\"a-list-item\">Haute qualit\u00e9, garantie de 6 mois.<\/span><\/li>\n<li class=\"a-spacing-mini\"><span class=\"a-list-item\">Emballage : deux paquets<\/span><\/li>\n<\/ul>","protected":false},"featured_media":41837,"comment_status":"open","ping_status":"closed","template":"","meta":{"_acf_changed":false,"om_disable_all_campaigns":false,"inline_featured_image":false,"_mi_skip_tracking":false,"_monsterinsights_sitenote_active":false,"_monsterinsights_sitenote_note":"","_monsterinsights_sitenote_category":0},"product_brand":[],"product_cat":[554],"product_tag":[135147],"class_list":{"0":"post-41823","1":"product","2":"type-product","3":"status-publish","4":"has-post-thumbnail","6":"product_cat-fog-lights-automotive-lighting","7":"product_tag-warehouse-location-united-states","8":"product_shipping_class-us-stock-flat","9":"pa_compatibility-2019-toyota-c-hr","10":"pa_compatibility-2019-toyota-corolla","11":"pa_compatibility-2019-toyota-prius","12":"pa_compatibility-2020-toyota-hilux","13":"pa_compatibility-2021-toyota-land-cruiser","15":"first","16":"instock","17":"sale","18":"featured","19":"shipping-taxable","20":"purchasable","21":"product-type-variable"},"acf":[],"aioseo_notices":[],"_links":{"self":[{"href":"https:\/\/siemid.com\/fr\/wp-json\/wp\/v2\/product\/41823","targetHints":{"allow":["GET"]}}],"collection":[{"href":"https:\/\/siemid.com\/fr\/wp-json\/wp\/v2\/product"}],"about":[{"href":"https:\/\/siemid.com\/fr\/wp-json\/wp\/v2\/types\/product"}],"replies":[{"embeddable":true,"href":"https:\/\/siemid.com\/fr\/wp-json\/wp\/v2\/comments?post=41823"}],"wp:featuredmedia":[{"embeddable":true,"href":"https:\/\/siemid.com\/fr\/wp-json\/wp\/v2\/media\/41837"}],"wp:attachment":[{"href":"https:\/\/siemid.com\/fr\/wp-json\/wp\/v2\/media?parent=41823"}],"wp:term":[{"taxonomy":"product_brand","embeddable":true,"href":"https:\/\/siemid.com\/fr\/wp-json\/wp\/v2\/product_brand?post=41823"},{"taxonomy":"product_cat","embeddable":true,"href":"https:\/\/siemid.com\/fr\/wp-json\/wp\/v2\/product_cat?post=41823"},{"taxonomy":"product_tag","embeddable":true,"href":"https:\/\/siemid.com\/fr\/wp-json\/wp\/v2\/product_tag?post=41823"}],"curies":[{"name":"wp","href":"https:\/\/api.w.org\/{rel}","templated":true}]}}