{"id":41871,"date":"2024-01-18T14:29:28","date_gmt":"2024-01-18T14:29:28","guid":{"rendered":"https:\/\/siemid.com\/?post_type=product&#038;p=41871"},"modified":"2026-01-31T18:25:45","modified_gmt":"2026-01-31T18:25:45","slug":"fog-lights-for-bmw-5-series-lci-f07-f10-f11-f18-gt-touring-hybird-520i-525li-528i-530i-535le-535li-550i-2013-2014-2015-2016-driver-side-passenger-side-63177311293-63177311294","status":"publish","type":"product","link":"https:\/\/siemid.com\/fr\/produit\/fog-lights-for-bmw-5-series-lci-f07-f10-f11-f18-gt-touring-hybird-520i-525li-528i-530i-535le-535li-550i-2013-2014-2015-2016-driver-side-passenger-side-63177311293-63177311294\/","title":{"rendered":"Phares antibrouillard pour BMW 5 Series LCI F07 F10 F11 F18 GT Touring Hybird 520i 525li 528i 530i 535Le 535Li 550i 2013 2014 2015 2016 C\u00f4t\u00e9 conducteur C\u00f4t\u00e9 passager 63177311293 63177311294"},"content":{"rendered":"<p>2014-2016 BMW S\u00e9rie 5 F10 528i\/535i\/550i Phares antibrouillard conducteur et passager<br \/>\n100% Neuf<br \/>\nApprouv\u00e9 par DOT et SAE, avec le m\u00eame ajustement et la m\u00eame qualit\u00e9 que l'OEM.<br \/>\nL'angle d'\u00e9clairage est tr\u00e8s large (120 degr\u00e9s \u00e0 gauche et \u00e0 droite) et la ligne de coupure est claire et nette.<br \/>\nRemplacement OEM Convient \u00e0 OEM # : 63177311293, 63177311294 \/ Partslink # : BM2592152, BM2593152<br \/>\nAvant d'acheter, veuillez comparer le num\u00e9ro OEM ou Partslink pour voir s'il est identique au num\u00e9ro de pi\u00e8ce que vous avez. Cela vous permettra de vous assurer que le produit 100% est bien adapt\u00e9.<br \/>\nNotes : Pour les pi\u00e8ces de rechange, veuillez v\u00e9rifier la correspondance entre OEM# ou Partslink# dans la description avant d'acheter. Si la pi\u00e8ce ne correspond pas exactement, elle ne conviendra pas !<\/p>","protected":false},"excerpt":{"rendered":"<h1 class=\"a-size-base-plus a-text-bold\">A propos de cet article<\/h1>\n<ul class=\"a-unordered-list a-vertical a-spacing-mini\">\n<li class=\"a-spacing-mini\"><span class=\"a-list-item\">100% Neuf .DOT &amp;AMP ; SAE Approved<\/span><\/li>\n<li class=\"a-spacing-mini\"><span class=\"a-list-item\">M\u00eame adaptation et qualit\u00e9 que l'OEM<\/span><\/li>\n<li class=\"a-spacing-mini\"><span class=\"a-list-item\">L'angle d'\u00e9clairage est tr\u00e8s large (120 degr\u00e9s \u00e0 gauche et \u00e0 droite) et la ligne de coupure est claire et nette.<\/span><\/li>\n<\/ul>","protected":false},"featured_media":41876,"comment_status":"open","ping_status":"closed","template":"","meta":{"_acf_changed":false,"om_disable_all_campaigns":false,"inline_featured_image":false,"_mi_skip_tracking":false,"_monsterinsights_sitenote_active":false,"_monsterinsights_sitenote_note":"","_monsterinsights_sitenote_category":0},"product_brand":[],"product_cat":[554],"product_tag":[135147],"class_list":{"0":"post-41871","1":"product","2":"type-product","3":"status-publish","4":"has-post-thumbnail","6":"product_cat-fog-lights-automotive-lighting","7":"product_tag-warehouse-location-united-states","8":"product_shipping_class-us-stock-flat","9":"pa_compatibility-2014-bmw-520i","10":"pa_compatibility-2014-bmw-528i","11":"pa_compatibility-2014-bmw-528i-xdrive","12":"pa_compatibility-2014-bmw-535d","13":"pa_compatibility-2014-bmw-535d-xdrive","14":"pa_compatibility-2014-bmw-535i","15":"pa_compatibility-2014-bmw-535i-gt","16":"pa_compatibility-2014-bmw-535i-gt-xdrive","17":"pa_compatibility-2014-bmw-535i-xdrive","18":"pa_compatibility-2014-bmw-550i","19":"pa_compatibility-2014-bmw-550i-gt","20":"pa_compatibility-2014-bmw-550i-gt-xdrive","21":"pa_compatibility-2014-bmw-550i-xdrive","23":"first","24":"instock","25":"sale","26":"featured","27":"shipping-taxable","28":"purchasable","29":"product-type-variable"},"acf":[],"aioseo_notices":[],"_links":{"self":[{"href":"https:\/\/siemid.com\/fr\/wp-json\/wp\/v2\/product\/41871","targetHints":{"allow":["GET"]}}],"collection":[{"href":"https:\/\/siemid.com\/fr\/wp-json\/wp\/v2\/product"}],"about":[{"href":"https:\/\/siemid.com\/fr\/wp-json\/wp\/v2\/types\/product"}],"replies":[{"embeddable":true,"href":"https:\/\/siemid.com\/fr\/wp-json\/wp\/v2\/comments?post=41871"}],"wp:featuredmedia":[{"embeddable":true,"href":"https:\/\/siemid.com\/fr\/wp-json\/wp\/v2\/media\/41876"}],"wp:attachment":[{"href":"https:\/\/siemid.com\/fr\/wp-json\/wp\/v2\/media?parent=41871"}],"wp:term":[{"taxonomy":"product_brand","embeddable":true,"href":"https:\/\/siemid.com\/fr\/wp-json\/wp\/v2\/product_brand?post=41871"},{"taxonomy":"product_cat","embeddable":true,"href":"https:\/\/siemid.com\/fr\/wp-json\/wp\/v2\/product_cat?post=41871"},{"taxonomy":"product_tag","embeddable":true,"href":"https:\/\/siemid.com\/fr\/wp-json\/wp\/v2\/product_tag?post=41871"}],"curies":[{"name":"wp","href":"https:\/\/api.w.org\/{rel}","templated":true}]}}