{"id":41883,"date":"2024-01-18T15:31:25","date_gmt":"2024-01-18T15:31:25","guid":{"rendered":"https:\/\/siemid.com\/?post_type=product&#038;p=41883"},"modified":"2025-10-09T17:38:38","modified_gmt":"2025-10-09T17:38:38","slug":"led-fog-lamp-fits-2015-2016-2017-ford-mustang-fr3z-15200-a-light-with-wide-angle-and-sharp-cut-off-line-fr3z-15200-a-fo2592234","status":"publish","type":"product","link":"https:\/\/siemid.com\/fr\/produit\/led-fog-lamp-fits-2015-2016-2017-ford-mustang-fr3z-15200-a-light-with-wide-angle-and-sharp-cut-off-line-fr3z-15200-a-fo2592234\/","title":{"rendered":"Lampe antibrouillard \u00e0 LED pour Ford Mustang 2015 2016 2017 FR3Z-15200-A Lampe \u00e0 grand angle et ligne de coupe nette FR3Z-15200-A FO2592234"},"content":{"rendered":"<h2 class=\"default\">Description du produit<\/h2>\n<div id=\"productDescription_expander\" class=\"a-expander-collapsed-height a-row a-expander-container a-spacing-base a-expander-partial-collapse-container celwidget\" data-a-expander-name=\"productDescription_expander_m\" data-a-expander-collapsed-height=\"200\" data-csa-c-id=\"xobmj-m1o84s-7vljkv-8htzdw\" data-cel-widget=\"productDescription_expander\">\n<div class=\"a-expander-content a-expander-partial-collapse-content a-expander-content-expanded\" aria-expanded=\"true\">\n<div id=\"productDescription\" class=\"a-section a-spacing-small\">\n<p>NOUVELLE PAIRE DE PHARES ANTIBROUILLARD POUR FORD MUSTANG 2015 2016 2017<br \/>\nFR3Z-15200-A FO2592234<br \/>\nRemplace les num\u00e9ros de pi\u00e8ces et les sp\u00e9cifications<br \/>\nFORD : FR3Z 15200 A FR3Z-15200-A FR3Z15200A<br \/>\nPARTSLINK : FO2592234<br \/>\nDESCRIPTION DU PRODUIT : PAIRE DE FEUX DE BROUILLARD<br \/>\nTYPE D'UNIT\u00c9 : FORD<br \/>\nQUANTIT\u00c9 : 2<br \/>\nPOSITION : C\u00d4T\u00c9S DROIT ET GAUCHE<br \/>\nAmpoule incluse : OUI<br \/>\nSOURCE : AFTERMARKET<br \/>\n<strong>Les caract\u00e9ristiques comprennent<\/strong><br \/>\n.Come Complet<br \/>\no Ampoules LED haute puissance.<br \/>\no Angle de couverture tr\u00e8s large (140 degr\u00e9s \u00e0 gauche et \u00e0 droite)<br \/>\no La ligne de d\u00e9marcation est claire et nette.<br \/>\no Approbation ECE F3 SAE DOT.<br \/>\no R\u00e9utiliser le mat\u00e9riel existant.<br \/>\n<strong>Vous servir avec le meilleur \u00e9clairage !<\/strong><br \/>\n<strong>Merci de votre attention !<\/strong><\/p>\n<\/div>\n<\/div>\n<\/div>","protected":false},"excerpt":{"rendered":"<h1 class=\"a-size-base-plus a-text-bold\">A propos de cet article<\/h1>\n<ul class=\"a-unordered-list a-vertical a-spacing-mini\">\n<li class=\"a-spacing-mini\"><span class=\"a-list-item\">Ampoules LED haute puissance<\/span><\/li>\n<li class=\"a-spacing-mini\"><span class=\"a-list-item\">Angle de couverture tr\u00e8s large (140 degr\u00e9s \u00e0 gauche et \u00e0 droite)<\/span><\/li>\n<li class=\"a-spacing-mini\"><span class=\"a-list-item\">La ligne de d\u00e9marcation est claire et nette<\/span><\/li>\n<li class=\"a-spacing-mini\"><span class=\"a-list-item\">Homologation ECE F3 SAE DOT<\/span><\/li>\n<li class=\"a-spacing-mini\"><span class=\"a-list-item\">Feux professionnels, v\u00e9ritables antibrouillards<\/span><\/li>\n<\/ul>","protected":false},"featured_media":40472,"comment_status":"open","ping_status":"closed","template":"","meta":{"_acf_changed":false,"om_disable_all_campaigns":false,"inline_featured_image":false,"_mi_skip_tracking":false,"_monsterinsights_sitenote_active":false,"_monsterinsights_sitenote_note":"","_monsterinsights_sitenote_category":0},"product_brand":[],"product_cat":[554],"product_tag":[135147],"class_list":{"0":"post-41883","1":"product","2":"type-product","3":"status-publish","4":"has-post-thumbnail","6":"product_cat-fog-lights-automotive-lighting","7":"product_tag-warehouse-location-united-states","8":"product_shipping_class-us-stock-flat","9":"pa_compatibility-2015-ford-mustang","11":"first","12":"instock","13":"sale","14":"featured","15":"shipping-taxable","16":"purchasable","17":"product-type-simple"},"acf":[],"aioseo_notices":[],"_links":{"self":[{"href":"https:\/\/siemid.com\/fr\/wp-json\/wp\/v2\/product\/41883","targetHints":{"allow":["GET"]}}],"collection":[{"href":"https:\/\/siemid.com\/fr\/wp-json\/wp\/v2\/product"}],"about":[{"href":"https:\/\/siemid.com\/fr\/wp-json\/wp\/v2\/types\/product"}],"replies":[{"embeddable":true,"href":"https:\/\/siemid.com\/fr\/wp-json\/wp\/v2\/comments?post=41883"}],"wp:featuredmedia":[{"embeddable":true,"href":"https:\/\/siemid.com\/fr\/wp-json\/wp\/v2\/media\/40472"}],"wp:attachment":[{"href":"https:\/\/siemid.com\/fr\/wp-json\/wp\/v2\/media?parent=41883"}],"wp:term":[{"taxonomy":"product_brand","embeddable":true,"href":"https:\/\/siemid.com\/fr\/wp-json\/wp\/v2\/product_brand?post=41883"},{"taxonomy":"product_cat","embeddable":true,"href":"https:\/\/siemid.com\/fr\/wp-json\/wp\/v2\/product_cat?post=41883"},{"taxonomy":"product_tag","embeddable":true,"href":"https:\/\/siemid.com\/fr\/wp-json\/wp\/v2\/product_tag?post=41883"}],"curies":[{"name":"wp","href":"https:\/\/api.w.org\/{rel}","templated":true}]}}