{"id":41903,"date":"2024-02-29T03:26:53","date_gmt":"2024-02-29T03:26:53","guid":{"rendered":"https:\/\/siemid.com\/?post_type=product&#038;p=41903"},"modified":"2026-04-17T08:04:55","modified_gmt":"2026-04-17T08:04:55","slug":"1-pcs-h11-fog-lights-for-infiniti-ex35-fx35-fx45-fx50-g37-g25-m37-m56-m35h-qx56","status":"publish","type":"product","link":"https:\/\/siemid.com\/fr\/produit\/1-pcs-h11-fog-lights-for-infiniti-ex35-fx35-fx45-fx50-g37-g25-m37-m56-m35h-qx56\/","title":{"rendered":"1 pcs H11 Phares antibrouillard pour Infiniti EX35 FX35 FX45 FX50 G37 G25 M37 M56 M35h QX56"},"content":{"rendered":"<h2><b>Description du produit<\/b><b><\/b><\/h2>\n<p class=\"p\">Condition : 100% Neuf<br \/>\nLe paquet comprend :<br \/>\nUn feu de brouillard PCS<br \/>\n(L'ampoule H11 est incluse)<br \/>\nTaille (comme sur l'image) : Diam\u00e8tre : 3 1\/2\u2033 (9cm)\/ Hauteur : 2 3\/4\u2033 (7cm)<br \/>\nCouleur : Bo\u00eetier noir + lentille transparente<br \/>\nCouleur de la lumi\u00e8re : Blanc froid<br \/>\nType d'ampoule : H11<br \/>\nPuissance : 55W<br \/>\nR\u00e9f\u00e9rence Fabricant : 261508993B \/ NI2590103\/ 261508992B\/ 261508999B\/ 261508990B\/ 26150-8990B<br \/>\nMat\u00e9riau : Bo\u00eetier ABS + lentille en verre v\u00e9ritable<br \/>\nPoids : 440g<\/p>\n<p>Fonctionnalit\u00e9 :<br \/>\nFabriqu\u00e9 en ABS de haute qualit\u00e9 et durable<br \/>\nLes lentilles transparentes sont fabriqu\u00e9es en verre v\u00e9ritable.<br \/>\nLivr\u00e9 avec des ampoules H11<br \/>\nMeilleure visibilit\u00e9. Assurer la s\u00e9curit\u00e9 du conducteur par temps brumeux, pluvieux, poussi\u00e9reux ou neigeux.<br \/>\nRemplacement direct sans modification. Ajustement parfait, installation facile<\/p>\n<p class=\"p\">Adaptation :<\/p>\n<p><span class=\"a-text-bold\">\u00a0 \u00a0 \u00a0 \u00a0\u00a0<\/span>\u00a02008-2012 Infiniti EX35<\/p>\n<p><span class=\"a-text-bold\">\u00a0 \u00a0 \u00a0 \u00a0 \u00a02006-2012 Infiniti FX35<\/span><\/p>\n<p><span class=\"a-text-bold\">\u00a0 \u00a0 \u00a0 \u00a0 \u00a02006-2008 Infiniti FX45<\/span><\/p>\n<p><span class=\"a-text-bold\">\u00a0 \u00a0 \u00a0 \u00a0 \u00a02009-2013 Infiniti FX50<\/span><\/p>\n<p><span class=\"a-text-bold\">\u00a0 \u00a0 \u00a0 \u00a0 \u00a0Infiniti G37 2010-2013<\/span><\/p>\n<p><span class=\"a-text-bold\">\u00a0 \u00a0 \u00a0 \u00a0 \u00a0Infiniti G25 2011-2012<\/span><\/p>\n<p><span class=\"a-text-bold\">\u00a0 \u00a0 \u00a0 \u00a0 \u00a02011-2013 Infiniti M37\/M56<\/span><\/p>\n<p><span class=\"a-text-bold\">\u00a0 \u00a0 \u00a0 \u00a0 \u00a02012 Infiniti M35h(Date de production jusqu'\u00e0 ao\u00fbt 2011)<\/span><\/p>\n<p><span class=\"a-text-bold\">\u00a0 \u00a0 \u00a0 \u00a0 \u00a02011-2012 Infiniti QX56(Date de production jusqu'\u00e0 Octobre 2011)<\/span><\/p>\n<p><span class=\"a-text-bold\">\u00a0 \u00a0 \u00a0 \u00a0 \u00a02010-2013 Infiniti G37 Berline<\/span><\/p>\n<p><span class=\"a-text-bold\">\u00a0 \u00a0 \u00a0 \u00a0 \u00a02009-2014 Nissan Cube\/Murano<\/span><\/p>\n<p><span class=\"a-text-bold\">\u00a0 \u00a0 \u00a0 \u00a0 \u00a02011-2014\u00a0<\/span>Nissan Juke\/Quest<\/p>\n<p><span class=\"a-text-bold\">\u00a0 \u00a0 \u00a0 \u00a0 \u00a02007-2012\u00a0<\/span>Nissan Versa<\/p>\n<p><span class=\"a-text-bold\">\u00a0 \u00a0 \u00a0 \u00a0 \u00a02011-2013\u00a0<\/span>Nissan Rouge<\/p>\n<p><span class=\"a-text-bold\">\u00a0 \u00a0 \u00a0 \u00a0 \u00a02014-2015 <\/span>Nissan Rogue Select<\/p>","protected":false},"excerpt":{"rendered":"<p><strong>\u00c9tat :<\/strong> 100% Neuf<br \/>\n<strong>Le paquet comprend :<\/strong>Un feu antibrouillard (ampoule H11 incluse)<br \/>\nTaille (comme sur la photo) : <strong>Diam\u00e8tre :<\/strong> 3 1\/2\u2033 (9cm)\/ Hauteur : 2 3\/4\u2033 (7cm)<br \/>\n<strong>Couleur :<\/strong> Bo\u00eetier noir + lentille transparente<br \/>\n<strong>Couleur claire :<\/strong> Blanc froid<br \/>\n<strong>Type d'ampoule :<\/strong> H11<br \/>\n<strong>Puissance :<\/strong> 55W<br \/>\n<strong>Num\u00e9ro de r\u00e9f\u00e9rence :<\/strong> 261508993B \/ NI2590103\/ 261508992B\/ 261508999B\/ 261508990B\/ 26150-8990B<br \/>\n<strong>Mat\u00e9riau :<\/strong> Bo\u00eetier ABS + lentille en verre v\u00e9ritable<br \/>\n<strong>Poids :<\/strong> 440g<\/p>","protected":false},"featured_media":41904,"comment_status":"open","ping_status":"closed","template":"","meta":{"_acf_changed":false,"om_disable_all_campaigns":false,"inline_featured_image":false,"_mi_skip_tracking":false,"_monsterinsights_sitenote_active":false,"_monsterinsights_sitenote_note":"","_monsterinsights_sitenote_category":0},"product_brand":[],"product_cat":[554],"product_tag":[135147],"class_list":{"0":"post-41903","1":"product","2":"type-product","3":"status-publish","4":"has-post-thumbnail","6":"product_cat-fog-lights-automotive-lighting","7":"product_tag-warehouse-location-united-states","8":"product_shipping_class-us-stock-flat","9":"pa_compatibility-2015-ford-mustang","11":"first","12":"instock","13":"sale","14":"featured","15":"shipping-taxable","16":"purchasable","17":"product-type-simple"},"acf":[],"aioseo_notices":[],"_links":{"self":[{"href":"https:\/\/siemid.com\/fr\/wp-json\/wp\/v2\/product\/41903","targetHints":{"allow":["GET"]}}],"collection":[{"href":"https:\/\/siemid.com\/fr\/wp-json\/wp\/v2\/product"}],"about":[{"href":"https:\/\/siemid.com\/fr\/wp-json\/wp\/v2\/types\/product"}],"replies":[{"embeddable":true,"href":"https:\/\/siemid.com\/fr\/wp-json\/wp\/v2\/comments?post=41903"}],"wp:featuredmedia":[{"embeddable":true,"href":"https:\/\/siemid.com\/fr\/wp-json\/wp\/v2\/media\/41904"}],"wp:attachment":[{"href":"https:\/\/siemid.com\/fr\/wp-json\/wp\/v2\/media?parent=41903"}],"wp:term":[{"taxonomy":"product_brand","embeddable":true,"href":"https:\/\/siemid.com\/fr\/wp-json\/wp\/v2\/product_brand?post=41903"},{"taxonomy":"product_cat","embeddable":true,"href":"https:\/\/siemid.com\/fr\/wp-json\/wp\/v2\/product_cat?post=41903"},{"taxonomy":"product_tag","embeddable":true,"href":"https:\/\/siemid.com\/fr\/wp-json\/wp\/v2\/product_tag?post=41903"}],"curies":[{"name":"wp","href":"https:\/\/api.w.org\/{rel}","templated":true}]}}