{"id":3,"date":"2023-03-21T10:22:09","date_gmt":"2023-03-21T10:22:09","guid":{"rendered":"http:\/\/siemid.com\/?page_id=3"},"modified":"2023-05-07T08:05:11","modified_gmt":"2023-05-07T08:05:11","slug":"privacy-policy","status":"publish","type":"page","link":"https:\/\/siemid.com\/it\/privacy-policy\/","title":{"rendered":"Informativa sulla privacy"},"content":{"rendered":"<div data-elementor-type=\"wp-page\" data-elementor-id=\"3\" class=\"elementor elementor-3\" data-elementor-post-type=\"page\">\n\t\t\t\t\t\t\t\t\t<section class=\"elementor-section elementor-top-section elementor-element elementor-element-a1e3762 elementor-section-boxed elementor-section-height-default elementor-section-height-default\" data-id=\"a1e3762\" data-element_type=\"section\">\n\t\t\t\t\t\t<div class=\"elementor-container elementor-column-gap-default\">\n\t\t\t\t\t<div class=\"elementor-column elementor-col-100 elementor-top-column elementor-element elementor-element-9c02014\" data-id=\"9c02014\" data-element_type=\"column\">\n\t\t\t<div class=\"elementor-widget-wrap elementor-element-populated\">\n\t\t\t\t\t\t\t\t<div class=\"elementor-element elementor-element-27fd2f3 elementor-widget elementor-widget-html\" data-id=\"27fd2f3\" data-element_type=\"widget\" data-widget_type=\"html.default\">\n\t\t\t\t<div class=\"elementor-widget-container\">\n\t\t\t<div class=\"wrap\">\r\n\t\t\t<script>APP.loadAsyncStyle('\/css\/static-pages.css?v=54995e18');<\/script><script>\r\n    APP.moduleLoader.add('help-center');\r\n<\/script>\r\n\r\n<div class=\"help-center-row _clear-modern\">\r\n\r\n    <div class=\"help-center-innerpage -aside-left\"><div class=\"help-center-aside-navigation-title aside_minus aside_plus\">I miei ordini<\/div><div class=\"js-aside-block aside-block aside-filter-block -collapsed\"><ul class=\"aside-navigation\"><li><a class=\"aside-navigation-link\" href=\"\/it\/my-account\/order-status\/\">Rintracciare il mio ordine<\/a><\/li><li><a class=\"aside-navigation-link\" href=\"\/it\/help-center\/edit-order.html\/\">Modifica dell'ordine<\/a><\/li><li><a class=\"aside-navigation-link\" href=\"\/it\/help-center\/cancel-order.html\/\">Annullamento dell'ordine<\/a><\/li><li><a class=\"aside-navigation-link\" href=\"\/it\/help-center\/address-change.html\/\">Cambiamento di indirizzo<\/a><\/li><li><a class=\"aside-navigation-link\" href=\"\/it\/help-center\/signature-release.html\/\">Rilascio della firma di consegna<\/a><\/li><\/ul><\/div><div class=\"help-center-aside-navigation-title aside_minus aside_plus\">Restituzione facile<\/div><div class=\"js-aside-block aside-block aside-filter-block -collapsed\"><ul class=\"aside-navigation\"><li><a class=\"aside-navigation-link\" href=\"\/it\/help-center\/product-exchange.html\/\">Scambio di articoli<\/a><\/li><li><a class=\"aside-navigation-link\" href=\"\/it\/help-center\/product-return.html\/\">Articoli da restituire<\/a><\/li><li><a class=\"aside-navigation-link\" href=\"\/it\/help-center\/warranty-claim.html\/\">Richiesta di garanzia<\/a><\/li><li><a class=\"aside-navigation-link\" href=\"\/it\/help-center\/checking-on-status.html\/\">Stato del rientro<\/a><\/li><li><a class=\"aside-navigation-link\" href=\"\/it\/help-center\/core-deposit-detailed-instructions.html\/\">Rendimenti dei depositi core<\/a><\/li><\/ul><\/div><div class=\"help-center-aside-navigation-title aside_minus aside_plus\">Complicazioni<\/div><div class=\"js-aside-block aside-block aside-filter-block -collapsed\"><ul class=\"aside-navigation\"><li><a class=\"aside-navigation-link\" href=\"\/it\/help-center\/damaged-or-defective.html\/\">Pacchetto danneggiato<\/a><\/li><li><a class=\"aside-navigation-link\" href=\"\/it\/help-center\/damaged-or-defective.html\/#defect\">Prodotto difettoso<\/a><\/li><li><a class=\"aside-navigation-link\" href=\"\/it\/help-center\/technical-problem.html\/#incorrect\">Prodotto non corretto<\/a><\/li><li><a class=\"aside-navigation-link\" href=\"\/it\/help-center\/lost-package.html\/\">Pacchetto smarrito<\/a><\/li><li><a class=\"aside-navigation-link\" href=\"\/it\/help-center\/technical-problem.html\/#issue\">Problema di montaggio<\/a><\/li><li><a class=\"aside-navigation-link\" href=\"\/it\/help-center\/technical-problem.html\/\">Problema tecnico<\/a><\/li><\/ul><\/div><div class=\"help-center-aside-navigation-title aside_minus aside_plus\">Il mio account<\/div><div class=\"js-aside-block aside-block aside-filter-block -collapsed\"><ul class=\"aside-navigation\"><li><a class=\"aside-navigation-link\" href=\"https:\/\/siemid.com\/it\/my-account\/\">Accesso<\/a><\/li><li><a class=\"aside-navigation-link\" href=\"\/it\/my-account\/registration\/\">Creare un account<\/a><\/li><li><a class=\"aside-navigation-link\" href=\"\/it\/my-account\/password-restore\/\">Password dimenticata<\/a><\/li><\/ul><\/div><div class=\"help-center-aside-navigation-title aside_minus\">Altro<\/div><div class=\"js-aside-block aside-block aside-filter-block -expanded\"><ul class=\"aside-navigation\"><li><a class=\"aside-navigation-link\" href=\"\/it\/help-center\/shipping.html\/\">Informazioni sulla spedizione<\/a><\/li><li><a class=\"aside-navigation-link\" href=\"\/it\/gift-cards.html\/\">Carte regalo<\/a><\/li><li><a class=\"aside-navigation-link\" href=\"\/it\/terms-and-conditions.html\/\">Termini e condizioni<\/a><\/li><li><a class=\"aside-navigation-link -active\" href=\"\/it\/help-center\/privacy.html\/\">Dichiarazione sulla privacy<\/a><\/li><li><a class=\"aside-navigation-link\" href=\"\/it\/help-center\/checking-on-status.html\/#issue\">Controllare l'emissione in sospeso<\/a><\/li><li><a class=\"aside-navigation-link\" href=\"\/it\/help-center\/affirm.html\/\">Affermare<\/a><\/li><li><a class=\"aside-navigation-link\" href=\"\/it\/social-media-rules.html\/\">Regole dei social media<\/a><\/li><li><a class=\"aside-navigation-link\" href=\"\/it\/help-center\/installation-service.html\/\">Servizio di installazione<\/a><\/li><li><a class=\"aside-navigation-link\" href=\"\/it\/vendor-portal.html\/\">Diventa un venditore<\/a><\/li><li><a class=\"aside-navigation-link\" href=\"\/it\/wholesale.html\/\">Acquista all'ingrosso<\/a><\/li><\/ul><\/div><\/div>\r\n    <div class=\"help-center-innerpage -with-aside\">\r\n                    <div class=\"row\">\r\n                <h1 class=\"help-center-h2\">Dichiarazione sulla privacy<\/h1>\r\n                <a href=\"https:\/\/privacy.truste.com\/privacy-seal\/validation?rid=02d4c39b-18ac-4d90-9961-543a806f5f3b\" target=\"_blank\">\r\n                    <img decoding=\"async\" src=\"https:\/\/privacy-policy.truste.com\/privacy-seal\/seal?rid=02d4c39b-18ac-4d90-9961-543a806f5f3b\" alt=\"TRUSTe\">\r\n                <\/a><br><br>\r\n                <p class=\"paragraph\">Data di entrata in vigore: <b>06\/29\/2021<\/b><\/p>\r\n            <\/div>\r\n            <div class=\"row\">\r\n                <div class=\"help-center-h3\">Informazioni sul cliente<\/div>\r\n                <p class=\"paragraph\">CARiD.com apprezza la fiducia che riponete in noi e riconosce la necessit\u00e0 di un'adeguata protezione e gestione delle informazioni personali che condividete con noi. La presente informativa sulla privacy ha lo scopo di spiegare quali informazioni possiamo raccogliere, come le utilizziamo e le scelte che avete in merito all'utilizzo e alla conservazione di tali informazioni.<\/p>\r\n            <\/div>\r\n            <div class=\"row\">\r\n                <div class=\"help-center-h3\">Diritti dei consumatori sulla privacy<\/div>\r\n                <p class=\"paragraph\">In qualit\u00e0 di consumatori, avete il diritto di conoscere le categorie di informazioni personali raccolte da CARiD.com. Avete inoltre il diritto di richiedere la divulgazione delle informazioni raccolte su di voi da CARiD.com. L'utente pu\u00f2 richiedere la divulgazione delle informazioni personali che CARiD.com ha associato all'utente negli ultimi 12 mesi presentando una Richiesta verificabile del consumatore. CARiD.com adotter\u00e0 misure ragionevoli per soddisfare tale richiesta come previsto dalla legge.<\/p>\r\n            <\/div>\r\n            <div class=\"row\">\r\n                <div class=\"help-center-h3\">Raccolta di informazioni<\/div>\r\n                <p class=\"paragraph\">CARiD.com raccoglie le informazioni sui clienti per fornire il servizio, amministrare la nostra attivit\u00e0 e per scopi commerciali: completamento dell'ordine, tracciamento delle consegne, tracciamento dei resi, invio di newsletter, tracciamento delle preferenze dei consumatori e comunicazione di offerte sulla merce. Quando acquistate o ordinate un prodotto, vi iscrivete alla nostra newsletter o a un servizio da noi offerto, possiamo richiedere informazioni quali nome, indirizzo, numero di telefono, indirizzo e-mail e dati della carta di credito. Inoltre, il nostro server web raccoglie automaticamente informazioni sulla vostra visita al nostro sito, tra cui il tipo di browser, le pagine visualizzate e l'ora della visita. Queste informazioni vengono raccolte dal computer, dallo smartphone o da un altro dispositivo informatico utilizzato per visitare CARiD.com.<\/p>\r\n                <p class=\"paragraph\">Su richiesta verificabile del consumatore, CARiD.com fornir\u00e0 all'utente informazioni personali specifiche che abbiamo raccolto su di lui. \u00c8 possibile accedere, aggiornare o cancellare qualsiasi informazione personale inviata al sito web presentando una richiesta verificabile da parte del consumatore utilizzando uno dei punti di contatto elencati in fondo alla presente informativa sulla privacy. Risponderemo alla richiesta entro un termine ragionevole, non superiore a 45 giorni.<\/p>\r\n                <p class=\"paragraph\">CARiD.com raccoglie le informazioni personali, tra cui l'indirizzo, il nome, il numero di telefono e l'indirizzo e-mail degli amici dei nostri utenti, al fine di fornire ai nostri utenti un servizio di Buoni Regalo. Inviando i dati personali di un amico, l'utente fornisce a CARiD.com la possibilit\u00e0 di inviare al suo amico un'unica e-mail di consegna del buono regalo. Se gli utenti scelgono di inviare il buono regalo per posta, CARiD.com invier\u00e0 agli amici una lettera unica contenente il buono regalo. CARiD.com memorizza queste informazioni al solo scopo di inviare l'e-mail una tantum e di monitorare il successo del nostro programma di segnalazione. Il vostro amico pu\u00f2 contattarci all'indirizzo info@carid.com per richiedere la rimozione di queste informazioni dal nostro database.<\/p>\r\n            <\/div>\r\n            <div class=\"row\">\r\n                <div class=\"help-center-h3\">Tecnologie di tracciamento<\/div>\r\n                <p class=\"paragraph\">Tecnologie quali: cookie o tecnologie simili sono utilizzate da CARiD.com e dai nostri partner di marketing, affiliati, fornitori di analisi e assistenza clienti online. Queste tecnologie vengono utilizzate per analizzare le tendenze, amministrare il sito, tracciare i movimenti degli utenti all'interno del sito e raccogliere informazioni demografiche sulla nostra base di utenti nel suo complesso. Potremmo ricevere rapporti basati sull'uso di queste tecnologie da parte di queste aziende sia su base individuale che aggregata.<\/p>\r\n                <p class=\"paragraph\">Utilizziamo i cookie per il nostro carrello della spesa, per ricordare le impostazioni degli utenti (ad esempio, la lingua preferita) e per l'autenticazione. Gli utenti possono controllare l'uso dei cookie a livello di singolo browser. Se l'utente rifiuta i cookie, pu\u00f2 continuare a utilizzare il nostro sito, ma la sua capacit\u00e0 di utilizzare alcune funzioni o aree del sito potrebbe essere limitata.<\/p>\r\n                <p class=\"paragraph\">Noi e le terze parti con cui collaboriamo per fornire alcune funzionalit\u00e0 del nostro sito o per visualizzare pubblicit\u00e0 in base alla vostra attivit\u00e0 di navigazione utilizziamo LSO come l'HTML 5 per raccogliere e memorizzare informazioni. Diversi browser possono offrire i propri strumenti di gestione per rimuovere gli LSO HTML5.<\/p>\r\n            <\/div>\r\n            <div class=\"row\">\r\n                <div class=\"help-center-h3\">Analitica \/ File di log<\/div>\r\n                <p class=\"paragraph\">Come avviene per la maggior parte dei siti web, raccogliamo automaticamente alcune informazioni e le memorizziamo nei file di log. Queste informazioni includono gli indirizzi IP (Internet Protocol), il tipo di browser, il provider di servizi Internet (ISP), le pagine di riferimento\/uscita, il sistema operativo, la data\/ora e i dati clickstream. Possiamo combinare queste informazioni di registro raccolte automaticamente con altre informazioni che raccogliamo su di voi. Ci\u00f2 avviene per migliorare i servizi offerti all'utente, per migliorare il marketing, l'analisi o la funzionalit\u00e0 del sito.<\/p>\r\n            <\/div>\r\n            <div class=\"row\">\r\n                <div class=\"help-center-h3\">Targeting comportamentale \/ Re-Targeting<\/div>\r\n                <p class=\"paragraph\">Collaboriamo con una terza parte per visualizzare la pubblicit\u00e0 sul nostro sito web o per gestire la nostra pubblicit\u00e0 su altri siti. Il nostro partner terzo pu\u00f2 utilizzare tecnologie come i cookie per raccogliere informazioni sulle vostre attivit\u00e0 su questo sito e su altri siti al fine di fornirvi pubblicit\u00e0 basata sulle vostre attivit\u00e0 di navigazione e sui vostri interessi. Se desiderate che queste informazioni non vengano utilizzate allo scopo di fornirvi pubblicit\u00e0 basata sugli interessi, potete rifiutarvi cliccando su <a class=\"js-new-tab\" href=\"https:\/\/optout.aboutads.info\/\" rel=\"nofollow\">qui<\/a>. Si noti che in questo modo non si rinuncia a ricevere gli annunci. Continuerete a ricevere annunci generici.<\/p>\r\n            <\/div>\r\n            <div class=\"row\">\r\n                <div class=\"help-center-h3\">Cosa fa CARiD.com con queste informazioni?<\/div>\r\n                <p class=\"paragraph\">Le informazioni fornite vengono utilizzate per elaborare l'ordine o per fornire il servizio richiesto, ad esempio la nostra newsletter online. Possono essere utilizzate anche per confermare e tracciare il vostro ordine, per informarvi di nuovi prodotti, eventi e offerte a tempo limitato. Non vendiamo le informazioni personali raccolte a persone, entit\u00e0 o terzi. A meno che l'utente non lo autorizzi espressamente, le informazioni personali raccolte saranno utilizzate solo per amministrare i servizi, compresa la gestione del suo account e delle transazioni autorizzate. Le vostre informazioni personali non saranno vendute o fornite a persone o entit\u00e0 non autorizzate.<\/p>\r\n                <p class=\"paragraph\">Se ci avete fornito il vostro indirizzo postale, potreste ricevere periodicamente messaggi di posta elettronica su nuovi prodotti, servizi e offerte a tempo limitato. Tuttavia, \u00e8 possibile rinunciare a questi invii semplicemente contattando CARiD.com per telefono o e-mail o scrivendoci al nostro indirizzo postale.<\/p>\r\n                <p class=\"paragraph\">CARiD.com pu\u00f2 contattarvi telefonicamente in merito a un ordine da voi effettuato, a informazioni o servizi da voi richiesti. Potremmo anche contattarvi in merito a eventi imminenti, vendite o introduzione di nuovi prodotti che potrebbero interessarvi. Se non desiderate ricevere contatti telefonici da parte nostra, vi preghiamo di comunicarcelo contattandoci per telefono, e-mail o per iscritto al nostro indirizzo postale. Si prega di notare che CARiD.com non condivider\u00e0, affitter\u00e0 o vender\u00e0 il vostro numero di telefono ad altre societ\u00e0 o organizzazioni.<\/p>\r\n                <p class=\"paragraph\">In determinate situazioni, CARiD.com potrebbe essere tenuta a divulgare i dati personali in risposta a richieste legittime da parte delle autorit\u00e0 pubbliche. Ci riserviamo il diritto di divulgare le vostre informazioni di identificazione personale come richiesto dalla legge e quando riteniamo che la divulgazione sia necessaria per proteggere i nostri diritti e\/o rispettare un procedimento giudiziario, un ordine del tribunale o un procedimento legale notificato ai nostri siti web. Se CARiD.com \u00e8 coinvolto in una fusione, acquisizione o vendita di tutti o di una parte dei suoi beni, l'utente verr\u00e0 informato via e-mail e\/o con un avviso ben visibile sul nostro sito web di qualsiasi cambiamento nella propriet\u00e0 o nell'utilizzo dei suoi dati personali, nonch\u00e9 di qualsiasi scelta che possa avere in merito ai suoi dati personali.<\/p>\r\n            <\/div>\r\n            <div class=\"row\">\r\n                <div class=\"help-center-h3\">Fornitori di servizi<\/div>\r\n                <p class=\"paragraph\">Utilizziamo altre terze parti per l'elaborazione delle carte di credito, la spedizione degli ordini, il feedback dei consumatori, il controllo qualit\u00e0 e la funzione Live Chat del nostro sito. Quando acquistate un prodotto o accedete alla Live Chat, condivideremo le informazioni personali necessarie alla terza parte per fornire il servizio. A queste terze parti \u00e8 vietato utilizzare le informazioni di identificazione personale dell'utente per qualsiasi altro scopo.<\/p>\r\n            <\/div>\r\n            <div class=\"row\">\r\n                <div class=\"help-center-h3\">Email<\/div>\r\n                <p class=\"paragraph\">CARiD.com non condivide il vostro indirizzo e-mail con altre aziende o organizzazioni. Tuttavia, l'indirizzo e-mail dell'utente pu\u00f2 essere utilizzato internamente per lo svolgimento di attivit\u00e0 commerciali, tra cui la conferma degli ordini, la risposta alle domande, la fornitura della nostra newsletter come richiesto e altri servizi correlati al cliente. Potete scegliere di non ricevere pi\u00f9 notizie e informazioni via e-mail semplicemente contattandoci via e-mail, telefono o per iscritto. In tal caso, l'utente continuer\u00e0 a ricevere comunicazioni via e-mail relative a qualsiasi ordine in corso o in sospeso con noi.<\/p>\r\n                <p class=\"paragraph\">CARiD.com pu\u00f2 contenere link ad altri siti web non affiliati a CARiD.com, inclusi siti web di venditori e\/o fornitori di servizi. CARiD.com non \u00e8 responsabile delle pratiche sulla privacy o dei contenuti di questi altri siti. Vi invitiamo a prestare attenzione quando lasciate il nostro sito per leggere le dichiarazioni sulla privacy prima di fornire informazioni, in quanto potrebbero essere diverse dalle nostre.<\/p>\r\n            <\/div>\r\n            <div class=\"row\">\r\n                <div class=\"help-center-h3\">Testimonianze<\/div>\r\n                <p class=\"paragraph\">Sul nostro sito pubblichiamo le testimonianze personali dei clienti soddisfatti, oltre ad altri attestati di stima. Con il vostro consenso, possiamo pubblicare la vostra testimonianza insieme al vostro nome. Se desiderate aggiornare o cancellare la vostra testimonianza, potete contattarci all'indirizzo info@carid.com.<\/p>\r\n            <\/div>\r\n            <div class=\"row\">\r\n                <div class=\"help-center-h3\">Widget per i social media<\/div>\r\n                <p class=\"paragraph\">Il nostro sito web include funzioni di social media, come il pulsante \"Mi piace\" di Facebook [e widget, come il pulsante \"Condividi questo\" o mini-programmi interattivi che girano sul nostro sito]. Queste funzioni possono raccogliere il vostro indirizzo IP, la pagina che state visitando sul nostro sito e possono impostare un cookie per consentire il corretto funzionamento della funzione. Le funzionalit\u00e0 dei social media e i widget sono ospitati da terzi o direttamente sul nostro sito. Le interazioni dell'utente con queste funzioni sono regolate dalla politica sulla privacy della societ\u00e0 che le fornisce.<\/p>\r\n            <\/div>\r\n            <div class=\"row\">\r\n                <div class=\"help-center-h3\">Conservazione dei dati<\/div>\r\n                <p class=\"paragraph\">Le informazioni dell'utente saranno conservate per tutto il tempo in cui il suo account sar\u00e0 attivo o se necessario per fornirgli i servizi. Se desiderate cancellare il vostro account o richiedere che le vostre informazioni non vengano pi\u00f9 utilizzate per fornirvi servizi, contattateci all'indirizzo support@carid.com. Conserveremo e utilizzeremo le informazioni dell'utente nella misura necessaria per adempiere ai nostri obblighi legali, risolvere le controversie e applicare i nostri accordi.<\/p>\r\n            <\/div>\r\n            <div class=\"row\">\r\n                <div class=\"help-center-h3\">Le nostre pratiche di sicurezza<\/div>\r\n                <p class=\"paragraph\">Le transazioni Internet di CARiD.com sono condotte tramite connessioni server sicure. Ci\u00f2 include il trasferimento e la ricezione dei vostri dati personali. Anche la nostra sede fisica \u00e8 protetta contro la perdita, il furto o l'uso improprio delle informazioni attraverso misure di sicurezza adeguate. Inoltre, quando \u00e8 necessario effettuare una trasmissione sicura di informazioni sensibili, CARiD.com utilizza la crittografia SSL per garantire la sicurezza dei dati della carta di credito.<\/p>\r\n                <p class=\"paragraph\">Seguiamo gli standard generalmente accettati per proteggere le informazioni personali inviateci, sia durante la trasmissione che una volta ricevute. Tuttavia, nessun metodo di trasmissione su Internet o di archiviazione elettronica \u00e8 100% sicuro. Pertanto, non possiamo garantirne l'assoluta sicurezza. In caso di domande sulla sicurezza del nostro sito Web, \u00e8 possibile contattarci all'indirizzo info@carid.com.<\/p>\r\n            <\/div>\r\n            <div class=\"row\">\r\n                <div class=\"help-center-h3\">Dichiarazione di non discriminazione<\/div>\r\n                <p class=\"paragraph\">CARiD.com rispetta la privacy e il vostro interesse a controllare l'uso delle vostre informazioni personali. CARiD.com ha una politica esplicita che non discriminer\u00e0 i consumatori che scelgono di esercitare i propri diritti ai sensi della Politica sulla privacy di CARiD.com. CARiD tratter\u00e0 tutti i consumatori allo stesso modo, indipendentemente dal fatto che abbiano esercitato o meno i propri diritti ai sensi della presente politica. Vi invitiamo a contattarci se ritenete di ricevere una qualit\u00e0 diversa di prodotti, prezzi o servizi perch\u00e9 avete esercitato un diritto ai sensi della presente politica.<\/p>\r\n                <p class=\"paragraph\">Qualora decidessimo di modificare la nostra politica sulla privacy, pubblicheremo tali modifiche nella presente informativa sulla privacy, nella home page e in altri luoghi che riterremo opportuni, in modo che gli utenti siano consapevoli di quali informazioni raccogliamo, come le utilizziamo e in quali circostanze, se del caso, le divulghiamo. Ci riserviamo il diritto di modificare la presente informativa sulla privacy in qualsiasi momento, pertanto vi invitiamo a consultarla frequentemente. In caso di modifiche sostanziali a questa politica, vi informeremo qui, via e-mail, o tramite un avviso sulla nostra home page prima che la modifica diventi effettiva.<\/p>\r\n                <p class=\"paragraph\">In caso di problemi irrisolti relativi alla privacy o all'utilizzo dei dati che non sono stati risolti in modo soddisfacente, si prega di contattare il nostro provider di risoluzione delle controversie di terze parti con sede negli Stati Uniti (gratuitamente) all'indirizzo <a class=\"js-new-tab\" href=\"https:\/\/feedback-form.truste.com\/watchdog\/request\" rel=\"nofollow\">https:\/\/feedback-form.truste.com\/watchdog\/request<\/a>.<\/p>\r\n            <\/div>\r\n        \r\n        <div class=\"row\">\r\n            <div class=\"help-center-h3\">Informazioni di contatto<\/div>\r\n            <p class=\"paragraph\">\r\n                CARiD.com<br>\r\n                Servizio clienti.<br>\r\n                1 Corporate Drive<br>\r\n                Cranbury, NJ 08512<br>\r\n            <\/p>\r\n            <p class=\"paragraph\">\r\n                Email: info@carid.com<br>\r\n                Telefono: <a href=\"tel: 1-800-505-3274\" class=\"inline-block js-phone-h phone-link\">(800) 505-3274<\/a><br>\r\n                Facsimile: (609) 964-1983            <\/p>\r\n        <\/div>\r\n\r\n        <div class=\"customer-support-info\"><h2 class=\"sub-title\">Avete ancora bisogno di aiuto?<\/h2><p class=\"paragraph title\">La nostra assistenza clienti \u00e8 qui per aiutarvi<\/p><\/div><div class=\"recommended-contacts -horizontal\"><div class=\"recommended-contacts-item -chat -horizontal js-livechat pointer\"><div class=\"title\">Chat in diretta 24 ore su 24, 7 giorni su 7<\/div><button type=\"button\" class=\"simple-btn -small\">Chatta ora<\/button><\/div><div class=\"recommended-contacts-item -call -horizontal\"><div class=\"title\">Chiamateci<\/div><div class=\"content\"><a href=\"tel: 1-800-505-3274\" class=\"inline-block js-phone-h phone-link\">(800) 505-3274<\/a><\/div><\/div><\/div>    <\/div>\r\n<\/div>\r\n\r\n<\/div>\r\n<script>\r\njQuery(document).ready(function(){\r\n        var togglediv = jQuery(\".js-aside-block\");\r\n    \/\/togglediv.hide();\r\n    jQuery(\".help-center-aside-navigation-title\").click(function () {    \r\n        jQuery(this).toggleClass(\" aside_plus\");\r\n        jQuery(this).next().toggleClass(\"-expanded -collapsed\");\r\n        });\r\n});\r\n<\/script>\t\t<\/div>\n\t\t\t\t<\/div>\n\t\t\t\t\t<\/div>\n\t\t<\/div>\n\t\t\t\t\t\t\t<\/div>\n\t\t<\/section>\n\t\t\t\t\t\t\t<\/div>","protected":false},"excerpt":{"rendered":"<p>My Orders Track My Order Edit Order Cancel Order Change Address Delivery Signature Release Easy Returns Exchange Items Return Items Warranty Request Status of Return Core Deposit Returns Complications Damaged Package Defective Product Incorrect Product Lost Package Fitment Issue Technical Problem My Account Login Create Account Forgot Password Other Shipping Info Gift Cards Terms &amp; [&hellip;]<\/p>","protected":false},"author":2,"featured_media":0,"parent":0,"menu_order":0,"comment_status":"closed","ping_status":"closed","template":"elementor_header_footer","meta":{"_acf_changed":false,"om_disable_all_campaigns":false,"inline_featured_image":false,"_mi_skip_tracking":false,"_monsterinsights_sitenote_active":false,"_monsterinsights_sitenote_note":"","_monsterinsights_sitenote_category":0,"footnotes":""},"class_list":["post-3","page","type-page","status-publish","hentry"],"acf":[],"aioseo_notices":[],"_links":{"self":[{"href":"https:\/\/siemid.com\/it\/wp-json\/wp\/v2\/pages\/3","targetHints":{"allow":["GET"]}}],"collection":[{"href":"https:\/\/siemid.com\/it\/wp-json\/wp\/v2\/pages"}],"about":[{"href":"https:\/\/siemid.com\/it\/wp-json\/wp\/v2\/types\/page"}],"author":[{"embeddable":true,"href":"https:\/\/siemid.com\/it\/wp-json\/wp\/v2\/users\/2"}],"replies":[{"embeddable":true,"href":"https:\/\/siemid.com\/it\/wp-json\/wp\/v2\/comments?post=3"}],"version-history":[{"count":0,"href":"https:\/\/siemid.com\/it\/wp-json\/wp\/v2\/pages\/3\/revisions"}],"wp:attachment":[{"href":"https:\/\/siemid.com\/it\/wp-json\/wp\/v2\/media?parent=3"}],"curies":[{"name":"wp","href":"https:\/\/api.w.org\/{rel}","templated":true}]}}