{"id":40492,"date":"2023-12-09T06:59:32","date_gmt":"2023-12-09T06:59:32","guid":{"rendered":"https:\/\/siemid.com\/?post_type=product&#038;p=40492"},"modified":"2026-04-15T12:06:22","modified_gmt":"2026-04-15T12:06:22","slug":"front-grill-compatible-with-volkswagen-jetta-mk6-2015-2016-2017-insert-bumper-upper-center-grille","status":"publish","type":"product","link":"https:\/\/siemid.com\/it\/prodotto\/front-grill-compatible-with-volkswagen-jetta-mk6-2015-2016-2017-insert-bumper-upper-center-grille\/","title":{"rendered":"Griglia anteriore compatibile con Volkswagen Jetta MK6 2015 2016 2017 Inserire il paraurti superiore griglia centrale"},"content":{"rendered":"<h2 class=\"default\">Descrizione del prodotto<\/h2>\n<div id=\"productDescription\" class=\"a-section a-spacing-small\">\n<p>&gt;&gt;&gt;Qualit\u00e0 eccellente: Colore nero lucido con finiture cromate, realizzato in materiale plastico ABS leggero di alta qualit\u00e0, resistente e affidabile. Alta resistenza, resistenza agli urti, resistenza allo sbiadimento e alla ruggine.<br \/>\n&gt;&gt;&gt; Fornisce un aspetto elegante e personalizzato, protettivo anticollisione, protegge la parte anteriore del veicolo, impedisce a materiale estraneo di entrare nella presa d'aria e danneggiare il motore.<br \/>\n&gt;&gt;&gt; Aspetto distintivo: Il design unico della griglia, migliora l'impatto visivo, crea un nuovo look iconico, un ottimo aggiornamento per il vostro veicolo.<br \/>\n&gt;&gt;&gt; L'installazione professionale \u00e8 altamente raccomandata: Facile da installare, non \u00e8 necessario apportare modifiche, \u00e8 possibile sostituirlo direttamente con un bullone. Istruzioni NON incluse.<\/p>\n<\/div>","protected":false},"excerpt":{"rendered":"<ul class=\"a-unordered-list a-vertical a-spacing-mini\">\n<li class=\"a-spacing-mini\"><span class=\"a-list-item\">&gt;&gt;&gt;Qualit\u00e0 eccellente: Colore nero lucido con finiture cromate, realizzato in materiale plastico ABS leggero di alta qualit\u00e0, resistente e affidabile. Alta resistenza, resistenza agli urti, resistenza allo sbiadimento e alla ruggine.<\/span><\/li>\n<li class=\"a-spacing-mini\"><span class=\"a-list-item\">&gt;&gt;&gt; Fornisce un aspetto elegante e personalizzato, protettivo anticollisione, protegge la parte anteriore del veicolo, impedisce a materiale estraneo di entrare nella presa d'aria e danneggiare il motore.<\/span><\/li>\n<li class=\"a-spacing-mini\"><span class=\"a-list-item\">&gt;&gt;&gt; Aspetto distintivo: Il design unico della griglia, migliora l'impatto visivo, crea un nuovo look iconico, un ottimo aggiornamento per il vostro veicolo.<\/span><\/li>\n<li class=\"a-spacing-mini\"><span class=\"a-list-item\">&gt;&gt;&gt; L'installazione professionale \u00e8 altamente raccomandata: Facile da installare, non \u00e8 necessario apportare modifiche, \u00e8 possibile sostituirlo direttamente con un bullone. Istruzioni NON incluse.<\/span><\/li>\n<\/ul>","protected":false},"featured_media":40494,"comment_status":"open","ping_status":"closed","template":"","meta":{"_acf_changed":false,"om_disable_all_campaigns":false,"inline_featured_image":false,"_mi_skip_tracking":false,"_monsterinsights_sitenote_active":false,"_monsterinsights_sitenote_note":"","_monsterinsights_sitenote_category":0},"product_brand":[],"product_cat":[587],"product_tag":[135147],"class_list":{"0":"post-40492","1":"product","2":"type-product","3":"status-publish","4":"has-post-thumbnail","6":"product_cat-replacement-grilles","7":"product_tag-warehouse-location-united-states","8":"product_shipping_class-us-stock-flat","9":"pa_compatibility-2015-volkswagen-jetta","11":"first","12":"instock","13":"sale","14":"featured","15":"shipping-taxable","16":"purchasable","17":"product-type-simple"},"acf":[],"aioseo_notices":[],"_links":{"self":[{"href":"https:\/\/siemid.com\/it\/wp-json\/wp\/v2\/product\/40492","targetHints":{"allow":["GET"]}}],"collection":[{"href":"https:\/\/siemid.com\/it\/wp-json\/wp\/v2\/product"}],"about":[{"href":"https:\/\/siemid.com\/it\/wp-json\/wp\/v2\/types\/product"}],"replies":[{"embeddable":true,"href":"https:\/\/siemid.com\/it\/wp-json\/wp\/v2\/comments?post=40492"}],"wp:featuredmedia":[{"embeddable":true,"href":"https:\/\/siemid.com\/it\/wp-json\/wp\/v2\/media\/40494"}],"wp:attachment":[{"href":"https:\/\/siemid.com\/it\/wp-json\/wp\/v2\/media?parent=40492"}],"wp:term":[{"taxonomy":"product_brand","embeddable":true,"href":"https:\/\/siemid.com\/it\/wp-json\/wp\/v2\/product_brand?post=40492"},{"taxonomy":"product_cat","embeddable":true,"href":"https:\/\/siemid.com\/it\/wp-json\/wp\/v2\/product_cat?post=40492"},{"taxonomy":"product_tag","embeddable":true,"href":"https:\/\/siemid.com\/it\/wp-json\/wp\/v2\/product_tag?post=40492"}],"curies":[{"name":"wp","href":"https:\/\/api.w.org\/{rel}","templated":true}]}}