{"id":40531,"date":"2023-12-14T13:30:00","date_gmt":"2023-12-14T13:30:00","guid":{"rendered":"https:\/\/siemid.com\/?post_type=product&#038;p=40531"},"modified":"2023-12-14T13:42:03","modified_gmt":"2023-12-14T13:42:03","slug":"fog-driving-light-lamp-assembly-lh-driver-passenger-side-for-subaru","status":"publish","type":"product","link":"https:\/\/siemid.com\/it\/prodotto\/fog-driving-light-lamp-assembly-lh-driver-passenger-side-for-subaru\/","title":{"rendered":"Gruppo ottico di guida fendinebbia LH e lato passeggero conducente per Subaru"},"content":{"rendered":"<p>Che cos'\u00e8 la nebbia <\/br>I fendinebbia sono un sistema di illuminazione speciale montato in basso sulla parte anteriore del veicolo, progettato per aiutare i conducenti a vedere meglio in caso di nebbia o di condizioni atmosferiche avverse. <\/br>A differenza dei fari, che sono progettati per illuminare la strada, i fendinebbia sono posizionati pi\u00f9 vicini al suolo e producono un fascio di luce ampio e piatto, destinato a penetrare attraverso la nebbia e a riflettersi meno negli occhi del conducente. Ci\u00f2 contribuisce a migliorare la visibilit\u00e0 e a ridurre l'abbagliamento in caso di nebbia, foschia o altre condizioni di scarsa visibilit\u00e0.<\/br><\/br>Montaggio<\/br>Si prega di controllare il filtro di montaggio per autoveicoli e la descrizione per vedere se questo articolo funziona sul vostro veicolo prima dell'acquisto!<\/br><\/br>Condizione<\/br>100% Nuovo in confezione di fabbrica, mai usato o installato. garantisce la qualit\u00e0 e le prestazioni del prodotto.<\/br><\/br>Articolo_Offerto<\/br>Il kit comprende: () Fendinebbia lato guida <\/br>Quantit\u00e0: 2 pezzi<\/br>Articoli inclusi: () Fendinebbia lato guida,() Fendinebbia lato passeggero <\/br><\/br>Posizione<\/br>Posizionamento sul veicolo: Anteriore, sinistro, destro<\/br><\/br>Numero_parte<\/br>1ALFP00423,84501AJ060,SU2592122,19-6063-00,220-2009N-AC<\/br><\/br>Tecnologia delle lampadine<\/br>Il kit alogeno comprende<\/br><\/br>Tecnologia dell'illuminazione<\/br>Alogeno<\/br><\/br>Tipo<\/br>Set nebbia<\/br><\/br>Garanzia<\/br>: I gruppi includono lampadine di prova che devono essere sostituite prima dell'installazione.<\/br><\/br>Funzione<\/br>I fendinebbia si dividono in fendinebbia anteriori e fendinebbia posteriori, progettati per aiutare a vedere meglio il terreno in circostanze di scarsa visibilit\u00e0 o per aiutare a interpretare la distanza per evitare collisioni.<\/p>","protected":false},"excerpt":{"rendered":"<p>Adattamento: Si prega di controllare il filtro di adattamento automobilistico superiore e la descrizione per vedere se questo articolo funzioner\u00e0 sul vostro veicolo prima dell'acquisto!<br \/>\nPosizionamento sul veicolo: Anteriore, sinistro, destro<br \/>\nPart_Number:1ALFP00423,84501AJ060,SU2592122,19-6063-00,220-2009N-AC<br \/>\nTecnologia della lampadina: alogena Il kit comprende<br \/>\nTecnologia di illuminazione: alogena<\/p>","protected":false},"featured_media":40591,"comment_status":"open","ping_status":"closed","template":"","meta":{"_acf_changed":false,"om_disable_all_campaigns":false,"inline_featured_image":false,"_mi_skip_tracking":false,"_monsterinsights_sitenote_active":false,"_monsterinsights_sitenote_note":"","_monsterinsights_sitenote_category":0},"product_brand":[],"product_cat":[554],"product_tag":[135147],"class_list":{"0":"post-40531","1":"product","2":"type-product","3":"status-publish","4":"has-post-thumbnail","6":"product_cat-fog-lights-automotive-lighting","7":"product_tag-warehouse-location-united-states","8":"product_shipping_class-us-stock-flat","10":"first","11":"instock","12":"sale","13":"shipping-taxable","14":"purchasable","15":"product-type-simple"},"acf":[],"aioseo_notices":[],"_links":{"self":[{"href":"https:\/\/siemid.com\/it\/wp-json\/wp\/v2\/product\/40531","targetHints":{"allow":["GET"]}}],"collection":[{"href":"https:\/\/siemid.com\/it\/wp-json\/wp\/v2\/product"}],"about":[{"href":"https:\/\/siemid.com\/it\/wp-json\/wp\/v2\/types\/product"}],"replies":[{"embeddable":true,"href":"https:\/\/siemid.com\/it\/wp-json\/wp\/v2\/comments?post=40531"}],"wp:featuredmedia":[{"embeddable":true,"href":"https:\/\/siemid.com\/it\/wp-json\/wp\/v2\/media\/40591"}],"wp:attachment":[{"href":"https:\/\/siemid.com\/it\/wp-json\/wp\/v2\/media?parent=40531"}],"wp:term":[{"taxonomy":"product_brand","embeddable":true,"href":"https:\/\/siemid.com\/it\/wp-json\/wp\/v2\/product_brand?post=40531"},{"taxonomy":"product_cat","embeddable":true,"href":"https:\/\/siemid.com\/it\/wp-json\/wp\/v2\/product_cat?post=40531"},{"taxonomy":"product_tag","embeddable":true,"href":"https:\/\/siemid.com\/it\/wp-json\/wp\/v2\/product_tag?post=40531"}],"curies":[{"name":"wp","href":"https:\/\/api.w.org\/{rel}","templated":true}]}}