{"id":40542,"date":"2023-12-14T13:30:03","date_gmt":"2023-12-14T13:30:03","guid":{"rendered":"https:\/\/siemid.com\/?post_type=product&#038;p=40542"},"modified":"2023-12-14T13:42:00","modified_gmt":"2023-12-14T13:42:00","slug":"for-toyota-2008-2010-avalon-sedan-fog-driving-light-lamp-bezel-driver-side-left","status":"publish","type":"product","link":"https:\/\/siemid.com\/it\/prodotto\/for-toyota-2008-2010-avalon-sedan-fog-driving-light-lamp-bezel-driver-side-left\/","title":{"rendered":"Per Toyota 2008-2010 Avalon Sedan Fog Driving Light Lamp Bezel Driver Side Left"},"content":{"rendered":"<p>Che cos'\u00e8 la nebbia <\/br>I fendinebbia sono un sistema di illuminazione speciale montato in basso sulla parte anteriore del veicolo, progettato per aiutare i conducenti a vedere meglio in caso di nebbia o di condizioni atmosferiche avverse. <\/br>A differenza dei fari, che sono progettati per illuminare la strada, i fendinebbia sono posizionati pi\u00f9 vicini al suolo e producono un fascio di luce ampio e piatto, destinato a penetrare attraverso la nebbia e a riflettersi meno negli occhi del conducente. Ci\u00f2 contribuisce a migliorare la visibilit\u00e0 e a ridurre l'abbagliamento in caso di nebbia, foschia o altre condizioni di scarsa visibilit\u00e0.<\/br><\/br>Montaggio<\/br>Si prega di controllare il filtro di montaggio per autoveicoli e la descrizione per vedere se questo articolo funziona sul vostro veicolo prima dell'acquisto!<\/br><\/br>Condizione<\/br>100% Nuovo in confezione di fabbrica, mai usato o installato. garantisce la qualit\u00e0 e le prestazioni del prodotto.<\/br><\/br>Posizione<\/br>Posizionamento sul veicolo: Anteriore, sinistra<\/br><\/br>Numero_parte<\/br>5203007020,5204007020,TO1039140,LHT00179,TO1038140<\/br><\/br>Tipo<\/br>Lunetta antinebbia<\/br><\/br>Garanzia<\/br>: I gruppi includono lampadine di prova che devono essere sostituite prima dell'installazione.<\/br><\/br>Caratteristica<\/br>Qualit\u00e0 testata - Costruito secondo un livello rigoroso di standard di prodotto<\/br><\/br>Come installare Fog <\/br>.montare i fendinebbia: Per montare i fendinebbia nella posizione desiderata, utilizzare la ferramenta di montaggio inclusa nel kit. <\/br>2. Installare il cablaggio: Collegare il cablaggio dei fendinebbia alla batteria e\/o alla scatola dei fusibili del veicolo, seguendo le istruzioni del produttore per la posa del cablaggio e i collegamenti necessari.<\/br>3.Installare l'interruttore: Installare l'interruttore fendinebbia in una posizione comoda all'interno del veicolo. Seguire le istruzioni del produttore per il cablaggio dell'interruttore alle luci e all'impianto elettrico del veicolo.<\/br>4. Testare le luci: Una volta completata l'installazione, verificare che i fendinebbia funzionino correttamente.<\/p>","protected":false},"excerpt":{"rendered":"<p>Adattamento: Si prega di controllare il filtro di adattamento automobilistico superiore e la descrizione per vedere se questo articolo funzioner\u00e0 sul vostro veicolo prima dell'acquisto!<br \/>\nPosizionamento sul veicolo: Anteriore, sinistra<br \/>\nPart_Number:5203007020,5204007020,TO1039140,LHT00179,TO1038140<br \/>\nTipo: lunetta antinebbia<br \/>\n: I gruppi includono lampadine di prova che devono essere sostituite prima dell'installazione.<\/p>","protected":false},"featured_media":40678,"comment_status":"open","ping_status":"closed","template":"","meta":{"_acf_changed":false,"om_disable_all_campaigns":false,"inline_featured_image":false,"_mi_skip_tracking":false,"_monsterinsights_sitenote_active":false,"_monsterinsights_sitenote_note":"","_monsterinsights_sitenote_category":0},"product_brand":[],"product_cat":[554],"product_tag":[135147],"class_list":{"0":"post-40542","1":"product","2":"type-product","3":"status-publish","4":"has-post-thumbnail","6":"product_cat-fog-lights-automotive-lighting","7":"product_tag-warehouse-location-united-states","8":"product_shipping_class-us-stock-flat","9":"pa_compatibility-2008-toyota-avalon","11":"first","12":"instock","13":"sale","14":"shipping-taxable","15":"purchasable","16":"product-type-simple"},"acf":[],"aioseo_notices":[],"_links":{"self":[{"href":"https:\/\/siemid.com\/it\/wp-json\/wp\/v2\/product\/40542","targetHints":{"allow":["GET"]}}],"collection":[{"href":"https:\/\/siemid.com\/it\/wp-json\/wp\/v2\/product"}],"about":[{"href":"https:\/\/siemid.com\/it\/wp-json\/wp\/v2\/types\/product"}],"replies":[{"embeddable":true,"href":"https:\/\/siemid.com\/it\/wp-json\/wp\/v2\/comments?post=40542"}],"wp:featuredmedia":[{"embeddable":true,"href":"https:\/\/siemid.com\/it\/wp-json\/wp\/v2\/media\/40678"}],"wp:attachment":[{"href":"https:\/\/siemid.com\/it\/wp-json\/wp\/v2\/media?parent=40542"}],"wp:term":[{"taxonomy":"product_brand","embeddable":true,"href":"https:\/\/siemid.com\/it\/wp-json\/wp\/v2\/product_brand?post=40542"},{"taxonomy":"product_cat","embeddable":true,"href":"https:\/\/siemid.com\/it\/wp-json\/wp\/v2\/product_cat?post=40542"},{"taxonomy":"product_tag","embeddable":true,"href":"https:\/\/siemid.com\/it\/wp-json\/wp\/v2\/product_tag?post=40542"}],"curies":[{"name":"wp","href":"https:\/\/api.w.org\/{rel}","templated":true}]}}