{"id":40552,"date":"2023-12-14T13:30:05","date_gmt":"2023-12-14T13:30:05","guid":{"rendered":"https:\/\/siemid.com\/?post_type=product&#038;p=40552"},"modified":"2023-12-14T13:41:58","modified_gmt":"2023-12-14T13:41:58","slug":"fog-driving-light-lamp-driver-side-left-lh-for-echo-highlander-mr2-prius-xa","status":"publish","type":"product","link":"https:\/\/siemid.com\/it\/prodotto\/fog-driving-light-lamp-driver-side-left-lh-for-echo-highlander-mr2-prius-xa\/","title":{"rendered":"Fendinebbia luce di guida lampada lato guida sinistro LH per Echo Highlander MR2 Prius xA"},"content":{"rendered":"<p>Che cos'\u00e8 la nebbia <\/br>I fendinebbia sono un sistema di illuminazione speciale montato in basso sulla parte anteriore del veicolo, progettato per aiutare i conducenti a vedere meglio in caso di nebbia o di condizioni atmosferiche avverse. <\/br>A differenza dei fari, che sono progettati per illuminare la strada, i fendinebbia sono posizionati pi\u00f9 vicini al suolo e producono un fascio di luce ampio e piatto, destinato a penetrare attraverso la nebbia e a riflettersi meno negli occhi del conducente. Ci\u00f2 contribuisce a migliorare la visibilit\u00e0 e a ridurre l'abbagliamento in caso di nebbia, foschia o altre condizioni di scarsa visibilit\u00e0.<\/br><\/br>Montaggio<\/br>Si prega di controllare il filtro di montaggio per autoveicoli e la descrizione per vedere se questo articolo funziona sul vostro veicolo prima dell'acquisto!<\/br><\/br>Condizione<\/br>100% Nuovo in confezione di fabbrica, mai usato o installato. garantisce la qualit\u00e0 e le prestazioni del prodotto.<\/br><\/br>Posizione<\/br>Posizionamento sul veicolo: Anteriore, sinistra<\/br><\/br>Numero_parte<\/br>116-59671,8122152070,19-5642-00,TO2592119,312-2015L-AQ,LHT00395<\/br><\/br>Tipo<\/br>Nebbia <\/br><\/br>Garanzia<\/br>: I gruppi includono lampadine di prova che devono essere sostituite prima dell'installazione.<\/br><\/br>Come installare Fog <\/br>.montare i fendinebbia: Per montare i fendinebbia nella posizione desiderata, utilizzare la ferramenta di montaggio inclusa nel kit. <\/br>2. Installare il cablaggio: Collegare il cablaggio dei fendinebbia alla batteria e\/o alla scatola dei fusibili del veicolo, seguendo le istruzioni del produttore per la posa del cablaggio e i collegamenti necessari.<\/br>3.Installare l'interruttore: Installare l'interruttore fendinebbia in una posizione comoda all'interno del veicolo. Seguire le istruzioni del produttore per il cablaggio dell'interruttore alle luci e all'impianto elettrico del veicolo.<\/br>4. Testare le luci: Una volta completata l'installazione, verificare che i fendinebbia funzionino correttamente.<\/p>","protected":false},"excerpt":{"rendered":"<p>Adattamento: Si prega di controllare il filtro di adattamento automobilistico superiore e la descrizione per vedere se questo articolo funzioner\u00e0 sul vostro veicolo prima dell'acquisto!<br \/>\nPosizionamento sul veicolo: Anteriore, sinistra<br \/>\nPart_Number:116-59671,8122152070,19-5642-00,TO2592119,312-2015L-AQ,LHT00395<br \/>\n: I gruppi includono lampadine di prova che devono essere sostituite prima dell'installazione.<br \/>\nForte luminosit\u00e0: Questo articolo utilizza lampadine ad alta luminosit\u00e0, in grado di migliorare efficacemente la visibilit\u00e0 durante la guida notturna.<\/p>","protected":false},"featured_media":40747,"comment_status":"open","ping_status":"closed","template":"","meta":{"_acf_changed":false,"om_disable_all_campaigns":false,"inline_featured_image":false,"_mi_skip_tracking":false,"_monsterinsights_sitenote_active":false,"_monsterinsights_sitenote_note":"","_monsterinsights_sitenote_category":0},"product_brand":[],"product_cat":[554],"product_tag":[135147],"class_list":{"0":"post-40552","1":"product","2":"type-product","3":"status-publish","4":"has-post-thumbnail","6":"product_cat-fog-lights-automotive-lighting","7":"product_tag-warehouse-location-united-states","8":"product_shipping_class-us-stock-flat","10":"first","11":"instock","12":"sale","13":"shipping-taxable","14":"purchasable","15":"product-type-simple"},"acf":[],"aioseo_notices":[],"_links":{"self":[{"href":"https:\/\/siemid.com\/it\/wp-json\/wp\/v2\/product\/40552","targetHints":{"allow":["GET"]}}],"collection":[{"href":"https:\/\/siemid.com\/it\/wp-json\/wp\/v2\/product"}],"about":[{"href":"https:\/\/siemid.com\/it\/wp-json\/wp\/v2\/types\/product"}],"replies":[{"embeddable":true,"href":"https:\/\/siemid.com\/it\/wp-json\/wp\/v2\/comments?post=40552"}],"wp:featuredmedia":[{"embeddable":true,"href":"https:\/\/siemid.com\/it\/wp-json\/wp\/v2\/media\/40747"}],"wp:attachment":[{"href":"https:\/\/siemid.com\/it\/wp-json\/wp\/v2\/media?parent=40552"}],"wp:term":[{"taxonomy":"product_brand","embeddable":true,"href":"https:\/\/siemid.com\/it\/wp-json\/wp\/v2\/product_brand?post=40552"},{"taxonomy":"product_cat","embeddable":true,"href":"https:\/\/siemid.com\/it\/wp-json\/wp\/v2\/product_cat?post=40552"},{"taxonomy":"product_tag","embeddable":true,"href":"https:\/\/siemid.com\/it\/wp-json\/wp\/v2\/product_tag?post=40552"}],"curies":[{"name":"wp","href":"https:\/\/api.w.org\/{rel}","templated":true}]}}