{"id":40626,"date":"2023-12-14T13:32:05","date_gmt":"2023-12-14T13:32:05","guid":{"rendered":"https:\/\/siemid.com\/?post_type=product&#038;p=40626"},"modified":"2023-12-14T13:41:54","modified_gmt":"2023-12-14T13:41:54","slug":"for-05-06-chevy-equinox-headlight-fog-driving-light-lamp-kit-left-set-of-4","status":"publish","type":"product","link":"https:\/\/siemid.com\/it\/prodotto\/for-05-06-chevy-equinox-headlight-fog-driving-light-lamp-kit-left-set-of-4\/","title":{"rendered":"Per 05-06 Chevy Equinox faro nebbia luce di guida Kit di sinistra set di 4"},"content":{"rendered":"<p>Che cos'\u00e8 la nebbia <\/br>I fendinebbia sono un sistema di illuminazione speciale montato in basso sulla parte anteriore del veicolo, progettato per aiutare i conducenti a vedere meglio in caso di nebbia o di condizioni atmosferiche avverse. <\/br>A differenza dei fari, che sono progettati per illuminare la strada, i fendinebbia sono posizionati pi\u00f9 vicini al suolo e producono un fascio di luce ampio e piatto, destinato a penetrare attraverso la nebbia e a riflettersi meno negli occhi del conducente. Ci\u00f2 contribuisce a migliorare la visibilit\u00e0 e a ridurre l'abbagliamento in caso di nebbia, foschia o altre condizioni di scarsa visibilit\u00e0.<\/br><\/br>Montaggio<\/br>Si prega di controllare il filtro di montaggio per autoveicoli e la descrizione per vedere se questo articolo funziona sul vostro veicolo prima dell'acquisto!<\/br><\/br>Condizione<\/br>100% Nuovo in confezione di fabbrica, mai usato o installato. garantisce la qualit\u00e0 e le prestazioni del prodotto.<\/br><\/br>Articolo_Offerto<\/br>Il kit comprende: (2) Fari antinebbia<\/br>Quantit\u00e0: 4 pezzi<\/br>Articoli inclusi: (2) Fendinebbia, (2) Fari<\/br><\/br>Posizione<\/br>Posizionamento sul veicolo: Anteriore, sinistro, destro<\/br><\/br>Numero_parte<\/br>GM2502254,15162675,GM2503254,116-2379,114-00882L,LHT04212,GM2592149,15888058,15888059,20-6586-00-,5490194,114-00881R,5490195<\/br><\/br>DOT\/SAE<\/br>S\u00ec<\/br><\/br>Tecnologia dell'illuminazione<\/br>Alogeno<\/br><\/br>Tipo<\/br>Kit di illuminazione<\/br><\/br>Garanzia<\/br>: I gruppi includono lampadine di prova che devono essere sostituite prima dell'installazione.<\/br><\/br>Funzione<\/br>I fendinebbia si dividono in fendinebbia anteriori e fendinebbia posteriori, progettati per aiutare a vedere meglio il terreno in circostanze di scarsa visibilit\u00e0 o per aiutare a interpretare la distanza per evitare collisioni.<\/p>","protected":false},"excerpt":{"rendered":"<p>Adattamento: Si prega di controllare il filtro di adattamento automobilistico superiore e la descrizione per vedere se questo articolo funzioner\u00e0 sul vostro veicolo prima dell'acquisto!<br \/>\nPosizionamento sul veicolo: Anteriore, sinistro, destro<br \/>\nPart_Number:GM2502254,15162675,GM2503254,116-2379,114-00882L,LHT04212,GM2592149,15888058,15888059,20-6586-00-,5490194,114-00881R,5490195<br \/>\nTecnologia di illuminazione: alogena<br \/>\nTipo: Kit di illuminazione<\/p>","protected":false},"featured_media":40821,"comment_status":"open","ping_status":"closed","template":"","meta":{"_acf_changed":false,"om_disable_all_campaigns":false,"inline_featured_image":false,"_mi_skip_tracking":false,"_monsterinsights_sitenote_active":false,"_monsterinsights_sitenote_note":"","_monsterinsights_sitenote_category":0},"product_brand":[],"product_cat":[554],"product_tag":[135147],"class_list":{"0":"post-40626","1":"product","2":"type-product","3":"status-publish","4":"has-post-thumbnail","6":"product_cat-fog-lights-automotive-lighting","7":"product_tag-warehouse-location-united-states","8":"product_shipping_class-us-stock-flat","9":"pa_compatibility-2005-chevy-equinox","11":"first","12":"instock","13":"sale","14":"shipping-taxable","15":"purchasable","16":"product-type-simple"},"acf":[],"aioseo_notices":[],"_links":{"self":[{"href":"https:\/\/siemid.com\/it\/wp-json\/wp\/v2\/product\/40626","targetHints":{"allow":["GET"]}}],"collection":[{"href":"https:\/\/siemid.com\/it\/wp-json\/wp\/v2\/product"}],"about":[{"href":"https:\/\/siemid.com\/it\/wp-json\/wp\/v2\/types\/product"}],"replies":[{"embeddable":true,"href":"https:\/\/siemid.com\/it\/wp-json\/wp\/v2\/comments?post=40626"}],"wp:featuredmedia":[{"embeddable":true,"href":"https:\/\/siemid.com\/it\/wp-json\/wp\/v2\/media\/40821"}],"wp:attachment":[{"href":"https:\/\/siemid.com\/it\/wp-json\/wp\/v2\/media?parent=40626"}],"wp:term":[{"taxonomy":"product_brand","embeddable":true,"href":"https:\/\/siemid.com\/it\/wp-json\/wp\/v2\/product_brand?post=40626"},{"taxonomy":"product_cat","embeddable":true,"href":"https:\/\/siemid.com\/it\/wp-json\/wp\/v2\/product_cat?post=40626"},{"taxonomy":"product_tag","embeddable":true,"href":"https:\/\/siemid.com\/it\/wp-json\/wp\/v2\/product_tag?post=40626"}],"curies":[{"name":"wp","href":"https:\/\/api.w.org\/{rel}","templated":true}]}}