{"id":40878,"date":"2023-12-14T15:38:26","date_gmt":"2023-12-14T15:38:26","guid":{"rendered":"https:\/\/siemid.com\/?post_type=product&#038;p=40878"},"modified":"2023-12-14T15:44:04","modified_gmt":"2023-12-14T15:44:04","slug":"siemid-new-generation-led-fog-lights-lamp-retrofit-and-upgraded-for-peugeot-206-207-307-407-4007-408-607-2008-3008-4008-5008-2002-2003-2004-2005-2006-2007-2009-2010-2011-2012-2013-2014-2015-2016-2017","status":"publish","type":"product","link":"https:\/\/siemid.com\/it\/prodotto\/siemid-new-generation-led-fog-lights-lamp-retrofit-and-upgraded-for-peugeot-206-207-307-407-4007-408-607-2008-3008-4008-5008-2002-2003-2004-2005-2006-2007-2009-2010-2011-2012-2013-2014-2015-2016-2017\/","title":{"rendered":"SIEMID Nuova generazione ha portato fendinebbia lampada Retrofit e aggiornato per Peugeot 206 207 307 407 4007 408 607 2008 3008 4008 5008 2002 2003 2004 2005 2006 2007 2009 2010 2011 2012 2014 2015 2016 2017"},"content":{"rendered":"<div class=\"a-expander-content a-expander-partial-collapse-content a-expander-content-expanded\" aria-expanded=\"true\">\n<div id=\"productDescription\" class=\"a-section a-spacing-small\">\n<p>Kit di aggiornamento per fari fendinebbia a LED di nuova generazione. Questo articolo \u00e8 adatto come ricambio per i fari fendinebbia preinstallati. Questi sono i nuovi fendinebbia a LED di aggiornamento che sostituiscono le alogene di serie! L'angolo di illuminazione \u00e8 molto ampio (130 gradi a destra e a sinistra), e la linea di demarcazione \u00e8 chiara e nitida. Il vostro veicolo DEVE essere dotato di fendinebbia alogeni di serie. Questo kit sarebbe grande per voi per aggiornare come un aggiornamento LED in particolare per il nero il vostro veicolo. Riceverete entrambi i fendinebbia. Se si desidera rendere pi\u00f9 vivace l'aspetto del vostro veicolo o se si desidera una maggiore chiarezza durante la guida non mater ci\u00f2 che la condizione meteorologica questo potrebbe aiutare in entrambe le situazioni. Miglioreranno la visibilit\u00e0 durante la notte, la nebbia fitta, la pioggia battente e la neve.<br \/>\n<strong>Le caratteristiche includono:<\/strong><br \/>\n.Vieni Completo<br \/>\no Lampadine LED ad alta potenza.<br \/>\no Angolo di copertura molto ampio.<br \/>\no Riutilizzare l'hardware esistente.<br \/>\no Istruzioni complete incluse.<br \/>\n<strong>SOSTITUISCE I NUMERI ORIGINALI DEI FENDINEBBIA ALOGENI<\/strong><br \/>\n1209177<br \/>\n1209077<br \/>\n620662<br \/>\n4709052<br \/>\n8321A097<br \/>\n5001874722<br \/>\n26155-00Q0A<br \/>\n35500-63J00<br \/>\n35500-63J03<br \/>\n088358<br \/>\n26150-VD300<br \/>\n26150-EB500<br \/>\n35500-63J02<br \/>\n6710027<br \/>\n8200074008<br \/>\nC2S1740<br \/>\n<strong>SI ADATTA A:<\/strong><br \/>\n<strong>Peugeot<\/strong><br \/>\nPeugeot107 2005-2012<br \/>\nPeugeot206 2005-2012<br \/>\nPeugeot207 2005-2012<br \/>\nPeugeot307 2004-2012<br \/>\nPeugeot 308 T9 2013-2018<br \/>\nPeugeot 308 \u2161 2013-2018<br \/>\nPeugeot407 2004- 2011<br \/>\nPeugeot408 2014-2019<br \/>\nPeugeot4007 2007-2012<br \/>\nPeugeot607 2004-2011<br \/>\nPeugeot2008 2013-2019<br \/>\nPeugeot3008 2008-2019<br \/>\nPeugeot4008 2012-207<br \/>\nPeugeot5008 2009-2019<\/p>\n<\/div>\n<\/div>\n<div id=\"productDescription_expander-expand_collapse_link\" class=\"a-expander-header a-expander-partial-collapse-header celwidget\" data-csa-c-id=\"i1n3ak-d9zvbw-xz19zs-6wlspo\" data-cel-widget=\"productDescription_expander-expand_collapse_link\"><\/div>","protected":false},"excerpt":{"rendered":"<ul class=\"a-unordered-list a-vertical a-spacing-mini\">\n<li class=\"a-spacing-mini\"><span class=\"a-list-item\">Utilizza le lenti LED pi\u00f9 all'avanguardia: lenti a fuoco puntiformi. A differenza del vetro tradizionale, la lente a fuoco puntiforme utilizza un processo di stampaggio a iniezione della plastica, in modo da formare la complessa superficie curva calcolata dal computer. La lente a fuoco utilizza un design iperboloide, che ha una maggiore efficienza ottica e un tipo di luce pi\u00f9 ampio, in modo che questo tipo di lente possa realizzare la funzione di fendinebbia e la funzione di illuminazione ausiliaria della curva allo stesso tempo.<\/span><\/li>\n<li class=\"a-spacing-mini\"><span class=\"a-list-item\">Questo faro fendinebbia \u00e8 compatibile con la maggior parte dei fori di montaggio dei fendinebbia delle auto Peugeot e con l'interfaccia delle lampadine alogene (H11 H9 H8) presenti sul mercato, ha una forte versatilit\u00e0 ed \u00e8 molto conveniente per gli aggiornamenti e le modifiche.<\/span><\/li>\n<li class=\"a-spacing-mini\"><span class=\"a-list-item\">Siemid Autolights - Concentrata sulla ricerca e sviluppo e sulla produzione di lampade per autoveicoli. L'essenza del settore, alla guida della tendenza del settore! Ci impegniamo a produrre prodotti che siano garantiti e soddisfacenti per i consumatori. Benvenuti a scegliere.<\/span><\/li>\n<li class=\"a-spacing-mini\"><span class=\"a-list-item\">Alta qualit\u00e0, 1 anno di garanzia. Imballaggio: due confezioni<\/span><\/li>\n<li class=\"a-spacing-mini\"><span class=\"a-list-item\">Per evitare errori, si prega di controllare le dimensioni e la forma, la dimensione \u00e8 di 90 mm di diametro (forma rotonda).<\/span><\/li>\n<li class=\"a-spacing-mini\"><\/li>\n<\/ul>","protected":false},"featured_media":40472,"comment_status":"open","ping_status":"closed","template":"","meta":{"_acf_changed":false,"om_disable_all_campaigns":false,"inline_featured_image":false,"_mi_skip_tracking":false,"_monsterinsights_sitenote_active":false,"_monsterinsights_sitenote_note":"","_monsterinsights_sitenote_category":0},"product_brand":[],"product_cat":[554],"product_tag":[135147],"class_list":{"0":"post-40878","1":"product","2":"type-product","3":"status-publish","4":"has-post-thumbnail","6":"product_cat-fog-lights-automotive-lighting","7":"product_tag-warehouse-location-united-states","8":"product_shipping_class-us-stock-flat","9":"pa_compatibility-2000-ford-transit-mk6","10":"pa_compatibility-2000-ford-transit-mk7","11":"pa_compatibility-2001-ford-fiesta","12":"pa_compatibility-2003-ford-ecosport","13":"pa_compatibility-2004-ford-focus","14":"pa_compatibility-2005-ford-freestyle","15":"pa_compatibility-2006-ford-transit-vm","16":"pa_compatibility-2008-ford-taurus-x","17":"pa_compatibility-2010-ford-c-max","18":"pa_compatibility-2010-ford-transit","19":"pa_compatibility-2010-ford-transit-connect","20":"pa_compatibility-2011-ford-explorer","21":"pa_compatibility-2013-ford-fusion","22":"pa_compatibility-2013-ford-mondeo","23":"pa_compatibility-2014-ford-transit-mk8","24":"pa_compatibility-2015-ford-edge","25":"pa_compatibility-2015-ford-escort","26":"pa_compatibility-2015-ford-transit-250-2","27":"pa_compatibility-2019-ford-ranger","28":"pa_compatibility-2021-ford-bronco","30":"first","31":"instock","32":"sale","33":"shipping-taxable","34":"purchasable","35":"product-type-simple"},"acf":[],"aioseo_notices":[],"_links":{"self":[{"href":"https:\/\/siemid.com\/it\/wp-json\/wp\/v2\/product\/40878","targetHints":{"allow":["GET"]}}],"collection":[{"href":"https:\/\/siemid.com\/it\/wp-json\/wp\/v2\/product"}],"about":[{"href":"https:\/\/siemid.com\/it\/wp-json\/wp\/v2\/types\/product"}],"replies":[{"embeddable":true,"href":"https:\/\/siemid.com\/it\/wp-json\/wp\/v2\/comments?post=40878"}],"wp:featuredmedia":[{"embeddable":true,"href":"https:\/\/siemid.com\/it\/wp-json\/wp\/v2\/media\/40472"}],"wp:attachment":[{"href":"https:\/\/siemid.com\/it\/wp-json\/wp\/v2\/media?parent=40878"}],"wp:term":[{"taxonomy":"product_brand","embeddable":true,"href":"https:\/\/siemid.com\/it\/wp-json\/wp\/v2\/product_brand?post=40878"},{"taxonomy":"product_cat","embeddable":true,"href":"https:\/\/siemid.com\/it\/wp-json\/wp\/v2\/product_cat?post=40878"},{"taxonomy":"product_tag","embeddable":true,"href":"https:\/\/siemid.com\/it\/wp-json\/wp\/v2\/product_tag?post=40878"}],"curies":[{"name":"wp","href":"https:\/\/api.w.org\/{rel}","templated":true}]}}