{"id":40991,"date":"2023-12-16T03:12:27","date_gmt":"2023-12-16T03:12:27","guid":{"rendered":"https:\/\/siemid.com\/?post_type=product&#038;p=40991"},"modified":"2025-10-09T17:41:02","modified_gmt":"2025-10-09T17:41:02","slug":"siemid-led-fog-lights-assembly-chrome-bezel-compatible-with-toyota-camry-corolla-yaris-auris-prius-avalon-solara-2006-2019","status":"publish","type":"product","link":"https:\/\/siemid.com\/it\/prodotto\/siemid-led-fog-lights-assembly-chrome-bezel-compatible-with-toyota-camry-corolla-yaris-auris-prius-avalon-solara-2006-2019\/","title":{"rendered":"SIEMID Gruppo fendinebbia a LED, cornice cromata, compatibile con Toyota Camry, Corolla, Yaris, AURIS, PRIUS, Avalon, Solara, 2006-2019"},"content":{"rendered":"<h2 class=\"default\">Descrizione del prodotto<\/h2>\n<div id=\"productDescription\" class=\"a-section a-spacing-small\">\n<p>Aggiornamento dei fari fendinebbia a LED di nuova generazione per Toyota Cars.This articolo si adatta come parti di ricambio che vengono pre-installati con fari fendinebbia. Questi sono i nuovi fendinebbia a LED di aggiornamento che sostituiscono l'alogeno stock! L'angolo di illuminazione \u00e8 molto ampia (120 gradi a sinistra ea destra), e la linea di cut-off \u00e8 chiaro e nitido.Approvazione ECE F3 SAE DOT. Si ricevono entrambi i fendinebbia. Se si desidera rendere pi\u00f9 vivace l'aspetto del vostro veicolo o se si desidera una maggiore chiarezza durante la guida non mater quale sia la condizione atmosferica questo potrebbe aiutarvi in entrambe le situazioni. Miglioreranno la visibilit\u00e0 durante la notte, la nebbia fitta, la pioggia battente e la neve.<br \/>\n<strong><span class=\"a-text-bold\">Le caratteristiche includono:<\/span><\/strong><br \/>\n.Vieni Completo<br \/>\no Lampadine LED ad alta potenza.<br \/>\no Angolo di copertura molto ampio.<br \/>\no Riutilizzare l'hardware esistente.<br \/>\n<strong><span class=\"a-text-bold\">SOSTITUISCE I NUMERI ORIGINALI DEI FENDINEBBIA ALOGENI<\/span><\/strong><br \/>\n8122006100 812200D040 812200D041 812200D042<br \/>\n8122006071 711336EQ 711336ET 81220-06071 711336E<br \/>\nTO2592138 19-5922-00-9 19-5922-00<br \/>\nTO2593138 19-5921-00 19-5921-00-9<br \/>\n<strong><span class=\"a-text-bold\">Adatto:<\/span><\/strong><\/p>\n<p>Per Camry 2007-2014<br \/>\nPer Corolla 2009-2016<br \/>\nPer Yaris 2007-2018<br \/>\nPer Avalon 2008-2015<br \/>\nPer Matrix 2009-2014<br \/>\nPer Prius 2010-2015<br \/>\nPer Prius C 2012-2015<br \/>\nPer Prius V 2012-2017<br \/>\nPer PRIUS PLUG-IN 2014-2015<br \/>\nPer Solara 2007-2008<br \/>\nPer Reiz 2013-2018<br \/>\nPer Vios 2014-2016<br \/>\nPer Tacoma 2012-2021<br \/>\nPer RAV4 2006-2012<br \/>\nPer RAV4 2016-2021<br \/>\nPer 4Runner 2010-2022<br \/>\nPer Tundra 2014-2020<br \/>\nPer Highlander 2010-2021<br \/>\nPer C-HR 2018-2019<br \/>\nPer Venza 2009-2016<br \/>\nPer Sienna 2011-2020<br \/>\nPer Scion xA 2006<\/p>\n<p><strong><span class=\"a-text-bold\">Adatto per LEXUS:<\/span><\/strong><br \/>\nCT200H 2011-2017<br \/>\nES300h 2013-2019<br \/>\nGS200t 2016-2017<br \/>\nGS300 2018-2019<br \/>\nGS350 2013-2020<br \/>\nGS450H 2014-2015<br \/>\nRX450h 2010-2019<br \/>\nES350 2013-2018<br \/>\nIS250 2011-2015<br \/>\nIS300 2016<br \/>\nIS350 2011-2016<br \/>\nNX200T 2015-2017<br \/>\nRX350 2009-2019<br \/>\nGS450H 2013-2018<br \/>\nHS250H 2010-2012<br \/>\nIS F 2008-2014<br \/>\nLX570 2008-2015<\/p>\n<\/div>","protected":false},"excerpt":{"rendered":"<ul class=\"a-unordered-list a-vertical a-spacing-mini\">\n<li class=\"a-spacing-mini\"><span class=\"a-list-item\">Utilizza le lenti LED pi\u00f9 all'avanguardia: lenti a fuoco puntiformi. A differenza del vetro tradizionale, la lente a fuoco puntiforme utilizza un processo di stampaggio a iniezione della plastica, in modo da formare la complessa superficie curva calcolata dal computer. La lente a fuoco utilizza un design iperboloide, che ha una maggiore efficienza ottica e un tipo di luce pi\u00f9 ampio, in modo che questo tipo di lente possa realizzare la funzione di fendinebbia e la funzione di illuminazione ausiliaria della curva allo stesso tempo.<\/span><\/li>\n<li class=\"a-spacing-mini\"><span class=\"a-list-item\">Questo faro fendinebbia \u00e8 compatibile con la maggior parte dei fori di montaggio dei fendinebbia a lampadina alogena e con l'interfaccia della lampadina (H11) delle auto Toyota presenti sul mercato, ha una forte versatilit\u00e0 ed \u00e8 molto conveniente per gli aggiornamenti e le modifiche.<\/span><\/li>\n<li class=\"a-spacing-mini\"><span class=\"a-list-item\">Siemid Autolights - Concentrata sulla ricerca e sviluppo e sulla produzione di lampade per autoveicoli. L'essenza del settore, alla guida della tendenza del settore! Ci impegniamo a produrre prodotti che siano garantiti e soddisfacenti per i consumatori. Benvenuti a scegliere.<\/span><\/li>\n<li class=\"a-spacing-mini\"><span class=\"a-list-item\">Alta qualit\u00e0, 1 anno di garanzia.Imballaggio: due confezioni<\/span><\/li>\n<li class=\"a-spacing-mini\"><span class=\"a-list-item\">La lampada con cornice cromata e la lampada con cornice nera differiscono solo nell'aspetto, le dimensioni di installazione sono le stesse e i veicoli applicabili sono tutti uguali.<\/span><\/li>\n<\/ul>","protected":false},"featured_media":40992,"comment_status":"open","ping_status":"closed","template":"","meta":{"_acf_changed":false,"om_disable_all_campaigns":false,"inline_featured_image":false,"_mi_skip_tracking":false,"_monsterinsights_sitenote_active":false,"_monsterinsights_sitenote_note":"","_monsterinsights_sitenote_category":0},"product_brand":[],"product_cat":[554],"product_tag":[135147],"class_list":{"0":"post-40991","1":"product","2":"type-product","3":"status-publish","4":"has-post-thumbnail","6":"product_cat-fog-lights-automotive-lighting","7":"product_tag-warehouse-location-united-states","8":"product_shipping_class-us-stock-flat","9":"pa_compatibility-2006-toyota-rav4","10":"pa_compatibility-2006-toyota-scion-xa","11":"pa_compatibility-2007-toyota-camry","12":"pa_compatibility-2007-toyota-corolla","13":"pa_compatibility-2007-toyota-solara","14":"pa_compatibility-2007-toyota-yaris","15":"pa_compatibility-2008-is-f","16":"pa_compatibility-2008-lexus-lx570","17":"pa_compatibility-2008-toyota-avalon","18":"pa_compatibility-2009-lexus-rx350","19":"pa_compatibility-2009-toyota-matrix","20":"pa_compatibility-2009-toyota-venza","21":"pa_compatibility-2010-hs250h","22":"pa_compatibility-2010-lexus-rx450h","23":"pa_compatibility-2010-toyota-4runner","24":"pa_compatibility-2010-toyota-highlander","25":"pa_compatibility-2011-lexus-ct200h","26":"pa_compatibility-2011-lexus-is250","27":"pa_compatibility-2011-lexus-is350","28":"pa_compatibility-2011-toyota-sienna","29":"pa_compatibility-2012-toyota-prius","30":"pa_compatibility-2012-toyota-prius-c","31":"pa_compatibility-2012-toyota-prius-v","32":"pa_compatibility-2012-toyota-tacoma","33":"pa_compatibility-2013-lexus-es300h","34":"pa_compatibility-2013-lexus-es350","35":"pa_compatibility-2013-lexus-gs350","36":"pa_compatibility-2013-lexus-gs450h","37":"pa_compatibility-2014-lexus-gs450h","38":"pa_compatibility-2014-toyota-prius-plug-in","39":"pa_compatibility-2014-toyota-tundra","40":"pa_compatibility-2015-lexus-nx200t","41":"pa_compatibility-2016-lexus-gs200t","42":"pa_compatibility-2016-lexus-is300","43":"pa_compatibility-2018-lexus-gs300","44":"pa_compatibility-2018-toyota-c-hr","46":"first","47":"instock","48":"sale","49":"featured","50":"shipping-taxable","51":"purchasable","52":"product-type-simple"},"acf":[],"aioseo_notices":[],"_links":{"self":[{"href":"https:\/\/siemid.com\/it\/wp-json\/wp\/v2\/product\/40991","targetHints":{"allow":["GET"]}}],"collection":[{"href":"https:\/\/siemid.com\/it\/wp-json\/wp\/v2\/product"}],"about":[{"href":"https:\/\/siemid.com\/it\/wp-json\/wp\/v2\/types\/product"}],"replies":[{"embeddable":true,"href":"https:\/\/siemid.com\/it\/wp-json\/wp\/v2\/comments?post=40991"}],"wp:featuredmedia":[{"embeddable":true,"href":"https:\/\/siemid.com\/it\/wp-json\/wp\/v2\/media\/40992"}],"wp:attachment":[{"href":"https:\/\/siemid.com\/it\/wp-json\/wp\/v2\/media?parent=40991"}],"wp:term":[{"taxonomy":"product_brand","embeddable":true,"href":"https:\/\/siemid.com\/it\/wp-json\/wp\/v2\/product_brand?post=40991"},{"taxonomy":"product_cat","embeddable":true,"href":"https:\/\/siemid.com\/it\/wp-json\/wp\/v2\/product_cat?post=40991"},{"taxonomy":"product_tag","embeddable":true,"href":"https:\/\/siemid.com\/it\/wp-json\/wp\/v2\/product_tag?post=40991"}],"curies":[{"name":"wp","href":"https:\/\/api.w.org\/{rel}","templated":true}]}}