{"id":40995,"date":"2023-12-16T03:28:08","date_gmt":"2023-12-16T03:28:08","guid":{"rendered":"https:\/\/siemid.com\/?post_type=product&#038;p=40995"},"modified":"2025-10-09T17:40:38","modified_gmt":"2025-10-09T17:40:38","slug":"siemid-2022-180w-1000-bright-h6054-5x7-7x6-led-headlights-compatible-with-jeep-cherokee-xj-wrangler-yj-dotanti-glaredrl-turn-signalhi-low-sealed-beam-ford-chevy-gmc-toyota-nissan-dodge-etc","status":"publish","type":"product","link":"https:\/\/siemid.com\/it\/prodotto\/siemid-2022-180w-1000-bright-h6054-5x7-7x6-led-headlights-compatible-with-jeep-cherokee-xj-wrangler-yj-dotanti-glaredrl-turn-signalhi-low-sealed-beam-ford-chevy-gmc-toyota-nissan-dodge-etc\/","title":{"rendered":"SIEMID 2022 180W 1000% Luminoso H6054 5\u00d77 7\u00d76 Fari a Led Compatibile con Jeep Cherokee XJ Wrangler YJ [ DOT][Anti-glare][DRL Turn Signal][Hi\/Low Sealed Beam] Ford Chevy GMC Toyota Nissan Dodge ecc."},"content":{"rendered":"<h2 class=\"default\"><span style=\"font-size: 16px;\">Compatibile con: (Non limitato a):<\/span><\/h2>\n<div id=\"productDescription\" class=\"a-section a-spacing-small\">\n<p class=\"description\"><span class=\"a-text-bold\">Jeep: il marchio<\/span>1984 - 2001 Jeep Cherokee XJ\uff1b1987 - 1995 Jeep Wrangler YJ\uff1b1986 - 1992 Jeep Comanche MJ\uff1b1984 - 1991 Jeep Wagoneer\uff1b<\/p>\n<p class=\"description\"><span class=\"a-text-bold\">Chevrolet:<\/span>\u00a01984-1996 Chevrolet C4 Corvette ; 1995-2005 Chevrolet Astro\uff1b1988 - 1991 Chevrolet C1500 \/ C2500 \/ C3500 Silverado\uff1b1996 - 2017 Chevrolet Express 1500 \/ 2500 \/ 3500\uff1b1996 - 2014 Chevrolet Express 1500 LS \/ LT\uff1b 1988 - 1991 Chevrolet K1500 \/ K2500 \/ K3500\uff1b1984 - 1986 Chevy K5 Blazer\uff1b1985 - 1990 Chevrolet S10 \/ S10 Blazer 1987 - 1988 Chevrolet Suburban R10 \/ R20 \/ V10 \/ V20 \/ V30\uff1b1984 - 1986 Chevrolet Suburban C10 \/ C20 \/ K10 \/ K20\uff1b1989 - 1991 Chevrolet Suburban R1500 \/ R2500 \/ V1500 \/ V2500 \/ V3500 ecc.<\/p>\n<p class=\"description\"><span class=\"a-text-bold\">GMC:<\/span>\u00a01984 - 1991 GMC C1500 \/ C2500 \/ C3500\uff1b1984 - 1990 GMC G1500 \/ G2500 \/ G3500\uff1b1984 - 1991 GMC K1500 \/ K2500 \/ K3500\uff1b 1987 - 1989 GMC R2500\uff1b1987 - 1991 GMC R3500\uff1b1984 - 1990 GMC S15\uff1b 1985-2007 GMC Safari\uff1b1996 - 2017 GMC Savana 2500\uff1b 1996-2017 Savana 1500\/2500\/3500\uff1b1984 - 1991 GMC Suburban C1500 \/ C2500 \/ K1500 \/ K2500\uff1b1987 - 1991 GMC Suburban R1500 \/ R2500\uff1b1987 - 1991 GMC V1500 \/ V2500 \/ V 3500 ecc.<\/p>\n<p class=\"description\"><span class=\"a-text-bold\">Ford:<\/span>\u00a01979-1986 Bronco; 1995-2002 Econoline; 1985-2013 E150\/E250\/E350\/E450, ecc.<\/p>\n<p class=\"description\"><span class=\"a-text-bold\">Toyota:<\/span>\u00a01982-1996 Tacoma; 1984-1999 4Runner; 1986-1993 Supra; 1985-1995 MR2, ecc.<\/p>\n<p class=\"description\"><span class=\"a-text-bold\">Nota:\u00a0<\/span>Per alcuni vecchi veicoli di marca giapponese, come Toyota, potrebbe essere necessario acquistare un cablaggio supplementare per il rel\u00e8 H4.<\/p>\n<p class=\"description\"><span class=\"a-text-bold\">Nissan:<\/span>\u00a01986-1994 D21; 1989-1991 240SX; 1984-1988 200SX, ecc.<\/p>\n<p class=\"description\"><span class=\"a-text-bold\">Semirimorchi:\u00a0<\/span>Modelli compatibili di Peterbilt, Freightliner, International, Kenworth, ecc.<\/p>\n<p class=\"description\"><span class=\"a-text-bold\"><u>Nota:\u00a0<\/u><\/span>Per alcuni vecchi veicoli di marca giapponese, come Toyota, potrebbe essere necessario acquistare un cablaggio supplementare per il rel\u00e8 H4.<\/p>\n<\/div>","protected":false},"excerpt":{"rendered":"<ul class=\"a-unordered-list a-vertical a-spacing-mini\">\n<li class=\"a-spacing-mini\"><span class=\"a-list-item\">Il miglior valore di aggiornamento dei fari: Super luminosi, 9500lm\/6500lm abbaglianti\/anabbaglianti; il miglior fascio di luce sul mercato: Luce uniforme, senza zone cieche e punti di penombra; Molto robusti: 5,05 lb\/coppia; Look moderno, Plug&amp;Play, a prova di acqua IP67<\/span><\/li>\n<li class=\"a-spacing-mini\"><span class=\"a-list-item\">Fascio di luce perfetto: La migliore linea di demarcazione a \"Z\", migliore di qualsiasi altro faro a LED; luce super luminosa e uniforme, nessuna zona cieca e punti di penombra; mai accecare i conducenti in arrivo; Approvazione DOT SAE (\"DOT SAE MS-5798 HL P VOR 20 12V\" pu\u00f2 essere cercato su NHTSA, altri DOT falsi non possono essere cercati)<\/span><\/li>\n<li class=\"a-spacing-mini\"><span class=\"a-list-item\">Illuminamento stabile: Il faro SIEMID h6054 LED utilizza i pi\u00f9 recenti chip di alta qualit\u00e0; l'esclusivo circuito anti-invecchiamento e il design pi\u00f9 efficace di dissipazione del calore garantiscono che l'illuminamento non si attenui, rendendolo luminoso come il nuovo anche dopo anni.<\/span><\/li>\n<li class=\"a-spacing-mini\"><span class=\"a-list-item\">Applicazione: SIEMID 5\u00d77 fari a led si adattano a tutti i veicoli con 5\u00d77 pollici (noto anche come 7\u00d76) fari quadrati, Super cool aggiornamento per 86-95 Jeep Wrangler yj, 79-01 Cherokee XJ, Ford E-series F-series, C4 Corvette, GMC Savana, Dodge w250 ecc (Suggerimenti: pls consultarci se non siete sicuri se si adatta o meno), alcuni vecchi Giappone auto di marca bisogno di kit di rel\u00e8 extra (Asin: B089M4DC45)<\/span><\/li>\n<li class=\"a-spacing-mini\"><span class=\"a-list-item\">Vita e 100% soddisfazione garantita - Qualsiasi problema del prodotto, non esitate a contattare il centro messaggi SIEIMID.<\/span><\/li>\n<\/ul>","protected":false},"featured_media":40996,"comment_status":"open","ping_status":"closed","template":"","meta":{"_acf_changed":false,"om_disable_all_campaigns":false,"inline_featured_image":false,"_mi_skip_tracking":false,"_monsterinsights_sitenote_active":false,"_monsterinsights_sitenote_note":"","_monsterinsights_sitenote_category":0},"product_brand":[],"product_cat":[267],"product_tag":[135147],"class_list":{"0":"post-40995","1":"product","2":"type-product","3":"status-publish","4":"has-post-thumbnail","6":"product_cat-headlights","7":"product_tag-warehouse-location-united-states","8":"product_shipping_class-china-stock","9":"pa_compatibility-2006-toyota-rav4","10":"pa_compatibility-2006-toyota-scion-xa","11":"pa_compatibility-2007-toyota-camry","12":"pa_compatibility-2007-toyota-corolla","13":"pa_compatibility-2007-toyota-solara","14":"pa_compatibility-2007-toyota-yaris","15":"pa_compatibility-2008-is-f","16":"pa_compatibility-2008-lexus-lx570","17":"pa_compatibility-2008-toyota-avalon","18":"pa_compatibility-2009-lexus-rx350","19":"pa_compatibility-2009-toyota-matrix","20":"pa_compatibility-2009-toyota-venza","21":"pa_compatibility-2010-hs250h","22":"pa_compatibility-2010-lexus-rx450h","23":"pa_compatibility-2010-toyota-4runner","24":"pa_compatibility-2010-toyota-highlander","25":"pa_compatibility-2011-lexus-ct200h","26":"pa_compatibility-2011-lexus-is250","27":"pa_compatibility-2011-lexus-is350","28":"pa_compatibility-2011-toyota-sienna","29":"pa_compatibility-2012-toyota-prius","30":"pa_compatibility-2012-toyota-prius-c","31":"pa_compatibility-2012-toyota-prius-v","32":"pa_compatibility-2012-toyota-tacoma","33":"pa_compatibility-2013-lexus-es300h","34":"pa_compatibility-2013-lexus-es350","35":"pa_compatibility-2013-lexus-gs350","36":"pa_compatibility-2013-lexus-gs450h","37":"pa_compatibility-2014-lexus-gs450h","38":"pa_compatibility-2014-toyota-prius-plug-in","39":"pa_compatibility-2014-toyota-tundra","40":"pa_compatibility-2015-lexus-nx200t","41":"pa_compatibility-2016-lexus-gs200t","42":"pa_compatibility-2016-lexus-is300","43":"pa_compatibility-2018-lexus-gs300","44":"pa_compatibility-2018-toyota-c-hr","46":"first","47":"instock","48":"sale","49":"featured","50":"shipping-taxable","51":"purchasable","52":"product-type-simple"},"acf":[],"aioseo_notices":[],"_links":{"self":[{"href":"https:\/\/siemid.com\/it\/wp-json\/wp\/v2\/product\/40995","targetHints":{"allow":["GET"]}}],"collection":[{"href":"https:\/\/siemid.com\/it\/wp-json\/wp\/v2\/product"}],"about":[{"href":"https:\/\/siemid.com\/it\/wp-json\/wp\/v2\/types\/product"}],"replies":[{"embeddable":true,"href":"https:\/\/siemid.com\/it\/wp-json\/wp\/v2\/comments?post=40995"}],"wp:featuredmedia":[{"embeddable":true,"href":"https:\/\/siemid.com\/it\/wp-json\/wp\/v2\/media\/40996"}],"wp:attachment":[{"href":"https:\/\/siemid.com\/it\/wp-json\/wp\/v2\/media?parent=40995"}],"wp:term":[{"taxonomy":"product_brand","embeddable":true,"href":"https:\/\/siemid.com\/it\/wp-json\/wp\/v2\/product_brand?post=40995"},{"taxonomy":"product_cat","embeddable":true,"href":"https:\/\/siemid.com\/it\/wp-json\/wp\/v2\/product_cat?post=40995"},{"taxonomy":"product_tag","embeddable":true,"href":"https:\/\/siemid.com\/it\/wp-json\/wp\/v2\/product_tag?post=40995"}],"curies":[{"name":"wp","href":"https:\/\/api.w.org\/{rel}","templated":true}]}}