{"id":41013,"date":"2024-01-04T15:10:47","date_gmt":"2024-01-04T15:10:47","guid":{"rendered":"https:\/\/siemid.com\/?post_type=product&#038;p=41013"},"modified":"2026-01-07T18:20:06","modified_gmt":"2026-01-07T18:20:06","slug":"new-generation-led-fog-lights-retrofit-upgraded-for-honda-acura-nissan-subaru-ford-mitsubishi-lincoln-porsche-jeep-ram-fiat-suzuki-land-rover-peugeot-renault-citroen-jaguar","status":"publish","type":"product","link":"https:\/\/siemid.com\/it\/prodotto\/new-generation-led-fog-lights-retrofit-upgraded-for-honda-acura-nissan-subaru-ford-mitsubishi-lincoln-porsche-jeep-ram-fiat-suzuki-land-rover-peugeot-renault-citroen-jaguar\/","title":{"rendered":"La nuova generazione ha condotto il retrofit dei fari antinebbia aggiornati per Honda Acura Nissan Subaru Ford Mitsubishi Lincoln Porsche Jeep RAM Fiat Suzuki Land Rover Peugeot Renault Citro\u00ebn Jaguar"},"content":{"rendered":"<div class=\"a-expander-content a-expander-partial-collapse-content a-expander-content-expanded\" aria-expanded=\"true\">\n<div id=\"productDescription\" class=\"a-section a-spacing-small\">\n<p>Kit di aggiornamento per fari fendinebbia a LED di nuova generazione. Questo articolo \u00e8 adatto come ricambio per i fari fendinebbia preinstallati. Questi sono i nuovi fendinebbia a LED di aggiornamento che sostituiscono le alogene di serie! L'angolo di illuminazione \u00e8 molto ampio (130 gradi a destra e a sinistra), e la linea di demarcazione \u00e8 chiara e nitida. Il vostro veicolo DEVE essere dotato di fendinebbia alogeni di serie. Questo kit sarebbe grande per voi per aggiornare come un aggiornamento LED in particolare per il nero il vostro veicolo. Riceverete entrambi i fendinebbia. Se si desidera rendere pi\u00f9 vivace l'aspetto del vostro veicolo o se si desidera una maggiore chiarezza durante la guida non mater ci\u00f2 che la condizione meteorologica questo potrebbe aiutare in entrambe le situazioni. Miglioreranno la visibilit\u00e0 durante la notte, la nebbia fitta, la pioggia battente e la neve.<br \/>\n<strong>Le caratteristiche includono:<\/strong><br \/>\n.Vieni Completo<br \/>\no Lampadine LED ad alta potenza.<br \/>\no Angolo di copertura molto ampio.<br \/>\no Riutilizzare l'hardware esistente.<br \/>\no Istruzioni complete incluse.<br \/>\n<strong>SOSTITUISCE I NUMERI ORIGINALI DEI FENDINEBBIA ALOGENI<\/strong><br \/>\n1209177<br \/>\n1209077<br \/>\n620662<br \/>\n4709052<br \/>\n8321A097<br \/>\n5001874722<br \/>\n26155-00Q0A<br \/>\n35500-63J00<br \/>\n35500-63J03<br \/>\n088358<br \/>\n26150-VD300<br \/>\n26150-EB500<br \/>\n35500-63J02<br \/>\n6710027<br \/>\n8200074008<br \/>\nC2S1740<\/p>\n<p><strong>SI ADATTA A:<\/strong><\/p>\n<p><strong>Honda<\/strong><br \/>\nCivico 2016-2021<br \/>\nCivic Hatchback 2016-2019 2020 2021<br \/>\nCivic Sport Hatchback 2016-2021<br \/>\nCR-V 2012-2014 (sottomodello: EX, EX-L, LX, Touring)<br \/>\nCR-Z 2013-2016<br \/>\nFit 2014-2021<br \/>\nJAZZ 2014-2021<br \/>\nHR-V LX 2019 2020 2021<br \/>\nPilota 2012-2021<br \/>\n2013-2015 Accord (EX, EX-L, LX-S) Coup\u00e9 2 porte<br \/>\nOdissea 2018-2020<br \/>\n2017-2020 Ridgeline<br \/>\nCrosstour 2013-2015<br \/>\nGK5 2014-2017<br \/>\nCRIDER 2013-2018<br \/>\nGerry 2015-2018<br \/>\nGREIZ 2015-2018<\/p>\n<p><strong>Acura<\/strong><br \/>\nAcura ILX 2013-2016<br \/>\nAcura RDX 2010-2016<br \/>\nAcura TL 2012-2014<br \/>\nAcura TSX 2011-2014<\/p>\n<p><strong>FORD<\/strong><br \/>\nFocus 2004-2014<br \/>\nScorta 2015-2017<br \/>\nFiesta 2002-2012<br \/>\nBordo 2015-2017<br \/>\nEcosport 2003-2016<br \/>\nEsploratore 2011-2015<br \/>\nRaptor 2011-2016<br \/>\nIkon<br \/>\nC-MAX II 2010<br \/>\nFIESTA V 2001-2010<br \/>\nFIESTA VI 2008<br \/>\nFOCUS II 2004-2012<br \/>\nFOCUS II Berlina 2005<br \/>\nFOCUS II Turnier 2004-2012<br \/>\nFUSIONE 2013-2016<br \/>\nMondeo 2013-2016<br \/>\nFord Freestyle 2005-2007<br \/>\nFord Taurus X 2008-2009<br \/>\nC-MAX 2013-2018<br \/>\nTransito 2010-2020<br \/>\nTransit Connect 2010-2020<br \/>\nTransito 250 2015-2021<br \/>\nTransit VM 2006-2013<br \/>\nTRANSIT MK6 2000-2005<br \/>\nTRANSIT MK7 2000-2005<br \/>\nTRANSIT MK8 2014-2019<br \/>\nTOURNEO CONNECT 2002-2013<br \/>\nBRONCO 2021<br \/>\nRANGER 2019-2022<br \/>\nBordo 2015-2017<\/p>\n<p><strong>Jeep<\/strong><br \/>\nBussola 2017-2021<br \/>\nBussola MP 2017-2021<br \/>\nRenegade 2015-2021<br \/>\nCherokee 2018<\/p>\n<p><strong>RAM<\/strong><br \/>\nRAM 1500 2019-2022<br \/>\nRAM 2500 2019-2022<br \/>\nRAM 3500 2019-2022<br \/>\nRAM PROMASTER 1500 2014-2022<br \/>\nRAM PROMASTER 2500 2014-2022<br \/>\nRAM PROMASTER 3500 2014-2022<br \/>\nRAM PROMASTER CITY 2015-2022<\/p>\n<p><strong>Nissan<\/strong><br \/>\nXterra 2006-2015<br \/>\nFrontier 2005-2020 (2011-2015 deve essere con paraurti in metallo)<br \/>\nTitano 2016-2021<br \/>\nSentraSE-R 2007-2012<br \/>\nSentra SE-R Spec V 2007-2012<br \/>\nPathfinder 2006-2012<br \/>\nPathfinder III (R51) 2006-2012<br \/>\nPathfinder 2017-2021 (non adatto al 2013-2016)<br \/>\nFoglia 2011-2017<\/p>\n<p><strong>Subaru<\/strong><br \/>\nSubaru XV 2013-2021<br \/>\nSubaru Crosstrek 2016-2021<br \/>\nSubaru XV Crosstrek 2013-2021<br \/>\nSubaru XV Crosstrek 2.5i \/ Hybrid 2013-2021<br \/>\nSubaru Legacy 2.5i \/3.6L\/3.6R\/ GT 2010-2014<br \/>\nSubaru Outback 2.5i \/3.6L\/3.6R 2010-2012<br \/>\nSubaru WRX \/ STi 2015-2017<br \/>\nSubaru Forester 2014-2021<br \/>\nSubaru Forester 2.5i \/ XT 2014-2021<br \/>\nSubaru BRZ 2013-2016<\/p>\n<p><strong>Suzuki<\/strong><br \/>\nVitara 2001-2021<br \/>\nGrand Vitara 2001-2021<br \/>\nSwift 2005-2014<br \/>\nLandy 2010-2015<br \/>\nJimny 1998-2005 2018-2021<br \/>\nAlto 2009-2014<br \/>\nLiana A6 2010-1012<br \/>\nKeietsu<br \/>\nS-CROSS<br \/>\nSCHIZZO (EX) 2008<\/p>\n<p><strong>Lincoln<\/strong><br \/>\nLincoln LS 2005-2006<br \/>\nLincoln Navigator 2007-2014<\/p>\n<p><strong>Mitsubishi<\/strong><br \/>\nOutlander 2006-2020<br \/>\nOutlander Sport 2006-2020<br \/>\nASX 2010-2015<br \/>\nRVR 2007-2015<br \/>\nMontero Pajero 2010-2016<br \/>\nPajero IV V8_W V9_W Veicolo fuoristrada chiuso 2007-2012<br \/>\nPajero IV Van V80 V90 Box 2007-2015<br \/>\nPajero IV V8_W V9_W 2007-2015<br \/>\nEndeavor 2006-2011<br \/>\nEclissi 2006-2012<br \/>\nGalant 2007-2012<br \/>\nL200 2008-2010 2005-2015<br \/>\nTriton 2005-2015<br \/>\nTriton L200 2005-2015<br \/>\nTriton IV Pickup 2006-2015<br \/>\nTriton ML 2006-2009<br \/>\nTriton MN 2009-2015<br \/>\nRalliart Turbo 2009-2015<br \/>\nLancer Ralliart 2009-2015<\/p>\n<p><strong>Land-Rover<\/strong><br \/>\nLR2 2008 - 2014<br \/>\nLR4 2010 - 2015<br \/>\nScoperta 4 2010 - AVANTI<br \/>\nRange Rover full size 2010 - 2012<br \/>\nRange Rover Full Size sovralimentata 2010 - 2012<br \/>\nRange Rover Sport 2010 - '2013<br \/>\nRange Rover Sport Supercharged 2010 - 2013<br \/>\nJAGUAR<br \/>\nTIPO S (X200) 1999-2008<br \/>\nX-TYPE (X400) 2001-2009<br \/>\nXK 2009-2010<\/p>\n<p><strong>Porsche<\/strong><br \/>\nCayenne 2005-2018<br \/>\nPorsche Macan 2015-2018<\/p>\n<p><strong>Intelligente<\/strong><br \/>\nFortwo 453 2015-2018<br \/>\nFortwo W453 2015-2018<br \/>\nEQ fortwo 2019<br \/>\nForfour 2016-2018<\/p>\n<p><strong>FIAT<\/strong><br \/>\nFIAT 500 2012-2019<br \/>\nFIAT 500L 2014-2021<br \/>\nFIAT 500X 2019-2021<br \/>\nTALENTO 2016<\/p>\n<p><strong>Peugeot<\/strong><br \/>\nPeugeot107 2005-2012<br \/>\nPeugeot206 2005-2012<br \/>\nPeugeot207 2005-2012<br \/>\nPeugeot307 2004-2012<br \/>\nPeugeot 308 T9 2013-2018<br \/>\nPeugeot 308 \u2161 2013-2018<br \/>\nPeugeot407 2004- 2011<br \/>\nPeugeot408 2014-2019<br \/>\nPeugeot4007 2007-2012<br \/>\nPeugeot607 2004-2011<br \/>\nPeugeot2008 2013-2019<br \/>\nPeugeot3008 2008-2019<br \/>\nPeugeot4008 2012-207<br \/>\nPeugeot5008 2009-2019<\/p>\n<\/div>\n<\/div>\n<div id=\"productDescription_expander-expand_collapse_link\" class=\"a-expander-header a-expander-partial-collapse-header celwidget\" data-csa-c-id=\"i1n3ak-d9zvbw-xz19zs-6wlspo\" data-cel-widget=\"productDescription_expander-expand_collapse_link\"><\/div>","protected":false},"excerpt":{"rendered":"<ul class=\"a-unordered-list a-vertical a-spacing-mini\">\n<li class=\"a-spacing-mini\"><span class=\"a-list-item\">Utilizza le lenti LED pi\u00f9 all'avanguardia: lenti a fuoco puntiformi. A differenza del vetro tradizionale, la lente a fuoco puntiforme utilizza un processo di stampaggio a iniezione della plastica, in modo da formare la complessa superficie curva calcolata dal computer. La lente a fuoco utilizza un design iperboloide, che ha una maggiore efficienza ottica e un tipo di luce pi\u00f9 ampio, in modo che questo tipo di lente possa realizzare la funzione di fendinebbia e la funzione di illuminazione ausiliaria della curva allo stesso tempo.<\/span><\/li>\n<li class=\"a-spacing-mini\"><span class=\"a-list-item\">Questo faro fendinebbia \u00e8 compatibile con la maggior parte dei fori di montaggio dei fari fendinebbia e con l'interfaccia delle lampadine alogene (H11 H9 H8) presenti sul mercato, ha una forte versatilit\u00e0 ed \u00e8 molto conveniente per gli aggiornamenti e le modifiche.<\/span><\/li>\n<li class=\"a-spacing-mini\"><span class=\"a-list-item\">Siemid Autolights - Concentrata sulla ricerca e sviluppo e sulla produzione di lampade per autoveicoli. L'essenza del settore, alla guida della tendenza del settore! Ci impegniamo a produrre prodotti che siano garantiti e soddisfacenti per i consumatori. Benvenuti a scegliere.<\/span><\/li>\n<li class=\"a-spacing-mini\"><span class=\"a-list-item\">Alta qualit\u00e0, 1 anno di garanzia. Imballaggio: due confezioni<\/span><\/li>\n<li class=\"a-spacing-mini\"><span class=\"a-list-item\">Per evitare errori, si prega di controllare le dimensioni e la forma, la dimensione \u00e8 di 90 mm di diametro (forma rotonda).<\/span><\/li>\n<li class=\"a-spacing-mini\"><\/li>\n<\/ul>","protected":false},"featured_media":40472,"comment_status":"open","ping_status":"closed","template":"","meta":{"_acf_changed":false,"om_disable_all_campaigns":false,"inline_featured_image":false,"_mi_skip_tracking":false,"_monsterinsights_sitenote_active":false,"_monsterinsights_sitenote_note":"","_monsterinsights_sitenote_category":0},"product_brand":[],"product_cat":[554],"product_tag":[135147],"class_list":{"0":"post-41013","1":"product","2":"type-product","3":"status-publish","4":"has-post-thumbnail","6":"product_cat-fog-lights-automotive-lighting","7":"product_tag-warehouse-location-united-states","8":"product_shipping_class-us-stock-flat","9":"pa_compatibility-2000-ford-transit-mk6","10":"pa_compatibility-2000-ford-transit-mk7","11":"pa_compatibility-2001-ford-fiesta","12":"pa_compatibility-2003-ford-ecosport","13":"pa_compatibility-2004-ford-focus","14":"pa_compatibility-2005-ford-freestyle","15":"pa_compatibility-2006-ford-transit-vm","16":"pa_compatibility-2008-ford-taurus-x","17":"pa_compatibility-2010-ford-c-max","18":"pa_compatibility-2010-ford-transit","19":"pa_compatibility-2010-ford-transit-connect","20":"pa_compatibility-2011-ford-explorer","21":"pa_compatibility-2013-ford-fusion","22":"pa_compatibility-2013-ford-mondeo","23":"pa_compatibility-2014-ford-transit-mk8","24":"pa_compatibility-2015-ford-edge","25":"pa_compatibility-2015-ford-escort","26":"pa_compatibility-2015-ford-transit-250-2","27":"pa_compatibility-2019-ford-ranger","28":"pa_compatibility-2021-ford-bronco","30":"first","31":"instock","32":"sale","33":"shipping-taxable","34":"purchasable","35":"product-type-simple"},"acf":[],"aioseo_notices":[],"_links":{"self":[{"href":"https:\/\/siemid.com\/it\/wp-json\/wp\/v2\/product\/41013","targetHints":{"allow":["GET"]}}],"collection":[{"href":"https:\/\/siemid.com\/it\/wp-json\/wp\/v2\/product"}],"about":[{"href":"https:\/\/siemid.com\/it\/wp-json\/wp\/v2\/types\/product"}],"replies":[{"embeddable":true,"href":"https:\/\/siemid.com\/it\/wp-json\/wp\/v2\/comments?post=41013"}],"wp:featuredmedia":[{"embeddable":true,"href":"https:\/\/siemid.com\/it\/wp-json\/wp\/v2\/media\/40472"}],"wp:attachment":[{"href":"https:\/\/siemid.com\/it\/wp-json\/wp\/v2\/media?parent=41013"}],"wp:term":[{"taxonomy":"product_brand","embeddable":true,"href":"https:\/\/siemid.com\/it\/wp-json\/wp\/v2\/product_brand?post=41013"},{"taxonomy":"product_cat","embeddable":true,"href":"https:\/\/siemid.com\/it\/wp-json\/wp\/v2\/product_cat?post=41013"},{"taxonomy":"product_tag","embeddable":true,"href":"https:\/\/siemid.com\/it\/wp-json\/wp\/v2\/product_tag?post=41013"}],"curies":[{"name":"wp","href":"https:\/\/api.w.org\/{rel}","templated":true}]}}