{"id":41726,"date":"2024-01-08T13:16:22","date_gmt":"2024-01-08T13:16:22","guid":{"rendered":"https:\/\/siemid.com\/?post_type=product&#038;p=41726"},"modified":"2024-01-08T13:28:47","modified_gmt":"2024-01-08T13:28:47","slug":"siemid-new-generation-led-fog-lights-lamp-retrofit-and-upgraded-for-jeep-wrangler-grand-cherokee-renegade-dodge-journey-charger-magnum-2002-2003-2004-2005-2006-2007-2008-2009-2010-2011-2012-2013","status":"publish","type":"product","link":"https:\/\/siemid.com\/it\/prodotto\/siemid-new-generation-led-fog-lights-lamp-retrofit-and-upgraded-for-jeep-wrangler-grand-cherokee-renegade-dodge-journey-charger-magnum-2002-2003-2004-2005-2006-2007-2008-2009-2010-2011-2012-2013\/","title":{"rendered":"SIEMID Nuova generazione Led Fendinebbia Lampada Retrofit e aggiornato per Jeep Wrangler Grand Cherokee Renegade Dodge Journey Charger Magnum 2002 2003 2004 2005 2006 2007 2008 2009 2010 2011 2012 2013"},"content":{"rendered":"<h2 class=\"default\">Descrizione del prodotto<\/h2>\n<div id=\"productDescription\" class=\"a-section a-spacing-small\">\n<p>Questo articolo \u00e8 adatto come ricambio per i fari fendinebbia preinstallati. Questi sono i nuovi fendinebbia a LED di aggiornamento che sostituiscono le alogene di serie! L'angolo di illuminazione \u00e8 molto ampio (130 gradi a sinistra e a destra), e la linea di demarcazione \u00e8 chiara e nitida.Approvazione ECE F3 SAE DOT. Si ricevono entrambi i fendinebbia. Se si desidera rendere pi\u00f9 vivace l'aspetto del vostro veicolo o se si desidera una maggiore chiarezza durante la guida non mater quale sia la condizione atmosferica questo potrebbe aiutare in entrambe le situazioni.<br \/>\n<strong>Le caratteristiche includono:<\/strong><br \/>\n.Vieni Completo<br \/>\no Lampadine LED ad alta potenza.<br \/>\no Angolo di copertura molto ampio.<br \/>\no Riutilizzare l'hardware esistente.<br \/>\n<strong>SOSTITUISCE I NUMERI ORIGINALI DEI FENDINEBBIA ALOGENI<\/strong><br \/>\n5182026AA<br \/>\nCS385U0000<br \/>\nCS385-U0000<br \/>\nCH2594103:9<br \/>\nCH2594103C<br \/>\n1115363Q<br \/>\n<strong><span class=\"a-text-bold\">Compatibile con il modello di Jeep come segue:<\/span><\/strong><br \/>\nPer '07-'18 Jeep JK 2 porte e Wrangler Unlimited JK 4 porte<br \/>\nPer Jeep Wrangler 2010-2021<br \/>\nPer Jeep Grand Cherokee 2011-2013<br \/>\nPer Jeep CHEROKEE 2014-2018<br \/>\nPer Dodge Journey 2010-2020<br \/>\nPer Dodge Charger 2011-2014<br \/>\nSolo per i modelli Touring o Limited di Chrysler 300 2005-2010<br \/>\nPer Chrysler PT Cruiser 2006-2010<br \/>\nPer 92-01 AM General Hummer<br \/>\nPer Land Rover Defender 90 e 110<br \/>\nPer Wrangler JL Sahara o Rubicon con paraurti in plastica OE.<br \/>\nPer i paraurti aftermarket che utilizzano la posizione di montaggio OEM a \"4 bulloni\".<\/p>\n<\/div>","protected":false},"excerpt":{"rendered":"<ul class=\"a-unordered-list a-vertical a-spacing-mini\">\n<li class=\"a-spacing-mini\"><span class=\"a-list-item\">Questo faro antinebbia si adatta per Jeep, Wrangler, Dodge auto fendinebbia fori di montaggio, e ha una grande versatilit\u00e0 ed \u00e8 molto conveniente per gli aggiornamenti e le modifiche<\/span><\/li>\n<li class=\"a-spacing-mini\"><span class=\"a-list-item\">Siemid Autolights si concentra sulla ricerca e lo sviluppo e sulla produzione di lampade per autoveicoli; l'essenza dell'industria, alla guida della tendenza dell'industria! Ci impegniamo a produrre prodotti che siano assicurati e soddisfacenti per i consumatori; Benvenuti a scegliere<\/span><\/li>\n<li class=\"a-spacing-mini\"><span class=\"a-list-item\">Utilizzando la maggior parte delle lenti LED all'avanguardia; a differenza del vetro tradizionale, la lente a fuoco utilizza un processo di stampaggio a iniezione di plastica, in modo da poter formare la complessa superficie curva calcolata dal computer; la lente a fuoco utilizza un design iperboloide, che ha una maggiore efficienza ottica e un tipo di luce pi\u00f9 ampia, in modo che questo tipo di lente pu\u00f2 realizzare la funzione di fendinebbia e la funzione di illuminazione ausiliaria della curva allo stesso tempo<\/span><\/li>\n<li class=\"a-spacing-mini\"><span class=\"a-list-item\">Imballaggio: due confezioni<\/span><\/li>\n<\/ul>","protected":false},"featured_media":41727,"comment_status":"open","ping_status":"closed","template":"","meta":{"_acf_changed":false,"om_disable_all_campaigns":false,"inline_featured_image":false,"_mi_skip_tracking":false,"_monsterinsights_sitenote_active":false,"_monsterinsights_sitenote_note":"","_monsterinsights_sitenote_category":0},"product_brand":[],"product_cat":[554],"product_tag":[135147],"class_list":{"0":"post-41726","1":"product","2":"type-product","3":"status-publish","4":"has-post-thumbnail","6":"product_cat-fog-lights-automotive-lighting","7":"product_tag-warehouse-location-united-states","8":"product_shipping_class-us-stock-flat","9":"pa_compatibility-2005-chrysler-300","10":"pa_compatibility-2006-chrysler-pt-cruiser","11":"pa_compatibility-2007-jeep-wrangler","12":"pa_compatibility-2010-dodge-journey","13":"pa_compatibility-2011-dodge-charger","14":"pa_compatibility-2011-jeep-grand-cherokee","15":"pa_compatibility-2014-jeep-cherokee","17":"first","18":"instock","19":"sale","20":"featured","21":"shipping-taxable","22":"purchasable","23":"product-type-simple"},"acf":[],"aioseo_notices":[],"_links":{"self":[{"href":"https:\/\/siemid.com\/it\/wp-json\/wp\/v2\/product\/41726","targetHints":{"allow":["GET"]}}],"collection":[{"href":"https:\/\/siemid.com\/it\/wp-json\/wp\/v2\/product"}],"about":[{"href":"https:\/\/siemid.com\/it\/wp-json\/wp\/v2\/types\/product"}],"replies":[{"embeddable":true,"href":"https:\/\/siemid.com\/it\/wp-json\/wp\/v2\/comments?post=41726"}],"wp:featuredmedia":[{"embeddable":true,"href":"https:\/\/siemid.com\/it\/wp-json\/wp\/v2\/media\/41727"}],"wp:attachment":[{"href":"https:\/\/siemid.com\/it\/wp-json\/wp\/v2\/media?parent=41726"}],"wp:term":[{"taxonomy":"product_brand","embeddable":true,"href":"https:\/\/siemid.com\/it\/wp-json\/wp\/v2\/product_brand?post=41726"},{"taxonomy":"product_cat","embeddable":true,"href":"https:\/\/siemid.com\/it\/wp-json\/wp\/v2\/product_cat?post=41726"},{"taxonomy":"product_tag","embeddable":true,"href":"https:\/\/siemid.com\/it\/wp-json\/wp\/v2\/product_tag?post=41726"}],"curies":[{"name":"wp","href":"https:\/\/api.w.org\/{rel}","templated":true}]}}