{"id":41782,"date":"2024-01-10T13:43:02","date_gmt":"2024-01-10T13:43:02","guid":{"rendered":"https:\/\/siemid.com\/?post_type=product&#038;p=41782"},"modified":"2025-10-09T17:41:20","modified_gmt":"2025-10-09T17:41:20","slug":"siemid-projector-led-drl-headlight-assembly-replacement-for-volkswagen-jetta-left-driver-side-fits-2019-2023-vw-jetta-models-17a941036b-17a941035a-vw2502174","status":"publish","type":"product","link":"https:\/\/siemid.com\/it\/prodotto\/siemid-projector-led-drl-headlight-assembly-replacement-for-volkswagen-jetta-left-driver-side-fits-2019-2023-vw-jetta-models-17a941036b-17a941035a-vw2502174\/","title":{"rendered":"SIEMID Proiettore LED DRL Faro di ricambio per Volkswagen Jetta - Lato sinistro\/autista - Adatto ai modelli 2019-2023 VW Jetta -17A941036B 17A941035A VW2502174"},"content":{"rendered":"<h2 class=\"default\">Descrizione del prodotto<\/h2>\n<div id=\"productDescription\" class=\"a-section a-spacing-small\">\n<p>&nbsp;<\/p>\n<p><span class=\"a-text-bold\">Aggiornare il vostro <\/span><span class=\"a-text-bold\">Illuminazione della Volkswagen Jetta con gruppo ottico DRL a LED - Modelli 2019-2023<\/span><\/p>\n<p><span class=\"a-text-italic\">Punti salienti:<\/span><\/p>\n<ul class=\"a-unordered-list a-vertical\">\n<li><span class=\"a-list-item\">Nuovo di zecca, con alta qualit\u00e0<\/span><\/li>\n<li><span class=\"a-list-item\">Installazione senza problemi<\/span><\/li>\n<li><span class=\"a-list-item\">Lunga durata di vita<\/span><\/li>\n<li><span class=\"a-list-item\">Superficie liscia<\/span><\/li>\n<li><span class=\"a-list-item\">Lavorazione di pregio<\/span><\/li>\n<li><span class=\"a-list-item\">Robusto e durevole<\/span><\/li>\n<li><span class=\"a-list-item\">Aspetto fresco<\/span><\/li>\n<li><span class=\"a-list-item\">Luce LED<\/span><\/li>\n<li><span class=\"a-list-item\">Miglioramento della sicurezza<\/span><\/li>\n<li><span class=\"a-list-item\">Facile da pulire<\/span><\/li>\n<li><span class=\"a-list-item\">Prestazioni stabili<\/span><\/li>\n<li><span class=\"a-list-item\">Adatto (come riferimento): Per 2019-2023 VW Jetta<\/span><\/li>\n<\/ul>\n<p><span class=\"a-text-italic\">Specifiche:<\/span><\/p>\n<p>Numero di parte OE\/OEM: 17A941036E, 17A941036A<\/p>\n<p>Numero di parte intercambiabile: VW2503175<\/p>\n<p>Modelli applicabili: per il periodo 2019-2023 <span class=\"a-text-bold\">Volkswagen<\/span> Jetta<\/p>\n<p>Posizione di installazione: Anteriore, lato sinistro<\/p>\n<p>Modalit\u00e0 di installazione: Installazione diretta<\/p>\n<p><span class=\"a-text-bold\">Note:<\/span><\/p>\n<p><span class=\"a-text-bold\">Si consiglia vivamente un'installazione professionale. Per qualsiasi domanda, contattateci.<\/span><\/p>\n<p><span class=\"a-text-bold\">Si prega di consentire la leggera differenza di colore causata dalla luce di ripresa e 1-3cm errore dovuto alla misura manuale, e assicurarsi che non ti dispiace prima di effettuare l'ordine.<\/span><\/p>\n<\/div>","protected":false},"excerpt":{"rendered":"<h1 class=\"a-size-base-plus a-text-bold\">Informazioni su questo articolo<\/h1>\n<ul class=\"a-unordered-list a-vertical a-spacing-mini\">\n<li class=\"a-spacing-mini\"><span class=\"a-list-item\">Compatibilit\u00e0: Il nostro gruppo ottico \u00e8 compatibile con la VW Jetta 2019-2023 ed \u00e8 anche compatibile con i numeri di parte OEM 17A941035E, 17A941035A, 17A941036E, 17A941036A, VW2502174 e VW2503174 per i fari. Dispone di luce abbagliante\/anabbagliante a LED, luce di segnalazione PWY24W, luce laterale a LED e DRL a LED.<\/span><\/li>\n<li class=\"a-spacing-mini\"><span class=\"a-list-item\">Visibilit\u00e0 migliorata: Lente in PC anti-ultravioletta, maggiore durata, per evitare l'ingiallimento e lo scolorimento della lente. Modulo di proiezione in vetro HD, una maggiore trasmittanza garantisce una luce pi\u00f9 brillante. Trattamento speciale della superficie, alto coefficiente di dissipazione del calore, garantisce un lavoro stabile a una potenza superiore.<\/span><\/li>\n<li class=\"a-spacing-mini\"><span class=\"a-list-item\">Materiali pregiati: La nostra lampada frontale \u00e8 costruita con un alloggiamento completamente sigillato e resistente in plastica di alta qualit\u00e0 in policarbonato di tipo OEM, impermeabile fino al grado IP65. Questo garantisce un'eccellente resistenza agli agenti atmosferici e agli urti, e la rende ben costruita per fornire un'illuminazione brillante. Le nuove lenti e i riflettori offrono una migliore illuminazione e garantiscono un'esperienza di guida piacevole e confortevole.<\/span><\/li>\n<li class=\"a-spacing-mini\"><span class=\"a-list-item\">Sicurezza e durata: Questa luce adotta la luce del proiettore, una versione aggiornata della luce del riflettore. Rispetto alla luce riflettente, le luci del proiettore sono in grado di produrre linee di demarcazione chiare tra luce e ombra, evitando cos\u00ec l'abbagliamento dei veicoli in arrivo e garantendo condizioni di guida pi\u00f9 sicure.<\/span><\/li>\n<li class=\"a-spacing-mini\"><span class=\"a-list-item\">Nessuna preoccupazione per gli acquisti: Si prega di notare che l'installazione professionale \u00e8 altamente raccomandato. \u00e8 progettato per adattarsi con il modello di fabbrica proiettore LED solo, e non si adatta con i modelli di fabbrica non proiettore fari. Se avete qualsiasi problema durante l'installazione o l'uso, si prega di raggiungere a noi.<\/span><\/li>\n<\/ul>","protected":false},"featured_media":41775,"comment_status":"open","ping_status":"closed","template":"","meta":{"_acf_changed":false,"om_disable_all_campaigns":false,"inline_featured_image":false,"_mi_skip_tracking":false,"_monsterinsights_sitenote_active":false,"_monsterinsights_sitenote_note":"","_monsterinsights_sitenote_category":0},"product_brand":[],"product_cat":[267],"product_tag":[135147],"class_list":{"0":"post-41782","1":"product","2":"type-product","3":"status-publish","4":"has-post-thumbnail","6":"product_cat-headlights","7":"product_tag-warehouse-location-united-states","8":"product_shipping_class-us-stock-flat","9":"pa_compatibility-2019-volkswagen-jetta","11":"first","12":"instock","13":"sale","14":"featured","15":"shipping-taxable","16":"purchasable","17":"product-type-simple"},"acf":[],"aioseo_notices":[],"_links":{"self":[{"href":"https:\/\/siemid.com\/it\/wp-json\/wp\/v2\/product\/41782","targetHints":{"allow":["GET"]}}],"collection":[{"href":"https:\/\/siemid.com\/it\/wp-json\/wp\/v2\/product"}],"about":[{"href":"https:\/\/siemid.com\/it\/wp-json\/wp\/v2\/types\/product"}],"replies":[{"embeddable":true,"href":"https:\/\/siemid.com\/it\/wp-json\/wp\/v2\/comments?post=41782"}],"wp:featuredmedia":[{"embeddable":true,"href":"https:\/\/siemid.com\/it\/wp-json\/wp\/v2\/media\/41775"}],"wp:attachment":[{"href":"https:\/\/siemid.com\/it\/wp-json\/wp\/v2\/media?parent=41782"}],"wp:term":[{"taxonomy":"product_brand","embeddable":true,"href":"https:\/\/siemid.com\/it\/wp-json\/wp\/v2\/product_brand?post=41782"},{"taxonomy":"product_cat","embeddable":true,"href":"https:\/\/siemid.com\/it\/wp-json\/wp\/v2\/product_cat?post=41782"},{"taxonomy":"product_tag","embeddable":true,"href":"https:\/\/siemid.com\/it\/wp-json\/wp\/v2\/product_tag?post=41782"}],"curies":[{"name":"wp","href":"https:\/\/api.w.org\/{rel}","templated":true}]}}