{"id":41797,"date":"2024-01-11T13:49:31","date_gmt":"2024-01-11T13:49:31","guid":{"rendered":"https:\/\/siemid.com\/?post_type=product&#038;p=41797"},"modified":"2026-04-17T08:05:27","modified_gmt":"2026-04-17T08:05:27","slug":"1pcs-siemid-universal-car-headlamp-2-5-h11-bi-xenon-hid-fog-retrofit-projector-lens-for-hi-lo-beam","status":"publish","type":"product","link":"https:\/\/siemid.com\/it\/prodotto\/1pcs-siemid-universal-car-headlamp-2-5-h11-bi-xenon-hid-fog-retrofit-projector-lens-for-hi-lo-beam\/","title":{"rendered":"1Pz SIEMID Proiettore universale per auto: 2,5\u2033 H11 Bi-xenon HID Fog Retrofit Lente proiettore per Hi\/Lo Beam."},"content":{"rendered":"<div class=\"J_module\"><\/div>\n<div class=\"J_module\">\n<div class=\"detail-decorate-json-renderer-container\">\n<div class=\"magic-1\">\n<div class=\"magic-2\">\n<div class=\"magic-3\">\n<div class=\"magic-4\">\n<div data-spm-anchor-id=\"a2700.details.0.i102.78bc52d5qsk0tE\">\n<h1 class=\"a-size-base-plus a-text-bold\">Informazioni su questo articolo<\/h1>\n<ul class=\"a-unordered-list a-vertical a-spacing-mini\">\n<li class=\"a-spacing-mini\"><span class=\"a-list-item\">\u00a0Aggiornamento perfetto: godetevi la visibilit\u00e0 migliorata grazie alle 1 lenti per proiettori bi-xenon da 2,5 pollici di alta qualit\u00e0 incluse in questo pacchetto.<\/span><\/li>\n<li class=\"a-spacing-mini\"><span class=\"a-list-item\">\u00a0Montaggio universale: La nostra staffa di montaggio universale consente una facile installazione e adattamento a diverse auto.<\/span><\/li>\n<li class=\"a-spacing-mini\"><span class=\"a-list-item\">\u00a0Massima chiarezza: Queste lenti utilizzano un vetro ad alta trasparenza per garantire che la luce venga proiettata con la massima chiarezza, rendendo la linea di luce di taglio chiara e luminosa.<\/span><\/li>\n<li class=\"a-spacing-mini\"><span class=\"a-list-item\">\u00a0Doppia funzionalit\u00e0: Con i proiettori bi-xeno, \u00e8 possibile avere sia gli abbaglianti che gli anabbaglianti per una visibilit\u00e0 ottimale.<\/span><\/li>\n<li class=\"a-spacing-mini\"><span class=\"a-list-item\">\u00a0Sicurezza garantita: Le lenti sono dotate di una chiara linea di demarcazione che impedisce loro di accecare i conducenti provenienti dalla direzione opposta, rendendole una scelta sicura e affidabile.<\/span><\/li>\n<\/ul>\n<p><b>Montaggio:<\/b><br \/>\n* Risciacquo<\/p>\n<p>Lampada singola Include:<br \/>\n* (1) Lampada<\/p>\n<p>* Hardware di montaggio universale<\/p>\n<\/div>\n<\/div>\n<\/div>\n<\/div>\n<\/div>\n<\/div>\n<\/div>","protected":false},"excerpt":{"rendered":"<h1 class=\"a-size-base-plus a-text-bold\">Informazioni su questo articolo<\/h1>\n<ul class=\"a-unordered-list a-vertical a-spacing-mini\">\n<li class=\"a-spacing-mini\"><span class=\"a-list-item\">\u00a0Aggiornamento perfetto: godetevi la visibilit\u00e0 migliorata grazie alle 1 lenti per proiettori bi-xenon da 2,5 pollici di alta qualit\u00e0 incluse in questo pacchetto.<\/span><\/li>\n<li class=\"a-spacing-mini\"><span class=\"a-list-item\">\u00a0Montaggio universale: La nostra staffa di montaggio universale consente una facile installazione e adattamento a diverse auto.<\/span><\/li>\n<li class=\"a-spacing-mini\"><span class=\"a-list-item\">Massima chiarezza: Queste lenti utilizzano un vetro ad alta trasparenza per garantire che la luce venga proiettata con la massima chiarezza, rendendo la linea di luce di taglio chiara e luminosa.<\/span><\/li>\n<li class=\"a-spacing-mini\"><span class=\"a-list-item\">Doppia funzionalit\u00e0: Con i proiettori bi-xeno, \u00e8 possibile avere sia gli abbaglianti che gli anabbaglianti per una visibilit\u00e0 ottimale.<\/span><\/li>\n<li class=\"a-spacing-mini\"><span class=\"a-list-item\">Sicurezza garantita: Le lenti sono dotate di una chiara linea di demarcazione che impedisce loro di accecare i conducenti provenienti dalla direzione opposta, rendendole una scelta sicura e affidabile.<\/span><\/li>\n<\/ul>","protected":false},"featured_media":41838,"comment_status":"open","ping_status":"closed","template":"","meta":{"_acf_changed":false,"om_disable_all_campaigns":false,"inline_featured_image":false,"_mi_skip_tracking":false,"_monsterinsights_sitenote_active":false,"_monsterinsights_sitenote_note":"","_monsterinsights_sitenote_category":0},"product_brand":[],"product_cat":[267,554,555],"product_tag":[135147],"class_list":{"0":"post-41797","1":"product","2":"type-product","3":"status-publish","4":"has-post-thumbnail","6":"product_cat-headlights","7":"product_cat-fog-lights-automotive-lighting","8":"product_cat-off-road-lights","9":"product_tag-warehouse-location-united-states","10":"product_shipping_class-us-stock-flat","12":"first","13":"instock","14":"sale","15":"featured","16":"shipping-taxable","17":"purchasable","18":"product-type-simple"},"acf":[],"aioseo_notices":[],"_links":{"self":[{"href":"https:\/\/siemid.com\/it\/wp-json\/wp\/v2\/product\/41797","targetHints":{"allow":["GET"]}}],"collection":[{"href":"https:\/\/siemid.com\/it\/wp-json\/wp\/v2\/product"}],"about":[{"href":"https:\/\/siemid.com\/it\/wp-json\/wp\/v2\/types\/product"}],"replies":[{"embeddable":true,"href":"https:\/\/siemid.com\/it\/wp-json\/wp\/v2\/comments?post=41797"}],"wp:featuredmedia":[{"embeddable":true,"href":"https:\/\/siemid.com\/it\/wp-json\/wp\/v2\/media\/41838"}],"wp:attachment":[{"href":"https:\/\/siemid.com\/it\/wp-json\/wp\/v2\/media?parent=41797"}],"wp:term":[{"taxonomy":"product_brand","embeddable":true,"href":"https:\/\/siemid.com\/it\/wp-json\/wp\/v2\/product_brand?post=41797"},{"taxonomy":"product_cat","embeddable":true,"href":"https:\/\/siemid.com\/it\/wp-json\/wp\/v2\/product_cat?post=41797"},{"taxonomy":"product_tag","embeddable":true,"href":"https:\/\/siemid.com\/it\/wp-json\/wp\/v2\/product_tag?post=41797"}],"curies":[{"name":"wp","href":"https:\/\/api.w.org\/{rel}","templated":true}]}}