{"id":41808,"date":"2024-01-11T14:21:47","date_gmt":"2024-01-11T14:21:47","guid":{"rendered":"https:\/\/siemid.com\/?post_type=product&#038;p=41808"},"modified":"2025-10-09T17:39:19","modified_gmt":"2025-10-09T17:39:19","slug":"new-generation-led-fog-lights-lamp-retrofit-and-upgraded-for-citroen-c3-c4-c5-c6-c-crosser-xsara-picasso-2004-2005-2006-2007-2008-2009-2010-2011-2012-2013-2014-2015","status":"publish","type":"product","link":"https:\/\/siemid.com\/it\/prodotto\/new-generation-led-fog-lights-lamp-retrofit-and-upgraded-for-citroen-c3-c4-c5-c6-c-crosser-xsara-picasso-2004-2005-2006-2007-2008-2009-2010-2011-2012-2013-2014-2015\/","title":{"rendered":"La nuova generazione ha condotto il retrofit della lampada dei fendinebbia ed ha aggiornato per Citroen C3 C4 C5 C6 C-Crosser Xsara Picasso 2004 2005 2006 2007 2008 2009 2010 2011 2012 2013 2014 2015"},"content":{"rendered":"<h2 class=\"default\">Descrizione del prodotto<\/h2>\n<div id=\"productDescription\" class=\"a-section a-spacing-small\">\n<p>Kit di aggiornamento per fari fendinebbia a LED di nuova generazione. Questo articolo \u00e8 adatto come ricambio per i fari fendinebbia preinstallati. Questi sono i nuovi fendinebbia a LED di aggiornamento che sostituiscono le alogene di serie! L'angolo di illuminazione \u00e8 molto ampio (130 gradi a destra e a sinistra), e la linea di demarcazione \u00e8 chiara e nitida. Il vostro veicolo DEVE essere dotato di fendinebbia alogeni di serie. Questo kit sarebbe grande per voi per aggiornare come un aggiornamento LED in particolare per il nero il vostro veicolo. Riceverete entrambi i fendinebbia. Se si desidera rendere pi\u00f9 vivace l'aspetto del vostro veicolo o se si desidera una maggiore chiarezza durante la guida non mater ci\u00f2 che la condizione meteorologica questo potrebbe aiutare in entrambe le situazioni. Miglioreranno la visibilit\u00e0 durante la notte, la nebbia fitta, la pioggia battente e la neve.<br \/>\n<strong>Le caratteristiche includono:<\/strong><br \/>\n.Vieni Completo<br \/>\no Lampadine LED ad alta potenza.<br \/>\no Angolo di copertura molto ampio.<br \/>\no Riutilizzare l'hardware esistente.<br \/>\no Istruzioni complete incluse.<br \/>\n<strong>SOSTITUISCE I NUMERI ORIGINALI DEI FENDINEBBIA ALOGENI<\/strong><br \/>\n1209177<br \/>\n1209077<br \/>\n620662<br \/>\n4709052<br \/>\n8321A097<br \/>\n5001874722<br \/>\n26155-00Q0A<br \/>\n35500-63J00<br \/>\n35500-63J03<br \/>\n088358<br \/>\n26150-VD300<br \/>\n26150-EB500<br \/>\n35500-63J02<br \/>\n6710027<br \/>\n8200074008<br \/>\nC2S1740<br \/>\n<strong>SI ADATTA A:<\/strong><br \/>\nCitroen C4 I (LC_) 2004-2010<br \/>\nCitroen C4 berlina 2006-2012<br \/>\nCitroen C3 FC_ Hatchback 2005-2010<br \/>\nCitroen C4 Hatchback LC_ 2004-2010<br \/>\nCitroen C4 Coup\u00e9 LA_ 2004-2010<br \/>\nCitroen C4 Grand Picasso UA_ MPV 2006-2012<br \/>\nCitroen C4 Picasso UD_ MPV 2007-2015<br \/>\nCitroen C5 Break Estate RE_ 2004-2015<br \/>\nCitroen C5 Hatchback RC_ 2004-2015<br \/>\nCitroen C6 TD_ Berlina 2005-2015<br \/>\nCitroen C-Crosser ENTERPRISE Box 2009-2013<br \/>\nCitroen C-Crosser (EP_) Veicolo fuoristrada chiuso 2007-2013<br \/>\nCitroen Xsara Picasso MPV N68 1999-2015<\/p>\n<\/div>","protected":false},"excerpt":{"rendered":"<h1 class=\"a-size-base-plus a-text-bold\">Informazioni su questo articolo<\/h1>\n<ul class=\"a-unordered-list a-vertical a-spacing-mini\">\n<li class=\"a-spacing-mini\"><span class=\"a-list-item\">Utilizza le lenti LED pi\u00f9 all'avanguardia: lenti a fuoco puntiformi. A differenza del vetro tradizionale, la lente a fuoco puntiforme utilizza un processo di stampaggio a iniezione della plastica, in modo da formare la complessa superficie curva calcolata dal computer. La lente a fuoco utilizza un design iperboloide, che ha una maggiore efficienza ottica e un tipo di luce pi\u00f9 ampio, in modo che questo tipo di lente possa realizzare la funzione di fendinebbia e la funzione di illuminazione ausiliaria della curva allo stesso tempo.<\/span><\/li>\n<li class=\"a-spacing-mini\"><span class=\"a-list-item\">Questo faro fendinebbia \u00e8 compatibile con i fori di montaggio dei fari fendinebbia delle auto Citroen e con l'interfaccia delle lampadine alogene (H11 H9 H8) presenti sul mercato, ha una forte versatilit\u00e0 ed \u00e8 molto conveniente per gli aggiornamenti e le modifiche.<\/span><\/li>\n<li class=\"a-spacing-mini\"><span class=\"a-list-item\">Siemid Autolights - Concentrata sulla ricerca e sviluppo e sulla produzione di lampade per autoveicoli. L'essenza del settore, alla guida della tendenza del settore! Ci impegniamo a produrre prodotti che siano garantiti e soddisfacenti per i consumatori. Benvenuti a scegliere.<\/span><\/li>\n<li class=\"a-spacing-mini\"><span class=\"a-list-item\">Alta qualit\u00e0, 6 mesi di garanzia.<\/span><\/li>\n<li class=\"a-spacing-mini\"><span class=\"a-list-item\">Imballaggio: due confezioni<\/span><\/li>\n<\/ul>","protected":false},"featured_media":40472,"comment_status":"open","ping_status":"closed","template":"","meta":{"_acf_changed":false,"om_disable_all_campaigns":false,"inline_featured_image":false,"_mi_skip_tracking":false,"_monsterinsights_sitenote_active":false,"_monsterinsights_sitenote_note":"","_monsterinsights_sitenote_category":0},"product_brand":[],"product_cat":[554],"product_tag":[135147],"class_list":{"0":"post-41808","1":"product","2":"type-product","3":"status-publish","4":"has-post-thumbnail","6":"product_cat-fog-lights-automotive-lighting","7":"product_tag-warehouse-location-united-states","8":"product_shipping_class-us-stock-flat","10":"first","11":"instock","12":"sale","13":"featured","14":"shipping-taxable","15":"purchasable","16":"product-type-simple"},"acf":[],"aioseo_notices":[],"_links":{"self":[{"href":"https:\/\/siemid.com\/it\/wp-json\/wp\/v2\/product\/41808","targetHints":{"allow":["GET"]}}],"collection":[{"href":"https:\/\/siemid.com\/it\/wp-json\/wp\/v2\/product"}],"about":[{"href":"https:\/\/siemid.com\/it\/wp-json\/wp\/v2\/types\/product"}],"replies":[{"embeddable":true,"href":"https:\/\/siemid.com\/it\/wp-json\/wp\/v2\/comments?post=41808"}],"wp:featuredmedia":[{"embeddable":true,"href":"https:\/\/siemid.com\/it\/wp-json\/wp\/v2\/media\/40472"}],"wp:attachment":[{"href":"https:\/\/siemid.com\/it\/wp-json\/wp\/v2\/media?parent=41808"}],"wp:term":[{"taxonomy":"product_brand","embeddable":true,"href":"https:\/\/siemid.com\/it\/wp-json\/wp\/v2\/product_brand?post=41808"},{"taxonomy":"product_cat","embeddable":true,"href":"https:\/\/siemid.com\/it\/wp-json\/wp\/v2\/product_cat?post=41808"},{"taxonomy":"product_tag","embeddable":true,"href":"https:\/\/siemid.com\/it\/wp-json\/wp\/v2\/product_tag?post=41808"}],"curies":[{"name":"wp","href":"https:\/\/api.w.org\/{rel}","templated":true}]}}