{"id":40380,"date":"2023-12-05T11:42:43","date_gmt":"2023-12-05T11:42:43","guid":{"rendered":"https:\/\/siemid.com\/?post_type=product&#038;p=40380"},"modified":"2026-04-15T12:05:43","modified_gmt":"2026-04-15T12:05:43","slug":"black-fog-light-cover-bezel-grille-bumper-insert-passenger-side-for-optima","status":"publish","type":"product","link":"https:\/\/siemid.com\/pt\/produto\/black-fog-light-cover-bezel-grille-bumper-insert-passenger-side-for-optima\/","title":{"rendered":"Capa do farol de neblina preta Moldura da grade Inser\u00e7\u00e3o do para-choque Lado do passageiro para o Optima"},"content":{"rendered":"<p>Ajuste<\/br>Antes de comprar, verifique a descri\u00e7\u00e3o e o filtro de ajuste automotivo superior para ver se esse item funcionar\u00e1 em seu ve\u00edculo!<\/br><\/br>Condi\u00e7\u00e3o<\/br>100% Novo na embalagem de f\u00e1brica, nunca usado ou instalado. garante a qualidade e o desempenho do produto.<\/br><\/br>Apar\u00eancia<\/br>Cor: <\/br><\/br>Posi\u00e7\u00e3o<\/br>Posicionamento no ve\u00edculo: Dianteira, direita<\/br><\/br>Part_Number<\/br>LHT00119,865524C000,KI1039108,865522T000<\/br><\/br>Dica de instala\u00e7\u00e3o<\/br>Keep&amp;R<\/br><\/br>Tipo<\/br>Moldura de neblina<\/br><\/br>Garantia<\/br>: Use seu hardware, o novo hardware n\u00e3o est\u00e1 inclu\u00eddo neste item<\/p>","protected":false},"excerpt":{"rendered":"<p>Adequa\u00e7\u00e3o: Verifique a descri\u00e7\u00e3o e o filtro de adequa\u00e7\u00e3o automotiva superior para ver se esse item funcionar\u00e1 em seu ve\u00edculo antes da compra!<br \/>\nPosicionamento no ve\u00edculo: Dianteira, direita<br \/>\nPart_Number:LHT00119,865524C000,KI1039108,865522T000<br \/>\nDica de instala\u00e7\u00e3o: mantenha&amp;R<br \/>\nTipo: Moldura de neblina<\/p>","protected":false},"featured_media":40452,"comment_status":"open","ping_status":"closed","template":"","meta":{"_acf_changed":false,"om_disable_all_campaigns":false,"inline_featured_image":false,"_mi_skip_tracking":false,"_monsterinsights_sitenote_active":false,"_monsterinsights_sitenote_note":"","_monsterinsights_sitenote_category":0},"product_brand":[],"product_cat":[534],"product_tag":[135147],"class_list":{"0":"post-40380","1":"product","2":"type-product","3":"status-publish","4":"has-post-thumbnail","6":"product_cat-light-covers","7":"product_tag-warehouse-location-united-states","8":"product_shipping_class-us-stock-flat","10":"first","11":"instock","12":"sale","13":"featured","14":"shipping-taxable","15":"purchasable","16":"product-type-simple"},"acf":[],"aioseo_notices":[],"_links":{"self":[{"href":"https:\/\/siemid.com\/pt\/wp-json\/wp\/v2\/product\/40380","targetHints":{"allow":["GET"]}}],"collection":[{"href":"https:\/\/siemid.com\/pt\/wp-json\/wp\/v2\/product"}],"about":[{"href":"https:\/\/siemid.com\/pt\/wp-json\/wp\/v2\/types\/product"}],"replies":[{"embeddable":true,"href":"https:\/\/siemid.com\/pt\/wp-json\/wp\/v2\/comments?post=40380"}],"wp:featuredmedia":[{"embeddable":true,"href":"https:\/\/siemid.com\/pt\/wp-json\/wp\/v2\/media\/40452"}],"wp:attachment":[{"href":"https:\/\/siemid.com\/pt\/wp-json\/wp\/v2\/media?parent=40380"}],"wp:term":[{"taxonomy":"product_brand","embeddable":true,"href":"https:\/\/siemid.com\/pt\/wp-json\/wp\/v2\/product_brand?post=40380"},{"taxonomy":"product_cat","embeddable":true,"href":"https:\/\/siemid.com\/pt\/wp-json\/wp\/v2\/product_cat?post=40380"},{"taxonomy":"product_tag","embeddable":true,"href":"https:\/\/siemid.com\/pt\/wp-json\/wp\/v2\/product_tag?post=40380"}],"curies":[{"name":"wp","href":"https:\/\/api.w.org\/{rel}","templated":true}]}}