{"id":40381,"date":"2023-12-05T11:42:43","date_gmt":"2023-12-05T11:42:43","guid":{"rendered":"https:\/\/siemid.com\/?post_type=product&#038;p=40381"},"modified":"2026-04-15T12:07:09","modified_gmt":"2026-04-15T12:07:09","slug":"front-outer-fog-light-cover-finisher-trim-left-right-set-for-nissan","status":"publish","type":"product","link":"https:\/\/siemid.com\/pt\/produto\/front-outer-fog-light-cover-finisher-trim-left-right-set-for-nissan\/","title":{"rendered":"Conjunto de acabamento da tampa do farol de neblina dianteiro externo esquerdo e direito para Nissan"},"content":{"rendered":"<p>Ajuste<\/br>Antes de comprar, verifique a descri\u00e7\u00e3o e o filtro de ajuste automotivo superior para ver se esse item funcionar\u00e1 em seu ve\u00edculo!<\/br><\/br>Condi\u00e7\u00e3o<\/br>100% Novo na embalagem de f\u00e1brica, nunca usado ou instalado. garante a qualidade e o desempenho do produto.<\/br><\/br>Item_Oferecido<\/br>Quantidade: 2 pe\u00e7as<\/br><\/br>Posi\u00e7\u00e3o<\/br>Posicionamento no ve\u00edculo: Dianteira, esquerda, direita<\/br><\/br>Part_Number<\/br>62256EA000,NSBMK00016<\/br><\/br>Dica de instala\u00e7\u00e3o<\/br>Keep&amp;R<\/br><\/br>Tipo<\/br>Conjunto da tampa do furo de neblina<\/br><\/br>Garantia<\/br>Garantia do fabricante: Ano<\/br><\/br>Recurso<\/br>Use seu hardware, o novo hardware n\u00e3o est\u00e1 inclu\u00eddo neste item<\/p>","protected":false},"excerpt":{"rendered":"<p>Adequa\u00e7\u00e3o: Verifique a descri\u00e7\u00e3o e o filtro de adequa\u00e7\u00e3o automotiva superior para ver se esse item funcionar\u00e1 em seu ve\u00edculo antes da compra!<br \/>\nQuantidade: 2 pe\u00e7as<br \/>\nPosicionamento no ve\u00edculo: Dianteira, esquerda, direita<br \/>\nPart_Number:62256EA000,NSBMK00016<br \/>\nDica de instala\u00e7\u00e3o: mantenha&amp;R<\/p>","protected":false},"featured_media":40460,"comment_status":"open","ping_status":"closed","template":"","meta":{"_acf_changed":false,"om_disable_all_campaigns":false,"inline_featured_image":false,"_mi_skip_tracking":false,"_monsterinsights_sitenote_active":false,"_monsterinsights_sitenote_note":"","_monsterinsights_sitenote_category":0},"product_brand":[],"product_cat":[534],"product_tag":[135147],"class_list":{"0":"post-40381","1":"product","2":"type-product","3":"status-publish","4":"has-post-thumbnail","6":"product_cat-light-covers","7":"product_tag-warehouse-location-united-states","8":"product_shipping_class-us-stock-flat","10":"first","11":"instock","12":"sale","13":"featured","14":"shipping-taxable","15":"purchasable","16":"product-type-simple"},"acf":[],"aioseo_notices":[],"_links":{"self":[{"href":"https:\/\/siemid.com\/pt\/wp-json\/wp\/v2\/product\/40381","targetHints":{"allow":["GET"]}}],"collection":[{"href":"https:\/\/siemid.com\/pt\/wp-json\/wp\/v2\/product"}],"about":[{"href":"https:\/\/siemid.com\/pt\/wp-json\/wp\/v2\/types\/product"}],"replies":[{"embeddable":true,"href":"https:\/\/siemid.com\/pt\/wp-json\/wp\/v2\/comments?post=40381"}],"wp:featuredmedia":[{"embeddable":true,"href":"https:\/\/siemid.com\/pt\/wp-json\/wp\/v2\/media\/40460"}],"wp:attachment":[{"href":"https:\/\/siemid.com\/pt\/wp-json\/wp\/v2\/media?parent=40381"}],"wp:term":[{"taxonomy":"product_brand","embeddable":true,"href":"https:\/\/siemid.com\/pt\/wp-json\/wp\/v2\/product_brand?post=40381"},{"taxonomy":"product_cat","embeddable":true,"href":"https:\/\/siemid.com\/pt\/wp-json\/wp\/v2\/product_cat?post=40381"},{"taxonomy":"product_tag","embeddable":true,"href":"https:\/\/siemid.com\/pt\/wp-json\/wp\/v2\/product_tag?post=40381"}],"curies":[{"name":"wp","href":"https:\/\/api.w.org\/{rel}","templated":true}]}}