{"id":40481,"date":"2023-12-06T09:39:43","date_gmt":"2023-12-06T09:39:43","guid":{"rendered":"https:\/\/siemid.com\/?post_type=product&#038;p=40481"},"modified":"2026-04-04T17:08:43","modified_gmt":"2026-04-04T17:08:43","slug":"black-fog-light-cover-bezel-grille-bumper-insert-lh-driver-side-for-kia-optima-%e5%a4%8d%e5%88%b6","status":"publish","type":"product","link":"https:\/\/siemid.com\/pt\/produto\/black-fog-light-cover-bezel-grille-bumper-insert-lh-driver-side-for-kia-optima-%e5%a4%8d%e5%88%b6\/","title":{"rendered":"Nova gera\u00e7\u00e3o de far\u00f3is de neblina de LED com atualiza\u00e7\u00e3o para o Ford Focus Escort Edge Ecosport Explorer Raptor C-MAX FIESTA FUSION Ranger Taurus X TRANSIT TOURNEO 2010 2011 2012 2013 14 15 16 17 2019 20 2021 22"},"content":{"rendered":"<h2 class=\"default\">Descri\u00e7\u00e3o do produto<\/h2>\n<div id=\"productDescription\" class=\"a-section a-spacing-small\">\n<p>Conjuntos de atualiza\u00e7\u00e3o de far\u00f3is de neblina de LED de nova gera\u00e7\u00e3o. Este item serve como pe\u00e7as de reposi\u00e7\u00e3o que v\u00eam pr\u00e9-instaladas com far\u00f3is de neblina. Esses s\u00e3o os novos far\u00f3is de neblina de LED de atualiza\u00e7\u00e3o que substituem os hal\u00f3genos originais! O \u00e2ngulo de ilumina\u00e7\u00e3o \u00e9 muito amplo (130 graus \u00e0 esquerda e \u00e0 direita) e a linha de corte \u00e9 clara e n\u00edtida. Aprova\u00e7\u00e3o ECE F3 SAE DOT. Essas luzes seriam \u00f3timas para voc\u00ea atualizar como um upgrade de LED, especialmente para escurecer o seu ve\u00edculo. Voc\u00ea recebe os dois far\u00f3is de neblina. Se voc\u00ea quiser incrementar o visual do seu ve\u00edculo ou se quiser mais clareza ao dirigir, independentemente das condi\u00e7\u00f5es clim\u00e1ticas, isso poder\u00e1 ajud\u00e1-lo em ambas as situa\u00e7\u00f5es. Isso aumentar\u00e1 a visibilidade durante a noite, neblina densa, chuva forte e neve.<\/p>\n<p><strong><span class=\"a-text-bold\">Os recursos incluem:<\/span><\/strong><br \/>\n.Come Complete<br \/>\no L\u00e2mpadas de LED de alta pot\u00eancia.<br \/>\no \u00c2ngulo de cobertura extra amplo.<br \/>\no Reutilizar o hardware existente.<br \/>\n<strong><span class=\"a-text-bold\">SUBSTITUI OS N\u00daMEROS ORIGINAIS DOS FAR\u00d3IS DE NEBLINA HAL\u00d3GENOS<\/span><\/strong><br \/>\n1209177 1209077 620662<br \/>\n4709052 8321A097 5001874722<br \/>\n26155-00Q0A 35500-63J00 35500-63J03<br \/>\n088358 26150-VD300 26150-EB500<br \/>\n35500-63J02<br \/>\n6710027<br \/>\n8200074008<br \/>\nJB3B-15201-AC<br \/>\n<strong><span class=\"a-text-bold\">AJUSTES:<\/span><\/strong><br \/>\n<strong><span class=\"a-text-bold\">FORD<\/span><\/strong><br \/>\nFoco 2004-2014<br \/>\nEscolta 2015-2017<br \/>\nFiesta 2002-2012<br \/>\nBorda 2015-2017<br \/>\nEcosport 2003-2016<br \/>\nExplorer 2011-2015<br \/>\nRaptor 2011-2016<br \/>\nIkon<br \/>\nC-MAX II 2010<br \/>\nFIESTA V 2001-2010<br \/>\nFIESTA VI 2008<br \/>\nFOCO II 2004-2012<br \/>\nFOCUS II Saloon 2005<br \/>\nFOCUS II Turnier 2004-2012<br \/>\nFUS\u00c3O 2013-2016<br \/>\nMondeo 2013-2016<br \/>\nFord Freestyle 2005-2007<br \/>\nFord Taurus X 2008-2009<br \/>\nC-MAX 2013-2018<br \/>\nTr\u00e2nsito 2010-2020<br \/>\nTransit Connect 2010-2020<br \/>\nTr\u00e2nsito 250 2015-2021<br \/>\nVM de tr\u00e2nsito 2006-2013<br \/>\nTRANSIT MK6 2000-2005<br \/>\nTRANSIT MK7 2000-2005<br \/>\nTRANSIT MK8 2014-2019<br \/>\nTOURNEO CONNECT 2002-2013<br \/>\nBRONCO 2021<br \/>\nRANGER 2019-2022<br \/>\nBorda 2015-2017<\/p>\n<\/div>","protected":false},"excerpt":{"rendered":"<ul class=\"a-unordered-list a-vertical a-spacing-mini\">\n<li class=\"a-spacing-mini\"><span class=\"a-list-item\">Usando a maioria das lentes LED de ponta - lente de foco pontual. Diferentemente do vidro tradicional, a lente de foco pontual usa um processo de moldagem por inje\u00e7\u00e3o de pl\u00e1stico, de modo que a superf\u00edcie curva complexa calculada pelo computador possa ser formada. A lente de foco pontual usa um design hiperboloide, que tem maior efici\u00eancia \u00f3ptica e um tipo de luz mais amplo, de modo que esse tipo de lente pode realizar a fun\u00e7\u00e3o de farol de neblina e a fun\u00e7\u00e3o de ilumina\u00e7\u00e3o auxiliar da curva ao mesmo tempo.<\/span><\/li>\n<\/ul>\n<ul class=\"a-unordered-list a-vertical a-spacing-mini\">\n<li class=\"a-spacing-mini\"><span class=\"a-list-item\">Esse farol de neblina \u00e9 compat\u00edvel com a maioria dos orif\u00edcios de montagem da l\u00e2mpada hal\u00f3gena para carros Ford e com a interface da l\u00e2mpada (H11, H9, H8) no mercado, al\u00e9m de ter grande versatilidade e ser muito conveniente para atualiza\u00e7\u00f5es e modifica\u00e7\u00f5es.<\/span><\/li>\n<li class=\"a-spacing-mini\"><span class=\"a-list-item\">Siemid Autolights - Foco em pesquisa, desenvolvimento e fabrica\u00e7\u00e3o de l\u00e2mpadas automotivas. A ess\u00eancia do setor, liderando a tend\u00eancia do setor! Temos o compromisso de produzir produtos que sejam seguros e satisfat\u00f3rios para os consumidores. Bem-vindo \u00e0 sua escolha.<\/span><\/li>\n<li class=\"a-spacing-mini\"><span class=\"a-list-item\">Alta qualidade, garantia de 1 ano.<\/span><\/li>\n<li class=\"a-spacing-mini\"><span class=\"a-list-item\">Embalagem: dois pacotes<\/span><\/li>\n<\/ul>","protected":false},"featured_media":40472,"comment_status":"open","ping_status":"closed","template":"","meta":{"_acf_changed":false,"om_disable_all_campaigns":false,"inline_featured_image":false,"_mi_skip_tracking":false,"_monsterinsights_sitenote_active":false,"_monsterinsights_sitenote_note":"","_monsterinsights_sitenote_category":0},"product_brand":[],"product_cat":[554],"product_tag":[135147],"class_list":{"0":"post-40481","1":"product","2":"type-product","3":"status-publish","4":"has-post-thumbnail","6":"product_cat-fog-lights-automotive-lighting","7":"product_tag-warehouse-location-united-states","8":"product_shipping_class-us-stock-flat","9":"pa_compatibility-2000-ford-transit-mk6","10":"pa_compatibility-2000-ford-transit-mk7","11":"pa_compatibility-2001-ford-fiesta","12":"pa_compatibility-2003-ford-ecosport","13":"pa_compatibility-2004-ford-focus","14":"pa_compatibility-2005-ford-freestyle","15":"pa_compatibility-2006-ford-transit-vm","16":"pa_compatibility-2008-ford-taurus-x","17":"pa_compatibility-2010-ford-c-max","18":"pa_compatibility-2010-ford-transit","19":"pa_compatibility-2010-ford-transit-connect","20":"pa_compatibility-2011-ford-explorer","21":"pa_compatibility-2013-ford-fusion","22":"pa_compatibility-2013-ford-mondeo","23":"pa_compatibility-2014-ford-transit-mk8","24":"pa_compatibility-2015-ford-edge","25":"pa_compatibility-2015-ford-escort","26":"pa_compatibility-2015-ford-transit-250-2","27":"pa_compatibility-2019-ford-ranger","28":"pa_compatibility-2021-ford-bronco","30":"first","31":"instock","32":"sale","33":"featured","34":"shipping-taxable","35":"purchasable","36":"product-type-simple"},"acf":[],"aioseo_notices":[],"_links":{"self":[{"href":"https:\/\/siemid.com\/pt\/wp-json\/wp\/v2\/product\/40481","targetHints":{"allow":["GET"]}}],"collection":[{"href":"https:\/\/siemid.com\/pt\/wp-json\/wp\/v2\/product"}],"about":[{"href":"https:\/\/siemid.com\/pt\/wp-json\/wp\/v2\/types\/product"}],"replies":[{"embeddable":true,"href":"https:\/\/siemid.com\/pt\/wp-json\/wp\/v2\/comments?post=40481"}],"wp:featuredmedia":[{"embeddable":true,"href":"https:\/\/siemid.com\/pt\/wp-json\/wp\/v2\/media\/40472"}],"wp:attachment":[{"href":"https:\/\/siemid.com\/pt\/wp-json\/wp\/v2\/media?parent=40481"}],"wp:term":[{"taxonomy":"product_brand","embeddable":true,"href":"https:\/\/siemid.com\/pt\/wp-json\/wp\/v2\/product_brand?post=40481"},{"taxonomy":"product_cat","embeddable":true,"href":"https:\/\/siemid.com\/pt\/wp-json\/wp\/v2\/product_cat?post=40481"},{"taxonomy":"product_tag","embeddable":true,"href":"https:\/\/siemid.com\/pt\/wp-json\/wp\/v2\/product_tag?post=40481"}],"curies":[{"name":"wp","href":"https:\/\/api.w.org\/{rel}","templated":true}]}}