{"id":40483,"date":"2023-12-09T03:06:45","date_gmt":"2023-12-09T03:06:45","guid":{"rendered":"https:\/\/siemid.com\/?post_type=product&#038;p=40483"},"modified":"2025-10-09T17:38:56","modified_gmt":"2025-10-09T17:38:56","slug":"new-generation-led-fog-lamp-light-upgrade-for-toyota-4runner-tacoma-tundra-rav4-c-hr-highlander-venza-sienna-scion-xa-2005-06-07-2008-2009-2010-2011-2012-2013-2014-2015-2016-2017-2018-2019-2020","status":"publish","type":"product","link":"https:\/\/siemid.com\/pt\/produto\/new-generation-led-fog-lamp-light-upgrade-for-toyota-4runner-tacoma-tundra-rav4-c-hr-highlander-venza-sienna-scion-xa-2005-06-07-2008-2009-2010-2011-2012-2013-2014-2015-2016-2017-2018-2019-2020\/","title":{"rendered":"Atualiza\u00e7\u00e3o do farol de neblina de LED de nova gera\u00e7\u00e3o para Toyota 4Runner Tacoma Tundra RAV4 C-HR Highlander Venza Sienna Scion xA 2005 06 07 2008 2009 2010 2011 2012 2013 2014 2015 2016 2017 2018 2019 2020"},"content":{"rendered":"<h2 class=\"default\">Descri\u00e7\u00e3o do produto<\/h2>\n<div id=\"productDescription\" class=\"a-section a-spacing-small\">\n<p>Atualiza\u00e7\u00e3o da nova gera\u00e7\u00e3o de far\u00f3is de neblina de LED para carros Toyota Esse item serve como pe\u00e7a de reposi\u00e7\u00e3o que vem pr\u00e9-instalada com far\u00f3is de neblina. Esses s\u00e3o os novos far\u00f3is de neblina de LED de atualiza\u00e7\u00e3o que substituem os hal\u00f3genos originais! O \u00e2ngulo de ilumina\u00e7\u00e3o \u00e9 muito amplo (120 graus \u00e0 esquerda e \u00e0 direita), e a linha de corte \u00e9 clara e n\u00edtida. Aprova\u00e7\u00e3o ECE F3 SAE DOT. Voc\u00ea recebe os dois far\u00f3is de neblina. Se voc\u00ea quiser incrementar o visual do seu ve\u00edculo ou se quiser mais clareza enquanto dirige, independentemente das condi\u00e7\u00f5es clim\u00e1ticas, isso pode ajud\u00e1-lo em ambas as situa\u00e7\u00f5es. Isso aumentar\u00e1 a visibilidade durante a noite, neblina densa, chuva forte e neve.<br \/>\n<strong><span class=\"a-text-bold\">Os recursos incluem:<\/span><\/strong><br \/>\n.Come Complete<br \/>\no L\u00e2mpadas de LED de alta pot\u00eancia.<br \/>\no \u00c2ngulo de cobertura extra amplo.<br \/>\no Reutilizar o hardware existente.<br \/>\n<strong><span class=\"a-text-bold\">SUBSTITUI OS N\u00daMEROS ORIGINAIS DOS FAR\u00d3IS DE NEBLINA HAL\u00d3GENOS<\/span><\/strong><br \/>\n81220-02160 81220-48050 81210-02160 81210-48050<br \/>\n812100D040 812100D041 812100D042 8121006071<br \/>\n11336DT 711336D 711336DQ 81210-06071 810260W020<br \/>\n8122006070 812200D041 812200D042 SC2592100<br \/>\n810250W020 8121006070 812100607 SC2593100 A2593123<br \/>\n<strong><span class=\"a-text-bold\">Serve:<\/span><\/strong><br \/>\nPara Tacoma 2012-2021<br \/>\nPara RAV4 2006-2012<br \/>\nPara RAV4 2016-2021<br \/>\nPara o 4Runner 2010-2022<br \/>\nPara a Tundra 2014-2020<br \/>\nPara o Highlander 2010-2021<br \/>\nPara C-HR 2018-2019<br \/>\nPara o Venza 2009-2016<br \/>\nPara o Sienna 2011-2020<br \/>\nPara Scion xA 2006<br \/>\nPara Camry 2007-2014<br \/>\nPara o Corolla 2009-2016<br \/>\nPara Yaris 2007-2018<br \/>\nPara Avalon 2008-2015<br \/>\nPara Matrix 2009-2014<br \/>\nPara o Prius 2010-2015<br \/>\nPara Prius C 2012-2015<br \/>\nPara Prius V 2012-2017<br \/>\nPara PRIUS PLUG-IN 2014-2015<br \/>\nPara o Solara 2007-2008<br \/>\nPara Reiz 2013-2018<br \/>\nPara Vios 2014-2016<br \/>\n<strong><span class=\"a-text-bold\">Adequado para LEXUS:<\/span><\/strong><br \/>\nCT200H 2011-2017<br \/>\nES300h 2013-2019<br \/>\nGS200t 2016-2017<br \/>\nGS300 2018-2019<br \/>\nGS350 2013-2020<br \/>\nGS450H 2014-2015<br \/>\nRX450h 2010-2019<br \/>\nES350 2013-2018<br \/>\nIS250 2011-2015<br \/>\nIS300 2016<br \/>\nIS350 2011-2016<br \/>\nNX200T 2015-2017<br \/>\nRX350 2009-2019<br \/>\nGS450H 2013-2018<br \/>\nHS250H 2010-2012<br \/>\nIS F 2008-2014<br \/>\nLX570 2008-2015<\/p>\n<\/div>","protected":false},"excerpt":{"rendered":"<ul class=\"a-unordered-list a-vertical a-spacing-mini\">\n<li class=\"a-spacing-mini\"><span class=\"a-list-item\">Usando a maioria das lentes LED de ponta - lente de foco pontual. Diferentemente do vidro tradicional, a lente de foco pontual usa um processo de moldagem por inje\u00e7\u00e3o de pl\u00e1stico, de modo que a superf\u00edcie curva complexa calculada pelo computador possa ser formada. A lente de foco pontual usa um design hiperboloide, que tem maior efici\u00eancia \u00f3ptica e um tipo de luz mais amplo, de modo que esse tipo de lente pode realizar a fun\u00e7\u00e3o de farol de neblina e a fun\u00e7\u00e3o de ilumina\u00e7\u00e3o auxiliar da curva ao mesmo tempo.<\/span><\/li>\n<li class=\"a-spacing-mini\"><span class=\"a-list-item\">Esse farol de neblina \u00e9 compat\u00edvel com a maioria dos orif\u00edcios de montagem do farol de neblina com l\u00e2mpada hal\u00f3gena e com a interface da l\u00e2mpada (H11) dos carros da Toyota no mercado, al\u00e9m de ter grande versatilidade e ser muito conveniente para atualiza\u00e7\u00f5es e modifica\u00e7\u00f5es.<\/span><\/li>\n<li class=\"a-spacing-mini\"><span class=\"a-list-item\">Siemid Autolights - Foco em pesquisa, desenvolvimento e fabrica\u00e7\u00e3o de l\u00e2mpadas automotivas. A ess\u00eancia do setor, liderando a tend\u00eancia do setor! Temos o compromisso de produzir produtos que sejam seguros e satisfat\u00f3rios para os consumidores. Bem-vindo \u00e0 sua escolha.<\/span><\/li>\n<li class=\"a-spacing-mini\"><span class=\"a-list-item\">Alta qualidade, 1 ano de garantia. Embalagem: dois pacotes<\/span><\/li>\n<li class=\"a-spacing-mini\"><span class=\"a-list-item\">A l\u00e2mpada com moldura cromada e a l\u00e2mpada com moldura preta s\u00e3o diferentes apenas na apar\u00eancia, o tamanho da instala\u00e7\u00e3o \u00e9 o mesmo e o ve\u00edculo aplic\u00e1vel \u00e9 o mesmo.<\/span><\/li>\n<\/ul>","protected":false},"featured_media":40484,"comment_status":"open","ping_status":"closed","template":"","meta":{"_acf_changed":false,"om_disable_all_campaigns":false,"inline_featured_image":false,"_mi_skip_tracking":false,"_monsterinsights_sitenote_active":false,"_monsterinsights_sitenote_note":"","_monsterinsights_sitenote_category":0},"product_brand":[],"product_cat":[554],"product_tag":[135147],"class_list":{"0":"post-40483","1":"product","2":"type-product","3":"status-publish","4":"has-post-thumbnail","6":"product_cat-fog-lights-automotive-lighting","7":"product_tag-warehouse-location-united-states","8":"product_shipping_class-us-stock-flat","9":"pa_compatibility-2006-toyota-rav4","10":"pa_compatibility-2006-toyota-scion-xa","11":"pa_compatibility-2007-toyota-camry","12":"pa_compatibility-2007-toyota-corolla","13":"pa_compatibility-2007-toyota-solara","14":"pa_compatibility-2007-toyota-yaris","15":"pa_compatibility-2008-is-f","16":"pa_compatibility-2008-lexus-lx570","17":"pa_compatibility-2008-toyota-avalon","18":"pa_compatibility-2009-lexus-rx350","19":"pa_compatibility-2009-toyota-matrix","20":"pa_compatibility-2009-toyota-venza","21":"pa_compatibility-2010-hs250h","22":"pa_compatibility-2010-lexus-rx450h","23":"pa_compatibility-2010-toyota-4runner","24":"pa_compatibility-2010-toyota-highlander","25":"pa_compatibility-2011-lexus-ct200h","26":"pa_compatibility-2011-lexus-is250","27":"pa_compatibility-2011-lexus-is350","28":"pa_compatibility-2011-toyota-sienna","29":"pa_compatibility-2012-toyota-prius","30":"pa_compatibility-2012-toyota-prius-c","31":"pa_compatibility-2012-toyota-prius-v","32":"pa_compatibility-2012-toyota-tacoma","33":"pa_compatibility-2013-lexus-es300h","34":"pa_compatibility-2013-lexus-es350","35":"pa_compatibility-2013-lexus-gs350","36":"pa_compatibility-2013-lexus-gs450h","37":"pa_compatibility-2014-lexus-gs450h","38":"pa_compatibility-2014-toyota-prius-plug-in","39":"pa_compatibility-2014-toyota-tundra","40":"pa_compatibility-2015-lexus-nx200t","41":"pa_compatibility-2016-lexus-gs200t","42":"pa_compatibility-2016-lexus-is300","43":"pa_compatibility-2018-lexus-gs300","44":"pa_compatibility-2018-toyota-c-hr","46":"first","47":"instock","48":"sale","49":"featured","50":"shipping-taxable","51":"purchasable","52":"product-type-simple"},"acf":[],"aioseo_notices":[],"_links":{"self":[{"href":"https:\/\/siemid.com\/pt\/wp-json\/wp\/v2\/product\/40483","targetHints":{"allow":["GET"]}}],"collection":[{"href":"https:\/\/siemid.com\/pt\/wp-json\/wp\/v2\/product"}],"about":[{"href":"https:\/\/siemid.com\/pt\/wp-json\/wp\/v2\/types\/product"}],"replies":[{"embeddable":true,"href":"https:\/\/siemid.com\/pt\/wp-json\/wp\/v2\/comments?post=40483"}],"wp:featuredmedia":[{"embeddable":true,"href":"https:\/\/siemid.com\/pt\/wp-json\/wp\/v2\/media\/40484"}],"wp:attachment":[{"href":"https:\/\/siemid.com\/pt\/wp-json\/wp\/v2\/media?parent=40483"}],"wp:term":[{"taxonomy":"product_brand","embeddable":true,"href":"https:\/\/siemid.com\/pt\/wp-json\/wp\/v2\/product_brand?post=40483"},{"taxonomy":"product_cat","embeddable":true,"href":"https:\/\/siemid.com\/pt\/wp-json\/wp\/v2\/product_cat?post=40483"},{"taxonomy":"product_tag","embeddable":true,"href":"https:\/\/siemid.com\/pt\/wp-json\/wp\/v2\/product_tag?post=40483"}],"curies":[{"name":"wp","href":"https:\/\/api.w.org\/{rel}","templated":true}]}}