{"id":40491,"date":"2023-12-09T06:34:00","date_gmt":"2023-12-09T06:34:00","guid":{"rendered":"https:\/\/siemid.com\/?post_type=product&#038;p=40491"},"modified":"2024-01-08T18:06:39","modified_gmt":"2024-01-08T18:06:39","slug":"siemid-neue-generation-led-nebelscheinwerfer-paar-fur-ford-focus-mk2-3-fiesta-mk6-7-8-escort-edge-ecosport-explorer-raptor-c-max-fusion-ranger-taurus-x-transit-2001-2010-2011-2012-2013-14-15-16-17","status":"publish","type":"product","link":"https:\/\/siemid.com\/pt\/produto\/siemid-neue-generation-led-nebelscheinwerfer-paar-fur-ford-focus-mk2-3-fiesta-mk6-7-8-escort-edge-ecosport-explorer-raptor-c-max-fusion-ranger-taurus-x-transit-2001-2010-2011-2012-2013-14-15-16-17\/","title":{"rendered":"Siemid Neue Generation LED Nebelscheinwerfer Paar f??r Ford Focus MK2 3 FIESTA MK6 7 8 Escort Edge Ecosport Explorer Raptor C-MAX FUSION Ranger Taurus X TRANSIT 2001-2010 2011 2012 2013 14 15 16 17"},"content":{"rendered":"<div class=\"a-expander-content a-expander-partial-collapse-content a-expander-content-expanded\" aria-expanded=\"true\">\n<div id=\"productDescription\" class=\"a-section a-spacing-small\">\n<p>Com os nossos LEDs, voc\u00ea pode iluminar at\u00e9 mesmo as nebulosas mais brilhantes. Os LEDs de chip Cree de alta qualidade proporcionam uma vis\u00e3o livre, visibilidade e seguran\u00e7a em seu ve\u00edculo. Gra\u00e7as a uma montagem Plug&amp;Play descomplicada, as l\u00e2mpadas mais resistentes s\u00e3o f\u00e1ceis de usar e podem ser instaladas em um instante.<br \/>\nD\u00ea ao seu carro um toque esportivo e elegante com maior durabilidade.<br \/>\n<strong>Esses s\u00e3o seus objetivos:<\/strong><br \/>\n- ilumina\u00e7\u00e3o brilhante e extremamente brilhante<br \/>\n- Vida longa<br \/>\n- sem nenhum problema<br \/>\n- em um ambiente de trabalho seguro<br \/>\n- Montagem Plug&amp;Play f\u00e1cil de usar<br \/>\n<strong>Passar por ele:<\/strong><br \/>\nFORD<br \/>\nFoco 2004-2014<br \/>\nMK2 2005-2008<br \/>\nMK3 2011-2015<br \/>\nFiesta 2002-2012<br \/>\nMK6 2002-2009<br \/>\nMK6.5 2005-2008<br \/>\nMK7 2008-2013<br \/>\nMK7 zetec 2008-2013<br \/>\nMK7.5 st 2014-2018<br \/>\nST MK8 2012-2017<br \/>\nEscolta 2015-2017<br \/>\nMondeo 2013-2016<br \/>\nBorda 2015-2017<br \/>\nEcosport 20032016<br \/>\nExplorer 2002-2014<br \/>\nRaptor 2011-2016<br \/>\nIkon<br \/>\nFIESTA V 2001-2010<br \/>\nFIESTA VI 2008<br \/>\nFOCO II 2004-2012<br \/>\nFOCUS II Saloon 2005<br \/>\nFOCUS II Turnier 2004-2012<br \/>\nFUS\u00c3O 2002-2012<br \/>\nFord Freestyle 2005-2007<br \/>\nFord Ranger2005-2011<br \/>\nFord Taurus X 2008-2009<br \/>\nC-MAX 2013-2018<br \/>\nTr\u00e2nsito 2010-2020<br \/>\nTr\u00e2nsito CONNECT 2010-2020<br \/>\nTr\u00e2nsito 250 2015-2021<br \/>\nVM de tr\u00e2nsito 2006-2013<br \/>\nTRANSIT MK6 2000-2005<br \/>\nTRANSIT MK7 2000-2005<br \/>\nTRANSIT MK8 2014-2019<br \/>\nTOURNEO CONNECT 2002-2013<br \/>\nFalc\u00e3o<\/p>\n<\/div>\n<\/div>\n<div id=\"productDescription_expander-expand_collapse_link\" class=\"a-expander-header a-expander-partial-collapse-header celwidget\" data-csa-c-id=\"i1n3ak-d9zvbw-xz19zs-6wlspo\" data-cel-widget=\"productDescription_expander-expand_collapse_link\"><\/div>","protected":false},"excerpt":{"rendered":"<ul class=\"a-unordered-list a-vertical a-spacing-mini\">\n<li class=\"a-spacing-mini\"><span class=\"a-list-item\">Usando a maioria das lentes LED de ponta - lente de foco pontual. Diferentemente do vidro tradicional, a lente de foco pontual usa um processo de moldagem por inje\u00e7\u00e3o de pl\u00e1stico, de modo que a superf\u00edcie curva complexa calculada pelo computador possa ser formada. A lente de foco pontual usa um design hiperboloide, que tem maior efici\u00eancia \u00f3ptica e um tipo de luz mais amplo, de modo que esse tipo de lente pode realizar a fun\u00e7\u00e3o de farol de neblina e a fun\u00e7\u00e3o de ilumina\u00e7\u00e3o auxiliar da curva ao mesmo tempo.<\/span><\/li>\n<\/ul>\n<ul class=\"a-unordered-list a-vertical a-spacing-mini\">\n<li class=\"a-spacing-mini\"><span class=\"a-list-item\">Esse farol de neblina \u00e9 compat\u00edvel com a maioria dos orif\u00edcios de montagem da l\u00e2mpada hal\u00f3gena para carros Ford e com a interface da l\u00e2mpada (H11, H9, H8) no mercado, al\u00e9m de ter grande versatilidade e ser muito conveniente para atualiza\u00e7\u00f5es e modifica\u00e7\u00f5es.<\/span><\/li>\n<li class=\"a-spacing-mini\"><span class=\"a-list-item\">Siemid Autolights - Foco em pesquisa, desenvolvimento e fabrica\u00e7\u00e3o de l\u00e2mpadas automotivas. A ess\u00eancia do setor, liderando a tend\u00eancia do setor! Temos o compromisso de produzir produtos que sejam seguros e satisfat\u00f3rios para os consumidores. Bem-vindo \u00e0 sua escolha.<\/span><\/li>\n<li class=\"a-spacing-mini\"><span class=\"a-list-item\">Alta qualidade, garantia de 1 ano.<\/span><\/li>\n<li class=\"a-spacing-mini\"><span class=\"a-list-item\">Embalagem: dois pacotes<\/span><\/li>\n<\/ul>","protected":false},"featured_media":40472,"comment_status":"open","ping_status":"closed","template":"","meta":{"_acf_changed":false,"om_disable_all_campaigns":false,"inline_featured_image":false,"_mi_skip_tracking":false,"_monsterinsights_sitenote_active":false,"_monsterinsights_sitenote_note":"","_monsterinsights_sitenote_category":0},"product_brand":[],"product_cat":[554],"product_tag":[135147],"class_list":{"0":"post-40491","1":"product","2":"type-product","3":"status-publish","4":"has-post-thumbnail","6":"product_cat-fog-lights-automotive-lighting","7":"product_tag-warehouse-location-united-states","8":"product_shipping_class-us-stock-flat","9":"pa_compatibility-2000-ford-transit-mk6","10":"pa_compatibility-2000-ford-transit-mk7","11":"pa_compatibility-2001-ford-fiesta","12":"pa_compatibility-2003-ford-ecosport","13":"pa_compatibility-2004-ford-focus","14":"pa_compatibility-2005-ford-freestyle","15":"pa_compatibility-2006-ford-transit-vm","16":"pa_compatibility-2008-ford-taurus-x","17":"pa_compatibility-2010-ford-c-max","18":"pa_compatibility-2010-ford-transit","19":"pa_compatibility-2010-ford-transit-connect","20":"pa_compatibility-2011-ford-explorer","21":"pa_compatibility-2013-ford-fusion","22":"pa_compatibility-2013-ford-mondeo","23":"pa_compatibility-2014-ford-transit-mk8","24":"pa_compatibility-2015-ford-edge","25":"pa_compatibility-2015-ford-escort","26":"pa_compatibility-2015-ford-transit-250-2","27":"pa_compatibility-2019-ford-ranger","28":"pa_compatibility-2021-ford-bronco","30":"first","31":"instock","32":"sale","33":"shipping-taxable","34":"purchasable","35":"product-type-simple"},"acf":[],"aioseo_notices":[],"_links":{"self":[{"href":"https:\/\/siemid.com\/pt\/wp-json\/wp\/v2\/product\/40491","targetHints":{"allow":["GET"]}}],"collection":[{"href":"https:\/\/siemid.com\/pt\/wp-json\/wp\/v2\/product"}],"about":[{"href":"https:\/\/siemid.com\/pt\/wp-json\/wp\/v2\/types\/product"}],"replies":[{"embeddable":true,"href":"https:\/\/siemid.com\/pt\/wp-json\/wp\/v2\/comments?post=40491"}],"wp:featuredmedia":[{"embeddable":true,"href":"https:\/\/siemid.com\/pt\/wp-json\/wp\/v2\/media\/40472"}],"wp:attachment":[{"href":"https:\/\/siemid.com\/pt\/wp-json\/wp\/v2\/media?parent=40491"}],"wp:term":[{"taxonomy":"product_brand","embeddable":true,"href":"https:\/\/siemid.com\/pt\/wp-json\/wp\/v2\/product_brand?post=40491"},{"taxonomy":"product_cat","embeddable":true,"href":"https:\/\/siemid.com\/pt\/wp-json\/wp\/v2\/product_cat?post=40491"},{"taxonomy":"product_tag","embeddable":true,"href":"https:\/\/siemid.com\/pt\/wp-json\/wp\/v2\/product_tag?post=40491"}],"curies":[{"name":"wp","href":"https:\/\/api.w.org\/{rel}","templated":true}]}}