{"id":40492,"date":"2023-12-09T06:59:32","date_gmt":"2023-12-09T06:59:32","guid":{"rendered":"https:\/\/siemid.com\/?post_type=product&#038;p=40492"},"modified":"2026-05-10T17:57:19","modified_gmt":"2026-05-10T17:57:19","slug":"front-grill-compatible-with-volkswagen-jetta-mk6-2015-2016-2017-insert-bumper-upper-center-grille","status":"publish","type":"product","link":"https:\/\/siemid.com\/pt\/produto\/front-grill-compatible-with-volkswagen-jetta-mk6-2015-2016-2017-insert-bumper-upper-center-grille\/","title":{"rendered":"Grade frontal compat\u00edvel com o Volkswagen Jetta MK6 2015 2016 2017 Insira a grade central superior do para-choque"},"content":{"rendered":"<h2 class=\"default\">Descri\u00e7\u00e3o do produto<\/h2>\n<div id=\"productDescription\" class=\"a-section a-spacing-small\">\n<p>&gt;&gt;&gt; Excelente qualidade: Cor preta brilhante com acabamento cromado, feito de material pl\u00e1stico ABS leve e de alta qualidade, dur\u00e1vel e confi\u00e1vel. Alta resist\u00eancia, resist\u00eancia ao impacto, ao desbotamento e \u00e0 ferrugem.<br \/>\n&gt;&gt;&gt; Proporciona uma apar\u00eancia elegante e personalizada, prote\u00e7\u00e3o anticolis\u00e3o, protege a parte dianteira do seu ve\u00edculo, evita que materiais estranhos entrem na entrada de ar e danifiquem o motor.<br \/>\n&gt;&gt;&gt; Apar\u00eancia diferenciada: O design exclusivo da grade aumenta o impacto visual, cria um novo visual ic\u00f4nico e \u00e9 uma \u00f3tima atualiza\u00e7\u00e3o para o seu ve\u00edculo.<br \/>\n&gt;&gt;&gt; A instala\u00e7\u00e3o profissional \u00e9 altamente recomendada: F\u00e1cil de instalar, sem necessidade de modifica\u00e7\u00e3o, aparafusado diretamente para ser substitu\u00eddo. Instru\u00e7\u00f5es N\u00c3O inclu\u00eddas.<\/p>\n<\/div>","protected":false},"excerpt":{"rendered":"<ul class=\"a-unordered-list a-vertical a-spacing-mini\">\n<li class=\"a-spacing-mini\"><span class=\"a-list-item\">&gt;&gt;&gt; Excelente qualidade: Cor preta brilhante com acabamento cromado, feito de material pl\u00e1stico ABS leve e de alta qualidade, dur\u00e1vel e confi\u00e1vel. Alta resist\u00eancia, resist\u00eancia ao impacto, ao desbotamento e \u00e0 ferrugem.<\/span><\/li>\n<li class=\"a-spacing-mini\"><span class=\"a-list-item\">&gt;&gt;&gt; Proporciona uma apar\u00eancia elegante e personalizada, prote\u00e7\u00e3o anticolis\u00e3o, protege a parte dianteira do seu ve\u00edculo, evita que materiais estranhos entrem na entrada de ar e danifiquem o motor.<\/span><\/li>\n<li class=\"a-spacing-mini\"><span class=\"a-list-item\">&gt;&gt;&gt; Apar\u00eancia diferenciada: O design exclusivo da grade aumenta o impacto visual, cria um novo visual ic\u00f4nico e \u00e9 uma \u00f3tima atualiza\u00e7\u00e3o para o seu ve\u00edculo.<\/span><\/li>\n<li class=\"a-spacing-mini\"><span class=\"a-list-item\">&gt;&gt;&gt; A instala\u00e7\u00e3o profissional \u00e9 altamente recomendada: F\u00e1cil de instalar, sem necessidade de modifica\u00e7\u00e3o, aparafusado diretamente para ser substitu\u00eddo. Instru\u00e7\u00f5es N\u00c3O inclu\u00eddas.<\/span><\/li>\n<\/ul>","protected":false},"featured_media":40494,"comment_status":"open","ping_status":"closed","template":"","meta":{"_acf_changed":false,"om_disable_all_campaigns":false,"inline_featured_image":false,"_mi_skip_tracking":false,"_monsterinsights_sitenote_active":false,"_monsterinsights_sitenote_note":"","_monsterinsights_sitenote_category":0},"product_brand":[],"product_cat":[587],"product_tag":[135147],"class_list":{"0":"post-40492","1":"product","2":"type-product","3":"status-publish","4":"has-post-thumbnail","6":"product_cat-replacement-grilles","7":"product_tag-warehouse-location-united-states","8":"product_shipping_class-us-stock-flat","9":"pa_compatibility-2015-volkswagen-jetta","11":"first","12":"instock","13":"sale","14":"featured","15":"shipping-taxable","16":"purchasable","17":"product-type-simple"},"acf":[],"aioseo_notices":[],"_links":{"self":[{"href":"https:\/\/siemid.com\/pt\/wp-json\/wp\/v2\/product\/40492","targetHints":{"allow":["GET"]}}],"collection":[{"href":"https:\/\/siemid.com\/pt\/wp-json\/wp\/v2\/product"}],"about":[{"href":"https:\/\/siemid.com\/pt\/wp-json\/wp\/v2\/types\/product"}],"replies":[{"embeddable":true,"href":"https:\/\/siemid.com\/pt\/wp-json\/wp\/v2\/comments?post=40492"}],"wp:featuredmedia":[{"embeddable":true,"href":"https:\/\/siemid.com\/pt\/wp-json\/wp\/v2\/media\/40494"}],"wp:attachment":[{"href":"https:\/\/siemid.com\/pt\/wp-json\/wp\/v2\/media?parent=40492"}],"wp:term":[{"taxonomy":"product_brand","embeddable":true,"href":"https:\/\/siemid.com\/pt\/wp-json\/wp\/v2\/product_brand?post=40492"},{"taxonomy":"product_cat","embeddable":true,"href":"https:\/\/siemid.com\/pt\/wp-json\/wp\/v2\/product_cat?post=40492"},{"taxonomy":"product_tag","embeddable":true,"href":"https:\/\/siemid.com\/pt\/wp-json\/wp\/v2\/product_tag?post=40492"}],"curies":[{"name":"wp","href":"https:\/\/api.w.org\/{rel}","templated":true}]}}