{"id":40529,"date":"2023-12-14T13:30:00","date_gmt":"2023-12-14T13:30:00","guid":{"rendered":"https:\/\/siemid.com\/?post_type=product&#038;p=40529"},"modified":"2023-12-14T13:42:02","modified_gmt":"2023-12-14T13:42:02","slug":"for-2005-2008-300-2008-2009-caliber-fog-driving-light-lamp-round-kit-set-of-2","status":"publish","type":"product","link":"https:\/\/siemid.com\/pt\/produto\/for-2005-2008-300-2008-2009-caliber-fog-driving-light-lamp-round-kit-set-of-2\/","title":{"rendered":"Para 2005-2008 300 2008-2009 Caliber Luz de condu\u00e7\u00e3o de neblina Kit de l\u00e2mpadas redondas Conjunto de 2"},"content":{"rendered":"<p>Ajuste<\/br>Antes de comprar, verifique a descri\u00e7\u00e3o e o filtro de ajuste automotivo superior para ver se esse item funcionar\u00e1 em seu ve\u00edculo!<\/br><\/br>Condi\u00e7\u00e3o<\/br>100% Novo na embalagem de f\u00e1brica, nunca usado ou instalado. garante a qualidade e o desempenho do produto.<\/br><\/br>Item_Oferecido<\/br>O kit inclui: () Neblina do lado do motorista <\/br>Quantidade: 2 pe\u00e7as<\/br>Itens inclu\u00eddos: () Neblina do lado do motorista ,() Neblina do lado do passageiro <\/br><\/br>Posi\u00e7\u00e3o<\/br>Posicionamento no ve\u00edculo: Dianteira, esquerda, direita<\/br><\/br>Part_Number<\/br>116-03309,4805858AB,CH2592139,1ALFP00193,923-802<\/br><\/br>Tipo<\/br>Conjunto de neblina<\/br><\/br>Garantia<\/br>: Os conjuntos incluem l\u00e2mpadas de teste que devem ser substitu\u00eddas antes da instala\u00e7\u00e3o<\/p>","protected":false},"excerpt":{"rendered":"<p>Adequa\u00e7\u00e3o: Verifique a descri\u00e7\u00e3o e o filtro de adequa\u00e7\u00e3o automotiva superior para ver se esse item funcionar\u00e1 em seu ve\u00edculo antes da compra!<br \/>\nPosicionamento no ve\u00edculo: Dianteira, esquerda, direita<br \/>\nPart_Number:116-03309,4805858AB,CH2592139,1ALFP00193,923-802<br \/>\nTipo:Fog Set<br \/>\n: Os conjuntos incluem l\u00e2mpadas de teste que devem ser substitu\u00eddas antes da instala\u00e7\u00e3o<\/p>","protected":false},"featured_media":40574,"comment_status":"open","ping_status":"closed","template":"","meta":{"_acf_changed":false,"om_disable_all_campaigns":false,"inline_featured_image":false,"_mi_skip_tracking":false,"_monsterinsights_sitenote_active":false,"_monsterinsights_sitenote_note":"","_monsterinsights_sitenote_category":0},"product_brand":[],"product_cat":[554],"product_tag":[135147],"class_list":{"0":"post-40529","1":"product","2":"type-product","3":"status-publish","4":"has-post-thumbnail","6":"product_cat-fog-lights-automotive-lighting","7":"product_tag-warehouse-location-united-states","8":"product_shipping_class-us-stock-flat","9":"pa_compatibility-2005-dodge-caliber","11":"first","12":"instock","13":"sale","14":"shipping-taxable","15":"purchasable","16":"product-type-simple"},"acf":[],"aioseo_notices":[],"_links":{"self":[{"href":"https:\/\/siemid.com\/pt\/wp-json\/wp\/v2\/product\/40529","targetHints":{"allow":["GET"]}}],"collection":[{"href":"https:\/\/siemid.com\/pt\/wp-json\/wp\/v2\/product"}],"about":[{"href":"https:\/\/siemid.com\/pt\/wp-json\/wp\/v2\/types\/product"}],"replies":[{"embeddable":true,"href":"https:\/\/siemid.com\/pt\/wp-json\/wp\/v2\/comments?post=40529"}],"wp:featuredmedia":[{"embeddable":true,"href":"https:\/\/siemid.com\/pt\/wp-json\/wp\/v2\/media\/40574"}],"wp:attachment":[{"href":"https:\/\/siemid.com\/pt\/wp-json\/wp\/v2\/media?parent=40529"}],"wp:term":[{"taxonomy":"product_brand","embeddable":true,"href":"https:\/\/siemid.com\/pt\/wp-json\/wp\/v2\/product_brand?post=40529"},{"taxonomy":"product_cat","embeddable":true,"href":"https:\/\/siemid.com\/pt\/wp-json\/wp\/v2\/product_cat?post=40529"},{"taxonomy":"product_tag","embeddable":true,"href":"https:\/\/siemid.com\/pt\/wp-json\/wp\/v2\/product_tag?post=40529"}],"curies":[{"name":"wp","href":"https:\/\/api.w.org\/{rel}","templated":true}]}}