{"id":40530,"date":"2023-12-14T13:30:00","date_gmt":"2023-12-14T13:30:00","guid":{"rendered":"https:\/\/siemid.com\/?post_type=product&#038;p=40530"},"modified":"2023-12-14T13:42:02","modified_gmt":"2023-12-14T13:42:02","slug":"for-2005-2012-frontier-pathfinder-sentra-fog-driving-lights-lamps-left-set","status":"publish","type":"product","link":"https:\/\/siemid.com\/pt\/produto\/for-2005-2012-frontier-pathfinder-sentra-fog-driving-lights-lamps-left-set\/","title":{"rendered":"Para 2005-2012 Frontier Pathfinder Sentra Luzes de dire\u00e7\u00e3o de neblina L\u00e2mpadas esquerdas e conjunto"},"content":{"rendered":"<p>O que \u00e9 neblina <\/br>O sistema de neblina \u00e9 um sistema de ilumina\u00e7\u00e3o especializado montado na parte inferior da frente de um ve\u00edculo, projetado para ajudar os motoristas a enxergar com mais clareza em condi\u00e7\u00f5es de neblina ou mau tempo. <\/br>Ao contr\u00e1rio dos far\u00f3is, que s\u00e3o projetados para iluminar a estrada \u00e0 frente, os far\u00f3is de neblina s\u00e3o posicionados mais perto do solo e produzem um feixe amplo e plano que se destina a penetrar na neblina e refletir menos nos olhos do motorista. Isso ajuda a melhorar a visibilidade e a reduzir o ofuscamento em condi\u00e7\u00f5es de neblina, nevoeiro ou outras condi\u00e7\u00f5es de baixa visibilidade.<\/br><\/br>Ajuste<\/br>Antes de comprar, verifique a descri\u00e7\u00e3o e o filtro de ajuste automotivo superior para ver se esse item funcionar\u00e1 em seu ve\u00edculo!<\/br><\/br>Condi\u00e7\u00e3o<\/br>100% Novo na embalagem de f\u00e1brica, nunca usado ou instalado. garante a qualidade e o desempenho do produto.<\/br><\/br>Item_Oferecido<\/br>O kit inclui: () Neblina do lado do motorista <\/br>Quantidade: 2 pe\u00e7as<\/br>Itens inclu\u00eddos: () Neblina do lado do motorista ,() Neblina do lado do passageiro <\/br><\/br>Posi\u00e7\u00e3o<\/br>Posicionamento no ve\u00edculo: Dianteira, esquerda, direita<\/br><\/br>Part_Number<\/br>1ALFP00315<\/br><\/br>Tipo<\/br>Conjunto de neblina<\/br><\/br>Garantia<\/br>: Os conjuntos incluem l\u00e2mpadas de teste que devem ser substitu\u00eddas antes da instala\u00e7\u00e3o<\/br><\/br>Como instalar o Fog <\/br>Monte os far\u00f3is de neblina: Use o hardware de montagem inclu\u00eddo no kit para montar os far\u00f3is de neblina no local desejado. <\/br>2. Instale a fia\u00e7\u00e3o: Passe a fia\u00e7\u00e3o dos far\u00f3is de neblina at\u00e9 a bateria e\/ou caixa de fus\u00edveis do ve\u00edculo, seguindo as instru\u00e7\u00f5es do fabricante para direcionar a fia\u00e7\u00e3o e fazer as conex\u00f5es necess\u00e1rias.<\/br>3. Instale o interruptor: Instale o interruptor de neblina em um local conveniente no interior do ve\u00edculo. Certifique-se de seguir as instru\u00e7\u00f5es do fabricante para conectar a fia\u00e7\u00e3o do interruptor \u00e0s luzes e ao sistema el\u00e9trico do ve\u00edculo.<\/br>4. teste as luzes: Quando a instala\u00e7\u00e3o estiver conclu\u00edda, teste os far\u00f3is de neblina para ter certeza de que est\u00e3o funcionando corretamente.<\/p>","protected":false},"excerpt":{"rendered":"<p>Adequa\u00e7\u00e3o: Verifique a descri\u00e7\u00e3o e o filtro de adequa\u00e7\u00e3o automotiva superior para ver se esse item funcionar\u00e1 em seu ve\u00edculo antes da compra!<br \/>\nPosicionamento no ve\u00edculo: Dianteira, esquerda, direita<br \/>\nPart_Number:1ALFP00315<br \/>\nTipo:Fog Set<br \/>\n: Os conjuntos incluem l\u00e2mpadas de teste que devem ser substitu\u00eddas antes da instala\u00e7\u00e3o<\/p>","protected":false},"featured_media":40581,"comment_status":"open","ping_status":"closed","template":"","meta":{"_acf_changed":false,"om_disable_all_campaigns":false,"inline_featured_image":false,"_mi_skip_tracking":false,"_monsterinsights_sitenote_active":false,"_monsterinsights_sitenote_note":"","_monsterinsights_sitenote_category":0},"product_brand":[],"product_cat":[554],"product_tag":[135147],"class_list":{"0":"post-40530","1":"product","2":"type-product","3":"status-publish","4":"has-post-thumbnail","6":"product_cat-fog-lights-automotive-lighting","7":"product_tag-warehouse-location-united-states","8":"product_shipping_class-us-stock-flat","9":"pa_compatibility-2005-nissan-frontier","10":"pa_compatibility-2005-nissan-pathfinder","12":"first","13":"instock","14":"sale","15":"shipping-taxable","16":"purchasable","17":"product-type-simple"},"acf":[],"aioseo_notices":[],"_links":{"self":[{"href":"https:\/\/siemid.com\/pt\/wp-json\/wp\/v2\/product\/40530","targetHints":{"allow":["GET"]}}],"collection":[{"href":"https:\/\/siemid.com\/pt\/wp-json\/wp\/v2\/product"}],"about":[{"href":"https:\/\/siemid.com\/pt\/wp-json\/wp\/v2\/types\/product"}],"replies":[{"embeddable":true,"href":"https:\/\/siemid.com\/pt\/wp-json\/wp\/v2\/comments?post=40530"}],"wp:featuredmedia":[{"embeddable":true,"href":"https:\/\/siemid.com\/pt\/wp-json\/wp\/v2\/media\/40581"}],"wp:attachment":[{"href":"https:\/\/siemid.com\/pt\/wp-json\/wp\/v2\/media?parent=40530"}],"wp:term":[{"taxonomy":"product_brand","embeddable":true,"href":"https:\/\/siemid.com\/pt\/wp-json\/wp\/v2\/product_brand?post=40530"},{"taxonomy":"product_cat","embeddable":true,"href":"https:\/\/siemid.com\/pt\/wp-json\/wp\/v2\/product_cat?post=40530"},{"taxonomy":"product_tag","embeddable":true,"href":"https:\/\/siemid.com\/pt\/wp-json\/wp\/v2\/product_tag?post=40530"}],"curies":[{"name":"wp","href":"https:\/\/api.w.org\/{rel}","templated":true}]}}