{"id":40531,"date":"2023-12-14T13:30:00","date_gmt":"2023-12-14T13:30:00","guid":{"rendered":"https:\/\/siemid.com\/?post_type=product&#038;p=40531"},"modified":"2023-12-14T13:42:03","modified_gmt":"2023-12-14T13:42:03","slug":"fog-driving-light-lamp-assembly-lh-driver-passenger-side-for-subaru","status":"publish","type":"product","link":"https:\/\/siemid.com\/pt\/produto\/fog-driving-light-lamp-assembly-lh-driver-passenger-side-for-subaru\/","title":{"rendered":"Conjunto da l\u00e2mpada do farol de neblina do lado esquerdo e do lado do passageiro do motorista para Subaru"},"content":{"rendered":"<p>O que \u00e9 neblina <\/br>O sistema de neblina \u00e9 um sistema de ilumina\u00e7\u00e3o especializado montado na parte inferior da frente de um ve\u00edculo, projetado para ajudar os motoristas a enxergar com mais clareza em condi\u00e7\u00f5es de neblina ou mau tempo. <\/br>Ao contr\u00e1rio dos far\u00f3is, que s\u00e3o projetados para iluminar a estrada \u00e0 frente, os far\u00f3is de neblina s\u00e3o posicionados mais perto do solo e produzem um feixe amplo e plano que se destina a penetrar na neblina e refletir menos nos olhos do motorista. Isso ajuda a melhorar a visibilidade e a reduzir o ofuscamento em condi\u00e7\u00f5es de neblina, nevoeiro ou outras condi\u00e7\u00f5es de baixa visibilidade.<\/br><\/br>Ajuste<\/br>Antes de comprar, verifique a descri\u00e7\u00e3o e o filtro de ajuste automotivo superior para ver se esse item funcionar\u00e1 em seu ve\u00edculo!<\/br><\/br>Condi\u00e7\u00e3o<\/br>100% Novo na embalagem de f\u00e1brica, nunca usado ou instalado. garante a qualidade e o desempenho do produto.<\/br><\/br>Item_Oferecido<\/br>O kit inclui: () Neblina do lado do motorista <\/br>Quantidade: 2 pe\u00e7as<\/br>Itens inclu\u00eddos: () Neblina do lado do motorista ,() Neblina do lado do passageiro <\/br><\/br>Posi\u00e7\u00e3o<\/br>Posicionamento no ve\u00edculo: Dianteira, esquerda, direita<\/br><\/br>Part_Number<\/br>1ALFP00423,84501AJ060,SU2592122,19-6063-00,220-2009N-AC<\/br><\/br>Tecnologia de l\u00e2mpadas<\/br>O kit hal\u00f3geno inclui<\/br><\/br>Tecnologia de ilumina\u00e7\u00e3o<\/br>Halog\u00eanio<\/br><\/br>Tipo<\/br>Conjunto de neblina<\/br><\/br>Garantia<\/br>: Os conjuntos incluem l\u00e2mpadas de teste que devem ser substitu\u00eddas antes da instala\u00e7\u00e3o<\/br><\/br>Fun\u00e7\u00e3o<\/br>Os far\u00f3is de neblina s\u00e3o divididos em far\u00f3is de neblina dianteiros e far\u00f3is de neblina traseiros, que s\u00e3o projetados para ajudar a enxergar melhor o solo em circunst\u00e2ncias de baixa visibilidade ou para ajudar a interpretar a dist\u00e2ncia para impedir colis\u00f5es.<\/p>","protected":false},"excerpt":{"rendered":"<p>Adequa\u00e7\u00e3o: Verifique a descri\u00e7\u00e3o e o filtro de adequa\u00e7\u00e3o automotiva superior para ver se esse item funcionar\u00e1 em seu ve\u00edculo antes da compra!<br \/>\nPosicionamento no ve\u00edculo: Dianteira, esquerda, direita<br \/>\nPart_Number:1ALFP00423,84501AJ060,SU2592122,19-6063-00,220-2009N-AC<br \/>\nTecnologia da l\u00e2mpada: Hal\u00f3genaO kit inclui<br \/>\nTecnologia de ilumina\u00e7\u00e3o: Hal\u00f3gena<\/p>","protected":false},"featured_media":40591,"comment_status":"open","ping_status":"closed","template":"","meta":{"_acf_changed":false,"om_disable_all_campaigns":false,"inline_featured_image":false,"_mi_skip_tracking":false,"_monsterinsights_sitenote_active":false,"_monsterinsights_sitenote_note":"","_monsterinsights_sitenote_category":0},"product_brand":[],"product_cat":[554],"product_tag":[135147],"class_list":{"0":"post-40531","1":"product","2":"type-product","3":"status-publish","4":"has-post-thumbnail","6":"product_cat-fog-lights-automotive-lighting","7":"product_tag-warehouse-location-united-states","8":"product_shipping_class-us-stock-flat","10":"first","11":"instock","12":"sale","13":"shipping-taxable","14":"purchasable","15":"product-type-simple"},"acf":[],"aioseo_notices":[],"_links":{"self":[{"href":"https:\/\/siemid.com\/pt\/wp-json\/wp\/v2\/product\/40531","targetHints":{"allow":["GET"]}}],"collection":[{"href":"https:\/\/siemid.com\/pt\/wp-json\/wp\/v2\/product"}],"about":[{"href":"https:\/\/siemid.com\/pt\/wp-json\/wp\/v2\/types\/product"}],"replies":[{"embeddable":true,"href":"https:\/\/siemid.com\/pt\/wp-json\/wp\/v2\/comments?post=40531"}],"wp:featuredmedia":[{"embeddable":true,"href":"https:\/\/siemid.com\/pt\/wp-json\/wp\/v2\/media\/40591"}],"wp:attachment":[{"href":"https:\/\/siemid.com\/pt\/wp-json\/wp\/v2\/media?parent=40531"}],"wp:term":[{"taxonomy":"product_brand","embeddable":true,"href":"https:\/\/siemid.com\/pt\/wp-json\/wp\/v2\/product_brand?post=40531"},{"taxonomy":"product_cat","embeddable":true,"href":"https:\/\/siemid.com\/pt\/wp-json\/wp\/v2\/product_cat?post=40531"},{"taxonomy":"product_tag","embeddable":true,"href":"https:\/\/siemid.com\/pt\/wp-json\/wp\/v2\/product_tag?post=40531"}],"curies":[{"name":"wp","href":"https:\/\/api.w.org\/{rel}","templated":true}]}}