{"id":40537,"date":"2023-12-14T13:30:02","date_gmt":"2023-12-14T13:30:02","guid":{"rendered":"https:\/\/siemid.com\/?post_type=product&#038;p=40537"},"modified":"2023-12-14T13:42:00","modified_gmt":"2023-12-14T13:42:00","slug":"for-hyundai-2013-2014-elantra-sedan-fog-driving-light-lamp-passenger-side-right","status":"publish","type":"product","link":"https:\/\/siemid.com\/pt\/produto\/for-hyundai-2013-2014-elantra-sedan-fog-driving-light-lamp-passenger-side-right\/","title":{"rendered":"Para Hyundai 2013-2014 Elantra Sedan Luz de condu\u00e7\u00e3o de neblina L\u00e2mpada do lado do passageiro direito"},"content":{"rendered":"<p>Ajuste<\/br>Antes de comprar, verifique a descri\u00e7\u00e3o e o filtro de ajuste automotivo superior para ver se esse item funcionar\u00e1 em seu ve\u00edculo!<\/br><\/br>Condi\u00e7\u00e3o<\/br>100% Novo na embalagem de f\u00e1brica, nunca usado ou instalado. Garante a qualidade e o desempenho do produto.<\/br><\/br>Posi\u00e7\u00e3o<\/br>Posicionamento no ve\u00edculo: Dianteira, direita<\/br><\/br>Part_Number<\/br>92202A5010,19-6027-00-1,19-6027-00,116-60161R,HY2593142<\/br><\/br>Tipo<\/br>Farol de neblina<\/br><\/br>Garantia<\/br>: Os conjuntos incluem l\u00e2mpadas de teste que devem ser substitu\u00eddas antes da instala\u00e7\u00e3o<\/p>","protected":false},"excerpt":{"rendered":"<p>Adequa\u00e7\u00e3o: Verifique a descri\u00e7\u00e3o e o filtro de adequa\u00e7\u00e3o automotiva superior para ver se esse item funcionar\u00e1 em seu ve\u00edculo antes da compra!<br \/>\nPosicionamento no ve\u00edculo: Dianteira, direita<br \/>\nPart_Number:92202A5010,19-6027-00-1,19-6027-00,116-60161R,HY2593142<br \/>\n: Os conjuntos incluem l\u00e2mpadas de teste que devem ser substitu\u00eddas antes da instala\u00e7\u00e3o<br \/>\nCondi\u00e7\u00e3o: 100% Novo na embalagem de f\u00e1brica, nunca usado ou instalado. Garante a qualidade e o desempenho do produto.<\/p>","protected":false},"featured_media":40637,"comment_status":"open","ping_status":"closed","template":"","meta":{"_acf_changed":false,"om_disable_all_campaigns":false,"inline_featured_image":false,"_mi_skip_tracking":false,"_monsterinsights_sitenote_active":false,"_monsterinsights_sitenote_note":"","_monsterinsights_sitenote_category":0},"product_brand":[],"product_cat":[554],"product_tag":[135147],"class_list":{"0":"post-40537","1":"product","2":"type-product","3":"status-publish","4":"has-post-thumbnail","6":"product_cat-fog-lights-automotive-lighting","7":"product_tag-warehouse-location-united-states","8":"product_shipping_class-us-stock-flat","9":"pa_compatibility-2013-hyundai-elantra","11":"first","12":"instock","13":"sale","14":"shipping-taxable","15":"purchasable","16":"product-type-simple"},"acf":[],"aioseo_notices":[],"_links":{"self":[{"href":"https:\/\/siemid.com\/pt\/wp-json\/wp\/v2\/product\/40537","targetHints":{"allow":["GET"]}}],"collection":[{"href":"https:\/\/siemid.com\/pt\/wp-json\/wp\/v2\/product"}],"about":[{"href":"https:\/\/siemid.com\/pt\/wp-json\/wp\/v2\/types\/product"}],"replies":[{"embeddable":true,"href":"https:\/\/siemid.com\/pt\/wp-json\/wp\/v2\/comments?post=40537"}],"wp:featuredmedia":[{"embeddable":true,"href":"https:\/\/siemid.com\/pt\/wp-json\/wp\/v2\/media\/40637"}],"wp:attachment":[{"href":"https:\/\/siemid.com\/pt\/wp-json\/wp\/v2\/media?parent=40537"}],"wp:term":[{"taxonomy":"product_brand","embeddable":true,"href":"https:\/\/siemid.com\/pt\/wp-json\/wp\/v2\/product_brand?post=40537"},{"taxonomy":"product_cat","embeddable":true,"href":"https:\/\/siemid.com\/pt\/wp-json\/wp\/v2\/product_cat?post=40537"},{"taxonomy":"product_tag","embeddable":true,"href":"https:\/\/siemid.com\/pt\/wp-json\/wp\/v2\/product_tag?post=40537"}],"curies":[{"name":"wp","href":"https:\/\/api.w.org\/{rel}","templated":true}]}}