{"id":40538,"date":"2023-12-14T13:30:02","date_gmt":"2023-12-14T13:30:02","guid":{"rendered":"https:\/\/siemid.com\/?post_type=product&#038;p=40538"},"modified":"2023-12-14T13:42:01","modified_gmt":"2023-12-14T13:42:01","slug":"for-2005-2010-commander-grand-cherokee-fog-driving-light-lamp-hole-cover-left","status":"publish","type":"product","link":"https:\/\/siemid.com\/pt\/produto\/for-2005-2010-commander-grand-cherokee-fog-driving-light-lamp-hole-cover-left\/","title":{"rendered":"Para 2005-2010 Commander Grand Cherokee Luz de condu\u00e7\u00e3o de neblina Tampa do orif\u00edcio da l\u00e2mpada esquerda"},"content":{"rendered":"<p>Ajuste<\/br>Antes de comprar, verifique a descri\u00e7\u00e3o e o filtro de ajuste automotivo superior para ver se esse item funcionar\u00e1 em seu ve\u00edculo!<\/br><\/br>Condi\u00e7\u00e3o<\/br>100% Novo na embalagem de f\u00e1brica, nunca usado ou instalado. garante a qualidade e o desempenho do produto.<\/br><\/br>Item_Oferecido<\/br>Quantidade: 2 pe\u00e7as<\/br><\/br>Posi\u00e7\u00e3o<\/br>Posicionamento no ve\u00edculo: Dianteira, esquerda, direita<\/br><\/br>Part_Number<\/br>GRI00612,5183440AA,CH1038112<\/br><\/br>Tipo<\/br>Conjunto da tampa do furo de neblina<\/p>","protected":false},"excerpt":{"rendered":"<p>Adequa\u00e7\u00e3o: Verifique a descri\u00e7\u00e3o e o filtro de adequa\u00e7\u00e3o automotiva superior para ver se esse item funcionar\u00e1 em seu ve\u00edculo antes da compra!<br \/>\nQuantidade: 2 pe\u00e7as<br \/>\nPosicionamento no ve\u00edculo: Dianteira, esquerda, direita<br \/>\nPart_Number:GRI00612,5183440AA,CH1038112<br \/>\nTipo:Fog Hole Cover Set<\/p>","protected":false},"featured_media":40646,"comment_status":"open","ping_status":"closed","template":"","meta":{"_acf_changed":false,"om_disable_all_campaigns":false,"inline_featured_image":false,"_mi_skip_tracking":false,"_monsterinsights_sitenote_active":false,"_monsterinsights_sitenote_note":"","_monsterinsights_sitenote_category":0},"product_brand":[],"product_cat":[554],"product_tag":[135147],"class_list":{"0":"post-40538","1":"product","2":"type-product","3":"status-publish","4":"has-post-thumbnail","6":"product_cat-fog-lights-automotive-lighting","7":"product_tag-warehouse-location-united-states","8":"product_shipping_class-us-stock-flat","9":"pa_compatibility-2005-commander-grand-cherokee","10":"pa_compatibility-2005-jeep-grand-cherokee","12":"first","13":"instock","14":"sale","15":"shipping-taxable","16":"purchasable","17":"product-type-simple"},"acf":[],"aioseo_notices":[],"_links":{"self":[{"href":"https:\/\/siemid.com\/pt\/wp-json\/wp\/v2\/product\/40538","targetHints":{"allow":["GET"]}}],"collection":[{"href":"https:\/\/siemid.com\/pt\/wp-json\/wp\/v2\/product"}],"about":[{"href":"https:\/\/siemid.com\/pt\/wp-json\/wp\/v2\/types\/product"}],"replies":[{"embeddable":true,"href":"https:\/\/siemid.com\/pt\/wp-json\/wp\/v2\/comments?post=40538"}],"wp:featuredmedia":[{"embeddable":true,"href":"https:\/\/siemid.com\/pt\/wp-json\/wp\/v2\/media\/40646"}],"wp:attachment":[{"href":"https:\/\/siemid.com\/pt\/wp-json\/wp\/v2\/media?parent=40538"}],"wp:term":[{"taxonomy":"product_brand","embeddable":true,"href":"https:\/\/siemid.com\/pt\/wp-json\/wp\/v2\/product_brand?post=40538"},{"taxonomy":"product_cat","embeddable":true,"href":"https:\/\/siemid.com\/pt\/wp-json\/wp\/v2\/product_cat?post=40538"},{"taxonomy":"product_tag","embeddable":true,"href":"https:\/\/siemid.com\/pt\/wp-json\/wp\/v2\/product_tag?post=40538"}],"curies":[{"name":"wp","href":"https:\/\/api.w.org\/{rel}","templated":true}]}}