{"id":40878,"date":"2023-12-14T15:38:26","date_gmt":"2023-12-14T15:38:26","guid":{"rendered":"https:\/\/siemid.com\/?post_type=product&#038;p=40878"},"modified":"2023-12-14T15:44:04","modified_gmt":"2023-12-14T15:44:04","slug":"siemid-new-generation-led-fog-lights-lamp-retrofit-and-upgraded-for-peugeot-206-207-307-407-4007-408-607-2008-3008-4008-5008-2002-2003-2004-2005-2006-2007-2009-2010-2011-2012-2013-2014-2015-2016-2017","status":"publish","type":"product","link":"https:\/\/siemid.com\/pt\/produto\/siemid-new-generation-led-fog-lights-lamp-retrofit-and-upgraded-for-peugeot-206-207-307-407-4007-408-607-2008-3008-4008-5008-2002-2003-2004-2005-2006-2007-2009-2010-2011-2012-2013-2014-2015-2016-2017\/","title":{"rendered":"SIEMID Nova gera\u00e7\u00e3o de far\u00f3is de neblina de LED Retrofit e atualiza\u00e7\u00e3o para Peugeot 206 207 307 407 4007 408 607 2008 3008 4008 5008 2002 2003 2004 2005 2006 2007 2009 2010 2011 2012 2013 2014 2015 2016 2017"},"content":{"rendered":"<div class=\"a-expander-content a-expander-partial-collapse-content a-expander-content-expanded\" aria-expanded=\"true\">\n<div id=\"productDescription\" class=\"a-section a-spacing-small\">\n<p>Kit de atualiza\u00e7\u00e3o de far\u00f3is de neblina de LED de nova gera\u00e7\u00e3o Esse item serve como pe\u00e7as de reposi\u00e7\u00e3o que v\u00eam pr\u00e9-instaladas com far\u00f3is de neblina. Esses s\u00e3o os novos far\u00f3is de neblina de LED de atualiza\u00e7\u00e3o que substituem os hal\u00f3genos originais! O \u00e2ngulo de ilumina\u00e7\u00e3o \u00e9 muito amplo (130 graus \u00e0 esquerda e \u00e0 direita), e a linha de corte \u00e9 clara e n\u00edtida. Seu ve\u00edculo DEVE ter os far\u00f3is de neblina hal\u00f3genos de f\u00e1brica j\u00e1 equipados. Esse kit seria \u00f3timo para voc\u00ea fazer um upgrade como uma atualiza\u00e7\u00e3o de LED, especialmente para escurecer o seu ve\u00edculo. Voc\u00ea recebe os dois far\u00f3is de neblina. Se quiser incrementar o visual do seu ve\u00edculo ou se quiser mais clareza ao dirigir, independentemente das condi\u00e7\u00f5es clim\u00e1ticas, esse kit pode ajud\u00e1-lo em ambas as situa\u00e7\u00f5es. Isso aumentar\u00e1 a visibilidade durante a noite, neblina densa, chuva forte e neve.<br \/>\n<strong>Os recursos incluem:<\/strong><br \/>\n.Come Complete<br \/>\no L\u00e2mpadas de LED de alta pot\u00eancia.<br \/>\no \u00c2ngulo de cobertura extra amplo.<br \/>\no Reutilizar o hardware existente.<br \/>\no Instru\u00e7\u00f5es completas inclu\u00eddas.<br \/>\n<strong>SUBSTITUI OS N\u00daMEROS ORIGINAIS DOS FAR\u00d3IS DE NEBLINA HAL\u00d3GENOS<\/strong><br \/>\n1209177<br \/>\n1209077<br \/>\n620662<br \/>\n4709052<br \/>\n8321A097<br \/>\n5001874722<br \/>\n26155-00Q0A<br \/>\n35500-63J00<br \/>\n35500-63J03<br \/>\n088358<br \/>\n26150-VD300<br \/>\n26150-EB500<br \/>\n35500-63J02<br \/>\n6710027<br \/>\n8200074008<br \/>\nC2S1740<br \/>\n<strong>AJUSTES:<\/strong><br \/>\n<strong>Peugeot<\/strong><br \/>\nPeugeot107 2005-2012<br \/>\nPeugeot206 2005-2012<br \/>\nPeugeot207 2005-2012<br \/>\nPeugeot307 2004-2012<br \/>\nPeugeot 308 T9 2013-2018<br \/>\nPeugeot 308 \u2161 2013-2018<br \/>\nPeugeot407 2004- 2011<br \/>\nPeugeot408 2014-2019<br \/>\nPeugeot4007 2007-2012<br \/>\nPeugeot607 2004-2011<br \/>\nPeugeot2008 2013-2019<br \/>\nPeugeot3008 2008-2019<br \/>\nPeugeot4008 2012-207<br \/>\nPeugeot5008 2009-2019<\/p>\n<\/div>\n<\/div>\n<div id=\"productDescription_expander-expand_collapse_link\" class=\"a-expander-header a-expander-partial-collapse-header celwidget\" data-csa-c-id=\"i1n3ak-d9zvbw-xz19zs-6wlspo\" data-cel-widget=\"productDescription_expander-expand_collapse_link\"><\/div>","protected":false},"excerpt":{"rendered":"<ul class=\"a-unordered-list a-vertical a-spacing-mini\">\n<li class=\"a-spacing-mini\"><span class=\"a-list-item\">Usando a maioria das lentes LED de ponta - lente de foco pontual. Diferentemente do vidro tradicional, a lente de foco pontual usa um processo de moldagem por inje\u00e7\u00e3o de pl\u00e1stico, de modo que a superf\u00edcie curva complexa calculada pelo computador possa ser formada. A lente de foco pontual usa um design hiperboloide, que tem maior efici\u00eancia \u00f3ptica e um tipo de luz mais amplo, de modo que esse tipo de lente pode realizar a fun\u00e7\u00e3o de farol de neblina e a fun\u00e7\u00e3o de ilumina\u00e7\u00e3o auxiliar da curva ao mesmo tempo.<\/span><\/li>\n<li class=\"a-spacing-mini\"><span class=\"a-list-item\">Esse farol de neblina \u00e9 compat\u00edvel com a maioria dos orif\u00edcios de montagem do farol de neblina dos carros Peugeot e com a interface da l\u00e2mpada hal\u00f3gena (H11, H9, H8) no mercado, al\u00e9m de ter grande versatilidade e ser muito conveniente para atualiza\u00e7\u00f5es e modifica\u00e7\u00f5es.<\/span><\/li>\n<li class=\"a-spacing-mini\"><span class=\"a-list-item\">Siemid Autolights - Foco em pesquisa, desenvolvimento e fabrica\u00e7\u00e3o de l\u00e2mpadas automotivas. A ess\u00eancia do setor, liderando a tend\u00eancia do setor! Temos o compromisso de produzir produtos que sejam seguros e satisfat\u00f3rios para os consumidores. Bem-vindo \u00e0 sua escolha.<\/span><\/li>\n<li class=\"a-spacing-mini\"><span class=\"a-list-item\">Alta qualidade, garantia de 1 ano. Embalagem: dois pacotes<\/span><\/li>\n<li class=\"a-spacing-mini\"><span class=\"a-list-item\">Para evitar erros, verifique o tamanho e o formato. O tamanho \u00e9 de 90 mm de di\u00e2metro (formato redondo).<\/span><\/li>\n<li class=\"a-spacing-mini\"><\/li>\n<\/ul>","protected":false},"featured_media":40472,"comment_status":"open","ping_status":"closed","template":"","meta":{"_acf_changed":false,"om_disable_all_campaigns":false,"inline_featured_image":false,"_mi_skip_tracking":false,"_monsterinsights_sitenote_active":false,"_monsterinsights_sitenote_note":"","_monsterinsights_sitenote_category":0},"product_brand":[],"product_cat":[554],"product_tag":[135147],"class_list":{"0":"post-40878","1":"product","2":"type-product","3":"status-publish","4":"has-post-thumbnail","6":"product_cat-fog-lights-automotive-lighting","7":"product_tag-warehouse-location-united-states","8":"product_shipping_class-us-stock-flat","9":"pa_compatibility-2000-ford-transit-mk6","10":"pa_compatibility-2000-ford-transit-mk7","11":"pa_compatibility-2001-ford-fiesta","12":"pa_compatibility-2003-ford-ecosport","13":"pa_compatibility-2004-ford-focus","14":"pa_compatibility-2005-ford-freestyle","15":"pa_compatibility-2006-ford-transit-vm","16":"pa_compatibility-2008-ford-taurus-x","17":"pa_compatibility-2010-ford-c-max","18":"pa_compatibility-2010-ford-transit","19":"pa_compatibility-2010-ford-transit-connect","20":"pa_compatibility-2011-ford-explorer","21":"pa_compatibility-2013-ford-fusion","22":"pa_compatibility-2013-ford-mondeo","23":"pa_compatibility-2014-ford-transit-mk8","24":"pa_compatibility-2015-ford-edge","25":"pa_compatibility-2015-ford-escort","26":"pa_compatibility-2015-ford-transit-250-2","27":"pa_compatibility-2019-ford-ranger","28":"pa_compatibility-2021-ford-bronco","30":"first","31":"instock","32":"sale","33":"shipping-taxable","34":"purchasable","35":"product-type-simple"},"acf":[],"aioseo_notices":[],"_links":{"self":[{"href":"https:\/\/siemid.com\/pt\/wp-json\/wp\/v2\/product\/40878","targetHints":{"allow":["GET"]}}],"collection":[{"href":"https:\/\/siemid.com\/pt\/wp-json\/wp\/v2\/product"}],"about":[{"href":"https:\/\/siemid.com\/pt\/wp-json\/wp\/v2\/types\/product"}],"replies":[{"embeddable":true,"href":"https:\/\/siemid.com\/pt\/wp-json\/wp\/v2\/comments?post=40878"}],"wp:featuredmedia":[{"embeddable":true,"href":"https:\/\/siemid.com\/pt\/wp-json\/wp\/v2\/media\/40472"}],"wp:attachment":[{"href":"https:\/\/siemid.com\/pt\/wp-json\/wp\/v2\/media?parent=40878"}],"wp:term":[{"taxonomy":"product_brand","embeddable":true,"href":"https:\/\/siemid.com\/pt\/wp-json\/wp\/v2\/product_brand?post=40878"},{"taxonomy":"product_cat","embeddable":true,"href":"https:\/\/siemid.com\/pt\/wp-json\/wp\/v2\/product_cat?post=40878"},{"taxonomy":"product_tag","embeddable":true,"href":"https:\/\/siemid.com\/pt\/wp-json\/wp\/v2\/product_tag?post=40878"}],"curies":[{"name":"wp","href":"https:\/\/api.w.org\/{rel}","templated":true}]}}