{"id":41020,"date":"2024-01-04T16:06:08","date_gmt":"2024-01-04T16:06:08","guid":{"rendered":"https:\/\/siemid.com\/?post_type=product&#038;p=41020"},"modified":"2024-01-04T16:42:56","modified_gmt":"2024-01-04T16:42:56","slug":"headlight-bulb-h7-halogen-type-low-or-hi-beam","status":"publish","type":"product","link":"https:\/\/siemid.com\/pt\/produto\/headlight-bulb-h7-halogen-type-low-or-hi-beam\/","title":{"rendered":"L\u00e2mpada de farol H7 hal\u00f3gena tipo Low ou Hi Beam"},"content":{"rendered":"<p>Nome_do_produto<\/br>L\u00e2mpada do farol<\/br><\/br>Ajuste<\/br>Antes de comprar, verifique a descri\u00e7\u00e3o e o filtro de ajuste automotivo superior para ver se esse item funcionar\u00e1 em seu ve\u00edculo!<\/br><\/br>Condi\u00e7\u00e3o<\/br>100% Novo na embalagem de f\u00e1brica, nunca usado ou instalado. Garante a qualidade e o desempenho do produto.<\/br><\/br>Item_Oferecido<\/br>Quantidade vendida: Vendido individualmente<\/br><\/br>Tamanho<\/br>Tamanho da l\u00e2mpada: H7<\/br><\/br>Posi\u00e7\u00e3o<\/br>Localiza\u00e7\u00e3o: Esquerda ou direita<\/br>Posicionamento no ve\u00edculo: Esquerda, direita<\/br><\/br>Especifica\u00e7\u00e3o<\/br>Tipo de l\u00e2mpada: Tipo de l\u00e2mpada H7<\/br><\/br>Part_Number<\/br>13743285<\/br><\/br>Garantia<\/br>1 ano de garantia sem limite de quilometragem<\/br><\/br>Recurso<\/br>L\u00e2mpada de farol H7 hal\u00f3gena tipo Low ou Hi Beam<\/br>Filamento \u00fanico C-8 para farol alto e farol baixo. Adequado para ve\u00edculos<\/p>","protected":false},"excerpt":{"rendered":"<p>Adequa\u00e7\u00e3o: Verifique a descri\u00e7\u00e3o e o filtro de adequa\u00e7\u00e3o automotiva superior para ver se esse item funcionar\u00e1 em seu ve\u00edculo antes da compra!<br \/>\nLocaliza\u00e7\u00e3o: Esquerda ou direita<br \/>\nPosicionamento no ve\u00edculo: Esquerda, direita<br \/>\nTipo de l\u00e2mpada: Tipo de l\u00e2mpada H7<br \/>\nPart_Number:13743285<\/p>","protected":false},"featured_media":41090,"comment_status":"open","ping_status":"closed","template":"","meta":{"_acf_changed":false,"om_disable_all_campaigns":false,"inline_featured_image":false,"_mi_skip_tracking":false,"_monsterinsights_sitenote_active":false,"_monsterinsights_sitenote_note":"","_monsterinsights_sitenote_category":0},"product_brand":[],"product_cat":[557],"product_tag":[135147],"class_list":{"0":"post-41020","1":"product","2":"type-product","3":"status-publish","4":"has-post-thumbnail","6":"product_cat-car-bulbs","7":"product_tag-warehouse-location-united-states","8":"product_shipping_class-us-stock-flat","9":"pa_brand-siemid","11":"first","12":"instock","13":"sale","14":"shipping-taxable","15":"purchasable","16":"product-type-simple"},"acf":[],"aioseo_notices":[],"_links":{"self":[{"href":"https:\/\/siemid.com\/pt\/wp-json\/wp\/v2\/product\/41020","targetHints":{"allow":["GET"]}}],"collection":[{"href":"https:\/\/siemid.com\/pt\/wp-json\/wp\/v2\/product"}],"about":[{"href":"https:\/\/siemid.com\/pt\/wp-json\/wp\/v2\/types\/product"}],"replies":[{"embeddable":true,"href":"https:\/\/siemid.com\/pt\/wp-json\/wp\/v2\/comments?post=41020"}],"wp:featuredmedia":[{"embeddable":true,"href":"https:\/\/siemid.com\/pt\/wp-json\/wp\/v2\/media\/41090"}],"wp:attachment":[{"href":"https:\/\/siemid.com\/pt\/wp-json\/wp\/v2\/media?parent=41020"}],"wp:term":[{"taxonomy":"product_brand","embeddable":true,"href":"https:\/\/siemid.com\/pt\/wp-json\/wp\/v2\/product_brand?post=41020"},{"taxonomy":"product_cat","embeddable":true,"href":"https:\/\/siemid.com\/pt\/wp-json\/wp\/v2\/product_cat?post=41020"},{"taxonomy":"product_tag","embeddable":true,"href":"https:\/\/siemid.com\/pt\/wp-json\/wp\/v2\/product_tag?post=41020"}],"curies":[{"name":"wp","href":"https:\/\/api.w.org\/{rel}","templated":true}]}}