{"id":41025,"date":"2024-01-04T16:06:10","date_gmt":"2024-01-04T16:06:10","guid":{"rendered":"https:\/\/siemid.com\/?post_type=product&#038;p=41025"},"modified":"2024-01-04T16:42:54","modified_gmt":"2024-01-04T16:42:54","slug":"new-halogen-headlight-bulb-9003-h4-type-hi-lo-beam-55w-65w-12v-right-or-left","status":"publish","type":"product","link":"https:\/\/siemid.com\/pt\/produto\/new-halogen-headlight-bulb-9003-h4-type-hi-lo-beam-55w-65w-12v-right-or-left\/","title":{"rendered":"Nova l\u00e2mpada de farol hal\u00f3geno 9003 H4 tipo Hi\/Lo Beam 55W\/65W 12V direita ou esquerda"},"content":{"rendered":"<p>Nome_do_produto<\/br>L\u00e2mpada do farol<\/br><\/br>Ajuste<\/br>Antes de comprar, verifique a descri\u00e7\u00e3o e o filtro de ajuste automotivo superior para ver se esse item funcionar\u00e1 em seu ve\u00edculo!<\/br><\/br>Item_Oferecido<\/br>Quantidade vendida: Vendido individualmente<\/br><\/br>Observa\u00e7\u00e3o<\/br>Filamento duplo C-8 para farol alto e farol baixo<\/br><\/br>Condi\u00e7\u00e3o<\/br>100% Novo na embalagem de f\u00e1brica, nunca usado ou instalado. Garante a qualidade e o desempenho do produto.<\/br><\/br>Posi\u00e7\u00e3o<\/br>Localiza\u00e7\u00e3o: Lado esquerdo ou direito<\/br><\/br>Especifica\u00e7\u00e3o<\/br>Tipo de l\u00e2mpada: Tipo de l\u00e2mpada H4<\/br><\/br>Part_Number<\/br>14469451,,,REPH100401<\/br><\/br>C\u00f3digo do formato da l\u00e2mpada<\/br>H4 (9003)<\/br><\/br>Garantia<\/br>1 ano<\/br><\/br>Recurso<\/br>Nova l\u00e2mpada de farol hal\u00f3geno 9003 H4 tipo Hi\/Lo Beam 55W\/65W 12V direita ou esquerda<\/p>","protected":false},"excerpt":{"rendered":"<p>Adequa\u00e7\u00e3o: Verifique o filtro de adequa\u00e7\u00e3o e a descri\u00e7\u00e3o para ver se esse item funcionar\u00e1 em seu ve\u00edculo antes da compra!<br \/>\nQuantidade vendida: Vendido individualmente<br \/>\nObserva\u00e7\u00e3o: filamento duplo C-8 para farol alto e farol baixo<br \/>\nLocaliza\u00e7\u00e3o: Lado esquerdo ou direito<br \/>\nTipo de l\u00e2mpada: Tipo de l\u00e2mpada H4<\/p>","protected":false},"featured_media":41128,"comment_status":"open","ping_status":"closed","template":"","meta":{"_acf_changed":false,"om_disable_all_campaigns":false,"inline_featured_image":false,"_mi_skip_tracking":false,"_monsterinsights_sitenote_active":false,"_monsterinsights_sitenote_note":"","_monsterinsights_sitenote_category":0},"product_brand":[],"product_cat":[557],"product_tag":[135147],"class_list":{"0":"post-41025","1":"product","2":"type-product","3":"status-publish","4":"has-post-thumbnail","6":"product_cat-car-bulbs","7":"product_tag-warehouse-location-united-states","8":"product_shipping_class-us-stock-flat","9":"pa_brand-siemid","11":"first","12":"instock","13":"sale","14":"shipping-taxable","15":"purchasable","16":"product-type-simple"},"acf":[],"aioseo_notices":[],"_links":{"self":[{"href":"https:\/\/siemid.com\/pt\/wp-json\/wp\/v2\/product\/41025","targetHints":{"allow":["GET"]}}],"collection":[{"href":"https:\/\/siemid.com\/pt\/wp-json\/wp\/v2\/product"}],"about":[{"href":"https:\/\/siemid.com\/pt\/wp-json\/wp\/v2\/types\/product"}],"replies":[{"embeddable":true,"href":"https:\/\/siemid.com\/pt\/wp-json\/wp\/v2\/comments?post=41025"}],"wp:featuredmedia":[{"embeddable":true,"href":"https:\/\/siemid.com\/pt\/wp-json\/wp\/v2\/media\/41128"}],"wp:attachment":[{"href":"https:\/\/siemid.com\/pt\/wp-json\/wp\/v2\/media?parent=41025"}],"wp:term":[{"taxonomy":"product_brand","embeddable":true,"href":"https:\/\/siemid.com\/pt\/wp-json\/wp\/v2\/product_brand?post=41025"},{"taxonomy":"product_cat","embeddable":true,"href":"https:\/\/siemid.com\/pt\/wp-json\/wp\/v2\/product_cat?post=41025"},{"taxonomy":"product_tag","embeddable":true,"href":"https:\/\/siemid.com\/pt\/wp-json\/wp\/v2\/product_tag?post=41025"}],"curies":[{"name":"wp","href":"https:\/\/api.w.org\/{rel}","templated":true}]}}