{"id":41043,"date":"2024-01-04T16:06:14","date_gmt":"2024-01-04T16:06:14","guid":{"rendered":"https:\/\/siemid.com\/?post_type=product&#038;p=41043"},"modified":"2024-01-04T16:42:51","modified_gmt":"2024-01-04T16:42:51","slug":"bulb-socket-for-318-320-323-325-328-525-530-535-540-745-760-840-850-m3-m5-z3-z4","status":"publish","type":"product","link":"https:\/\/siemid.com\/pt\/produto\/bulb-socket-for-318-320-323-325-328-525-530-535-540-745-760-840-850-m3-m5-z3-z4\/","title":{"rendered":"Soquete de l\u00e2mpada para 318 320 323 325 328 525 530 535 540 745 760 840 850 M3 M5 Z3 Z4"},"content":{"rendered":"<p>Nome_do_produto<\/br>Soquete de l\u00e2mpada<\/br><\/br>Ajuste<\/br>Antes de comprar, verifique a descri\u00e7\u00e3o e o filtro de ajuste automotivo superior para ver se esse item funcionar\u00e1 em seu ve\u00edculo!<\/br><\/br>Condi\u00e7\u00e3o<\/br>100% Novo na embalagem de f\u00e1brica, nunca usado ou instalado. Garante a qualidade e o desempenho do produto.<\/br><\/br>Observa\u00e7\u00e3o<\/br>Leia todas as notas antes de fazer esta compra<\/br><\/br>Posi\u00e7\u00e3o<\/br>Traseira<\/br><\/br>Part_Number<\/br>PD83X8<\/br><\/br>Garantia<\/br>Garantia de 12 meses<\/br><\/br>Recurso<\/br>Detalhes importantes Leia antes de fazer esta compra<\/p>","protected":false},"excerpt":{"rendered":"<p>Adequa\u00e7\u00e3o: Verifique o filtro de adequa\u00e7\u00e3o e a descri\u00e7\u00e3o para ver se esse item funcionar\u00e1 em seu ve\u00edculo antes da compra!<br \/>\nObserva\u00e7\u00e3o: Leia todas as observa\u00e7\u00f5es antes de fazer esta compra<br \/>\nPart_Number:PD83X8<br \/>\nGarantia: 12 meses de garantia<br \/>\nCaracter\u00edstica: Detalhes importantes Por favor, leia antes de fazer esta compra<\/p>","protected":false},"featured_media":41286,"comment_status":"open","ping_status":"closed","template":"","meta":{"_acf_changed":false,"om_disable_all_campaigns":false,"inline_featured_image":false,"_mi_skip_tracking":false,"_monsterinsights_sitenote_active":false,"_monsterinsights_sitenote_note":"","_monsterinsights_sitenote_category":0},"product_brand":[],"product_cat":[557],"product_tag":[135147],"class_list":{"0":"post-41043","1":"product","2":"type-product","3":"status-publish","4":"has-post-thumbnail","6":"product_cat-car-bulbs","7":"product_tag-warehouse-location-united-states","8":"product_shipping_class-us-stock-flat","9":"pa_brand-siemid","11":"first","12":"instock","13":"sale","14":"shipping-taxable","15":"purchasable","16":"product-type-simple"},"acf":[],"aioseo_notices":[],"_links":{"self":[{"href":"https:\/\/siemid.com\/pt\/wp-json\/wp\/v2\/product\/41043","targetHints":{"allow":["GET"]}}],"collection":[{"href":"https:\/\/siemid.com\/pt\/wp-json\/wp\/v2\/product"}],"about":[{"href":"https:\/\/siemid.com\/pt\/wp-json\/wp\/v2\/types\/product"}],"replies":[{"embeddable":true,"href":"https:\/\/siemid.com\/pt\/wp-json\/wp\/v2\/comments?post=41043"}],"wp:featuredmedia":[{"embeddable":true,"href":"https:\/\/siemid.com\/pt\/wp-json\/wp\/v2\/media\/41286"}],"wp:attachment":[{"href":"https:\/\/siemid.com\/pt\/wp-json\/wp\/v2\/media?parent=41043"}],"wp:term":[{"taxonomy":"product_brand","embeddable":true,"href":"https:\/\/siemid.com\/pt\/wp-json\/wp\/v2\/product_brand?post=41043"},{"taxonomy":"product_cat","embeddable":true,"href":"https:\/\/siemid.com\/pt\/wp-json\/wp\/v2\/product_cat?post=41043"},{"taxonomy":"product_tag","embeddable":true,"href":"https:\/\/siemid.com\/pt\/wp-json\/wp\/v2\/product_tag?post=41043"}],"curies":[{"name":"wp","href":"https:\/\/api.w.org\/{rel}","templated":true}]}}