{"id":41081,"date":"2024-01-04T16:07:17","date_gmt":"2024-01-04T16:07:17","guid":{"rendered":"https:\/\/siemid.com\/?post_type=product&#038;p=41081"},"modified":"2024-01-04T16:42:50","modified_gmt":"2024-01-04T16:42:50","slug":"for-2005-2017-jeep-grand-cherokee-sport-utility-headlight-bulb-high-beam","status":"publish","type":"product","link":"https:\/\/siemid.com\/pt\/produto\/for-2005-2017-jeep-grand-cherokee-sport-utility-headlight-bulb-high-beam\/","title":{"rendered":"Para Jeep Grand Cherokee Sport Utility 2005-2017 L\u00e2mpada de farol alto"},"content":{"rendered":"<p>Nome_do_produto<\/br>L\u00e2mpada do farol<\/br><\/br>Ajuste<\/br>Antes de comprar, verifique a descri\u00e7\u00e3o e o filtro de ajuste automotivo superior para ver se esse item funcionar\u00e1 em seu ve\u00edculo!<\/br><\/br>Condi\u00e7\u00e3o<\/br>100% Novo na embalagem de f\u00e1brica, nunca usado ou instalado. Garante a qualidade e o desempenho do produto.<\/br><\/br>Observa\u00e7\u00e3o<\/br>Hb3\/9005 L\u00e2mpada hal\u00f3gena - 12V 65W; P20D T4<\/br><\/br>Apar\u00eancia<\/br>Cor: transparente<\/br><\/br>Posi\u00e7\u00e3o<\/br>Farol alto<\/br><\/br>Part_Number<\/br>44382QD<\/br><\/br>Garantia<\/br>Garantia do fabricante: 12 meses de garantia<\/br><\/br>Recurso<\/br>Desempenho superior e mais consistente<\/br>Irradia uma luz mais branca do que a incandescente<\/p>","protected":false},"excerpt":{"rendered":"<p>Adequa\u00e7\u00e3o: Verifique a descri\u00e7\u00e3o e o filtro de adequa\u00e7\u00e3o automotiva superior para ver se esse item funcionar\u00e1 em seu ve\u00edculo antes da compra!<br \/>\nObserva\u00e7\u00e3o: L\u00e2mpada hal\u00f3gena Hb3\/9005 - 12V 65W; P20D T4<br \/>\nPosi\u00e7\u00e3o: farol alto<br \/>\nPart_Number:44382QD<br \/>\nGarantia do fabricante: 12 meses de garantia<\/p>","protected":false},"featured_media":41310,"comment_status":"open","ping_status":"closed","template":"","meta":{"_acf_changed":false,"om_disable_all_campaigns":false,"inline_featured_image":false,"_mi_skip_tracking":false,"_monsterinsights_sitenote_active":false,"_monsterinsights_sitenote_note":"","_monsterinsights_sitenote_category":0},"product_brand":[],"product_cat":[557],"product_tag":[135147],"class_list":{"0":"post-41081","1":"product","2":"type-product","3":"status-publish","4":"has-post-thumbnail","6":"product_cat-car-bulbs","7":"product_tag-warehouse-location-united-states","8":"product_shipping_class-us-stock-flat","9":"pa_brand-siemid","10":"pa_compatibility-2005-jeep-grand-cherokee","12":"first","13":"instock","14":"sale","15":"shipping-taxable","16":"purchasable","17":"product-type-simple"},"acf":[],"aioseo_notices":[],"_links":{"self":[{"href":"https:\/\/siemid.com\/pt\/wp-json\/wp\/v2\/product\/41081","targetHints":{"allow":["GET"]}}],"collection":[{"href":"https:\/\/siemid.com\/pt\/wp-json\/wp\/v2\/product"}],"about":[{"href":"https:\/\/siemid.com\/pt\/wp-json\/wp\/v2\/types\/product"}],"replies":[{"embeddable":true,"href":"https:\/\/siemid.com\/pt\/wp-json\/wp\/v2\/comments?post=41081"}],"wp:featuredmedia":[{"embeddable":true,"href":"https:\/\/siemid.com\/pt\/wp-json\/wp\/v2\/media\/41310"}],"wp:attachment":[{"href":"https:\/\/siemid.com\/pt\/wp-json\/wp\/v2\/media?parent=41081"}],"wp:term":[{"taxonomy":"product_brand","embeddable":true,"href":"https:\/\/siemid.com\/pt\/wp-json\/wp\/v2\/product_brand?post=41081"},{"taxonomy":"product_cat","embeddable":true,"href":"https:\/\/siemid.com\/pt\/wp-json\/wp\/v2\/product_cat?post=41081"},{"taxonomy":"product_tag","embeddable":true,"href":"https:\/\/siemid.com\/pt\/wp-json\/wp\/v2\/product_tag?post=41081"}],"curies":[{"name":"wp","href":"https:\/\/api.w.org\/{rel}","templated":true}]}}