{"id":41121,"date":"2024-01-04T16:08:18","date_gmt":"2024-01-04T16:08:18","guid":{"rendered":"https:\/\/siemid.com\/?post_type=product&#038;p=41121"},"modified":"2024-01-04T16:42:49","modified_gmt":"2024-01-04T16:42:49","slug":"for-1987-1993-bmw-325i-base-instrument-panel-light-bulb","status":"publish","type":"product","link":"https:\/\/siemid.com\/pt\/produto\/for-1987-1993-bmw-325i-base-instrument-panel-light-bulb\/","title":{"rendered":"Para 1987-1993 BMW 325i Base L\u00e2mpada do painel de instrumentos"},"content":{"rendered":"<p>Nome_do_produto<\/br>L\u00e2mpada do painel de instrumentos<\/br><\/br>Ajuste<\/br>Antes de comprar, verifique a descri\u00e7\u00e3o e o filtro de ajuste automotivo superior para ver se esse item funcionar\u00e1 em seu ve\u00edculo!<\/br><\/br>Observa\u00e7\u00e3o<\/br>L\u00e2mpada (12V - 1,2W) transparente com base de soquete<\/br><\/br>Condi\u00e7\u00e3o<\/br>100% Novo na embalagem de f\u00e1brica, nunca usado ou instalado. Garante a qualidade e o desempenho do produto.<\/br><\/br>Part_Number<\/br>61478MS<\/br><\/br>Tipo<\/br>Luz do painel de instrumentos<\/br><\/br>Garantia<\/br>Garantia de 12 meses<\/p>","protected":false},"excerpt":{"rendered":"<p>Adequa\u00e7\u00e3o: Verifique o filtro de adequa\u00e7\u00e3o e a descri\u00e7\u00e3o para ver se esse item funcionar\u00e1 em seu ve\u00edculo antes da compra!<br \/>\nObserva\u00e7\u00e3o: L\u00e2mpada (12V - 1,2W) transparente com base de soquete<br \/>\nPart_Number:61478MS<br \/>\nTipo:Instrument Panel Light<br \/>\nGarantia: 12 meses de garantia<\/p>","protected":false},"featured_media":41344,"comment_status":"open","ping_status":"closed","template":"","meta":{"_acf_changed":false,"om_disable_all_campaigns":false,"inline_featured_image":false,"_mi_skip_tracking":false,"_monsterinsights_sitenote_active":false,"_monsterinsights_sitenote_note":"","_monsterinsights_sitenote_category":0},"product_brand":[],"product_cat":[557],"product_tag":[135147],"class_list":{"0":"post-41121","1":"product","2":"type-product","3":"status-publish","4":"has-post-thumbnail","6":"product_cat-car-bulbs","7":"product_tag-warehouse-location-united-states","8":"product_shipping_class-us-stock-flat","9":"pa_brand-siemid","11":"first","12":"instock","13":"sale","14":"shipping-taxable","15":"purchasable","16":"product-type-simple"},"acf":[],"aioseo_notices":[],"_links":{"self":[{"href":"https:\/\/siemid.com\/pt\/wp-json\/wp\/v2\/product\/41121","targetHints":{"allow":["GET"]}}],"collection":[{"href":"https:\/\/siemid.com\/pt\/wp-json\/wp\/v2\/product"}],"about":[{"href":"https:\/\/siemid.com\/pt\/wp-json\/wp\/v2\/types\/product"}],"replies":[{"embeddable":true,"href":"https:\/\/siemid.com\/pt\/wp-json\/wp\/v2\/comments?post=41121"}],"wp:featuredmedia":[{"embeddable":true,"href":"https:\/\/siemid.com\/pt\/wp-json\/wp\/v2\/media\/41344"}],"wp:attachment":[{"href":"https:\/\/siemid.com\/pt\/wp-json\/wp\/v2\/media?parent=41121"}],"wp:term":[{"taxonomy":"product_brand","embeddable":true,"href":"https:\/\/siemid.com\/pt\/wp-json\/wp\/v2\/product_brand?post=41121"},{"taxonomy":"product_cat","embeddable":true,"href":"https:\/\/siemid.com\/pt\/wp-json\/wp\/v2\/product_cat?post=41121"},{"taxonomy":"product_tag","embeddable":true,"href":"https:\/\/siemid.com\/pt\/wp-json\/wp\/v2\/product_tag?post=41121"}],"curies":[{"name":"wp","href":"https:\/\/api.w.org\/{rel}","templated":true}]}}