{"id":41196,"date":"2024-01-04T16:27:29","date_gmt":"2024-01-04T16:27:29","guid":{"rendered":"https:\/\/siemid.com\/?post_type=product&#038;p=41196"},"modified":"2024-01-04T16:42:47","modified_gmt":"2024-01-04T16:42:47","slug":"for-2010-2011-kia-soul-hatchback-turn-signal-light-bulb-front","status":"publish","type":"product","link":"https:\/\/siemid.com\/pt\/produto\/for-2010-2011-kia-soul-hatchback-turn-signal-light-bulb-front\/","title":{"rendered":"Para Kia Soul Hatchback 2010-2011 L\u00e2mpada de sinaliza\u00e7\u00e3o de giro dianteira"},"content":{"rendered":"<p>Nome_do_produto<\/br>L\u00e2mpada do pisca-pisca<\/br><\/br>Ajuste<\/br>Antes de comprar, verifique a descri\u00e7\u00e3o e o filtro de ajuste automotivo superior para ver se esse item funcionar\u00e1 em seu ve\u00edculo!<\/br><\/br>Condi\u00e7\u00e3o<\/br>100% Novo na embalagem de f\u00e1brica, nunca usado ou instalado. Garante a qualidade e o desempenho do produto.<\/br><\/br>Observa\u00e7\u00e3o<\/br>L\u00e2mpada do pisca-pisca - T2.75, base tipo baioneta miniatura (BA9s)<\/br><\/br>Posi\u00e7\u00e3o<\/br>Frente<\/br><\/br>Part_Number<\/br>59172VC<\/br><\/br>Garantia<\/br>Garantia do fabricante: 12 meses de garantia<\/p>","protected":false},"excerpt":{"rendered":"<p>Adequa\u00e7\u00e3o: Verifique a descri\u00e7\u00e3o e o filtro de adequa\u00e7\u00e3o automotiva superior para ver se esse item funcionar\u00e1 em seu ve\u00edculo antes da compra!<br \/>\nObserva\u00e7\u00e3o: L\u00e2mpada do pisca-pisca - T2.75, base tipo baioneta miniatura (BA9s)<br \/>\nPart_Number:59172VC<br \/>\nGarantia do fabricante: 12 meses de garantia<br \/>\nCondi\u00e7\u00e3o: 100% Novo na embalagem de f\u00e1brica, nunca usado ou instalado. Garante a qualidade e o desempenho do produto.<\/p>","protected":false},"featured_media":41387,"comment_status":"open","ping_status":"closed","template":"","meta":{"_acf_changed":false,"om_disable_all_campaigns":false,"inline_featured_image":false,"_mi_skip_tracking":false,"_monsterinsights_sitenote_active":false,"_monsterinsights_sitenote_note":"","_monsterinsights_sitenote_category":0},"product_brand":[],"product_cat":[557],"product_tag":[135147],"class_list":{"0":"post-41196","1":"product","2":"type-product","3":"status-publish","4":"has-post-thumbnail","6":"product_cat-car-bulbs","7":"product_tag-warehouse-location-united-states","8":"product_shipping_class-us-stock-flat","9":"pa_brand-siemid","10":"pa_compatibility-2010-kia-soul","12":"first","13":"instock","14":"sale","15":"shipping-taxable","16":"purchasable","17":"product-type-simple"},"acf":[],"aioseo_notices":[],"_links":{"self":[{"href":"https:\/\/siemid.com\/pt\/wp-json\/wp\/v2\/product\/41196","targetHints":{"allow":["GET"]}}],"collection":[{"href":"https:\/\/siemid.com\/pt\/wp-json\/wp\/v2\/product"}],"about":[{"href":"https:\/\/siemid.com\/pt\/wp-json\/wp\/v2\/types\/product"}],"replies":[{"embeddable":true,"href":"https:\/\/siemid.com\/pt\/wp-json\/wp\/v2\/comments?post=41196"}],"wp:featuredmedia":[{"embeddable":true,"href":"https:\/\/siemid.com\/pt\/wp-json\/wp\/v2\/media\/41387"}],"wp:attachment":[{"href":"https:\/\/siemid.com\/pt\/wp-json\/wp\/v2\/media?parent=41196"}],"wp:term":[{"taxonomy":"product_brand","embeddable":true,"href":"https:\/\/siemid.com\/pt\/wp-json\/wp\/v2\/product_brand?post=41196"},{"taxonomy":"product_cat","embeddable":true,"href":"https:\/\/siemid.com\/pt\/wp-json\/wp\/v2\/product_cat?post=41196"},{"taxonomy":"product_tag","embeddable":true,"href":"https:\/\/siemid.com\/pt\/wp-json\/wp\/v2\/product_tag?post=41196"}],"curies":[{"name":"wp","href":"https:\/\/api.w.org\/{rel}","templated":true}]}}