{"id":41261,"date":"2024-01-04T16:29:01","date_gmt":"2024-01-04T16:29:01","guid":{"rendered":"https:\/\/siemid.com\/?post_type=product&#038;p=41261"},"modified":"2024-01-04T16:42:45","modified_gmt":"2024-01-04T16:42:45","slug":"for-2013-2015-bmw-328i-xdrive-base-sedan-328i-xdrive-tail-light-bulb-holder-left","status":"publish","type":"product","link":"https:\/\/siemid.com\/pt\/produto\/for-2013-2015-bmw-328i-xdrive-base-sedan-328i-xdrive-tail-light-bulb-holder-left\/","title":{"rendered":"Para 2013-2015 BMW 328i xDrive Base Sedan 328i xDrive Suporte da l\u00e2mpada da lanterna traseira esquerda"},"content":{"rendered":"<p>Nome_do_produto<\/br>Suporte da l\u00e2mpada da lanterna traseira<\/br><\/br>Ajuste<\/br>Antes de comprar, verifique a descri\u00e7\u00e3o e o filtro de ajuste automotivo superior para ver se esse item funcionar\u00e1 em seu ve\u00edculo!<\/br><\/br>Observa\u00e7\u00e3o<\/br>Painel lateral<\/br><\/br>Condi\u00e7\u00e3o<\/br>100% Novo na embalagem de f\u00e1brica, nunca usado ou instalado. Garante a qualidade e o desempenho do produto.<\/br><\/br>Posi\u00e7\u00e3o<\/br>Esquerda<\/br><\/br>Part_Number<\/br>75839CX<\/br><\/br>Garantia<\/br>Garantia de 12 meses<\/p>","protected":false},"excerpt":{"rendered":"<p>Adequa\u00e7\u00e3o: Verifique o filtro de adequa\u00e7\u00e3o e a descri\u00e7\u00e3o para ver se esse item funcionar\u00e1 em seu ve\u00edculo antes da compra!<br \/>\nPart_Number:75839CX<br \/>\nGarantia: 12 meses de garantia<br \/>\nCondi\u00e7\u00e3o: 100% Novo na embalagem de f\u00e1brica, nunca usado ou instalado. Garante a qualidade e o desempenho do produto.<br \/>\nConstru\u00eddo: Constru\u00eddo com cuidado para atender aos padr\u00f5es de controle de qualidade do setor, garantindo um desempenho confi\u00e1vel e consistente.<\/p>","protected":false},"featured_media":41435,"comment_status":"open","ping_status":"closed","template":"","meta":{"_acf_changed":false,"om_disable_all_campaigns":false,"inline_featured_image":false,"_mi_skip_tracking":false,"_monsterinsights_sitenote_active":false,"_monsterinsights_sitenote_note":"","_monsterinsights_sitenote_category":0},"product_brand":[],"product_cat":[557],"product_tag":[135147],"class_list":{"0":"post-41261","1":"product","2":"type-product","3":"status-publish","4":"has-post-thumbnail","6":"product_cat-car-bulbs","7":"product_tag-warehouse-location-united-states","8":"product_shipping_class-us-stock-flat","9":"pa_brand-siemid","10":"pa_compatibility-2013-bmw-328i","12":"first","13":"instock","14":"sale","15":"shipping-taxable","16":"purchasable","17":"product-type-simple"},"acf":[],"aioseo_notices":[],"_links":{"self":[{"href":"https:\/\/siemid.com\/pt\/wp-json\/wp\/v2\/product\/41261","targetHints":{"allow":["GET"]}}],"collection":[{"href":"https:\/\/siemid.com\/pt\/wp-json\/wp\/v2\/product"}],"about":[{"href":"https:\/\/siemid.com\/pt\/wp-json\/wp\/v2\/types\/product"}],"replies":[{"embeddable":true,"href":"https:\/\/siemid.com\/pt\/wp-json\/wp\/v2\/comments?post=41261"}],"wp:featuredmedia":[{"embeddable":true,"href":"https:\/\/siemid.com\/pt\/wp-json\/wp\/v2\/media\/41435"}],"wp:attachment":[{"href":"https:\/\/siemid.com\/pt\/wp-json\/wp\/v2\/media?parent=41261"}],"wp:term":[{"taxonomy":"product_brand","embeddable":true,"href":"https:\/\/siemid.com\/pt\/wp-json\/wp\/v2\/product_brand?post=41261"},{"taxonomy":"product_cat","embeddable":true,"href":"https:\/\/siemid.com\/pt\/wp-json\/wp\/v2\/product_cat?post=41261"},{"taxonomy":"product_tag","embeddable":true,"href":"https:\/\/siemid.com\/pt\/wp-json\/wp\/v2\/product_tag?post=41261"}],"curies":[{"name":"wp","href":"https:\/\/api.w.org\/{rel}","templated":true}]}}