{"id":41262,"date":"2024-01-04T16:29:01","date_gmt":"2024-01-04T16:29:01","guid":{"rendered":"https:\/\/siemid.com\/?post_type=product&#038;p=41262"},"modified":"2024-01-04T16:42:45","modified_gmt":"2024-01-04T16:42:45","slug":"for-1994-2000-c280-base-1997-2000-c280-elegance-tail-light-bulb-carrier-right","status":"publish","type":"product","link":"https:\/\/siemid.com\/pt\/produto\/for-1994-2000-c280-base-1997-2000-c280-elegance-tail-light-bulb-carrier-right\/","title":{"rendered":"Para 1994-2000 C280 Base 1997-2000 C280 Elegance Porta-l\u00e2mpada da lanterna traseira direita"},"content":{"rendered":"<p>Nome_do_produto<\/br>Suporte da l\u00e2mpada da lanterna traseira<\/br><\/br>Ajuste<\/br>Antes de comprar, verifique a descri\u00e7\u00e3o e o filtro de ajuste automotivo superior para ver se esse item funcionar\u00e1 em seu ve\u00edculo!<\/br><\/br>Observa\u00e7\u00e3o<\/br>Suporte da l\u00e2mpada da lanterna traseira - N\u00e3o inclui l\u00e2mpadas<\/br><\/br>Condi\u00e7\u00e3o<\/br>100% Novo na embalagem de f\u00e1brica, nunca usado ou instalado. Garante a qualidade e o desempenho do produto.<\/br><\/br>Posi\u00e7\u00e3o<\/br>Certo<\/br><\/br>Part_Number<\/br>82334CS<\/br><\/br>Garantia<\/br>Garantia de 12 meses<\/p>","protected":false},"excerpt":{"rendered":"<p>Adequa\u00e7\u00e3o: Verifique o filtro de adequa\u00e7\u00e3o e a descri\u00e7\u00e3o para ver se esse item funcionar\u00e1 em seu ve\u00edculo antes da compra!<br \/>\nObserva\u00e7\u00e3o: Suporte da l\u00e2mpada da lanterna traseira - N\u00e3o inclui l\u00e2mpadas<br \/>\nPart_Number:82334CS<br \/>\nGarantia: 12 meses de garantia<br \/>\nCondi\u00e7\u00e3o: 100% Novo na embalagem de f\u00e1brica, nunca usado ou instalado. Garante a qualidade e o desempenho do produto.<\/p>","protected":false},"featured_media":41440,"comment_status":"open","ping_status":"closed","template":"","meta":{"_acf_changed":false,"om_disable_all_campaigns":false,"inline_featured_image":false,"_mi_skip_tracking":false,"_monsterinsights_sitenote_active":false,"_monsterinsights_sitenote_note":"","_monsterinsights_sitenote_category":0},"product_brand":[],"product_cat":[557],"product_tag":[135147],"class_list":{"0":"post-41262","1":"product","2":"type-product","3":"status-publish","4":"has-post-thumbnail","6":"product_cat-car-bulbs","7":"product_tag-warehouse-location-united-states","8":"product_shipping_class-us-stock-flat","9":"pa_brand-siemid","11":"first","12":"instock","13":"sale","14":"shipping-taxable","15":"purchasable","16":"product-type-simple"},"acf":[],"aioseo_notices":[],"_links":{"self":[{"href":"https:\/\/siemid.com\/pt\/wp-json\/wp\/v2\/product\/41262","targetHints":{"allow":["GET"]}}],"collection":[{"href":"https:\/\/siemid.com\/pt\/wp-json\/wp\/v2\/product"}],"about":[{"href":"https:\/\/siemid.com\/pt\/wp-json\/wp\/v2\/types\/product"}],"replies":[{"embeddable":true,"href":"https:\/\/siemid.com\/pt\/wp-json\/wp\/v2\/comments?post=41262"}],"wp:featuredmedia":[{"embeddable":true,"href":"https:\/\/siemid.com\/pt\/wp-json\/wp\/v2\/media\/41440"}],"wp:attachment":[{"href":"https:\/\/siemid.com\/pt\/wp-json\/wp\/v2\/media?parent=41262"}],"wp:term":[{"taxonomy":"product_brand","embeddable":true,"href":"https:\/\/siemid.com\/pt\/wp-json\/wp\/v2\/product_brand?post=41262"},{"taxonomy":"product_cat","embeddable":true,"href":"https:\/\/siemid.com\/pt\/wp-json\/wp\/v2\/product_cat?post=41262"},{"taxonomy":"product_tag","embeddable":true,"href":"https:\/\/siemid.com\/pt\/wp-json\/wp\/v2\/product_tag?post=41262"}],"curies":[{"name":"wp","href":"https:\/\/api.w.org\/{rel}","templated":true}]}}