{"id":41426,"date":"2024-01-04T16:32:30","date_gmt":"2024-01-04T16:32:30","guid":{"rendered":"https:\/\/siemid.com\/?post_type=product&#038;p=41426"},"modified":"2024-01-04T16:42:39","modified_gmt":"2024-01-04T16:42:39","slug":"vanity-mirror-light-bulb-fits-2012-2017-buick-verano-base-71gp93v","status":"publish","type":"product","link":"https:\/\/siemid.com\/pt\/produto\/vanity-mirror-light-bulb-fits-2012-2017-buick-verano-base-71gp93v\/","title":{"rendered":"L\u00e2mpada do espelho de cortesia compat\u00edvel com o Buick Verano 2012-2017 Base 71GP93V"},"content":{"rendered":"<p>Ajuste<\/br>Antes de comprar, verifique a descri\u00e7\u00e3o e o filtro de ajuste automotivo superior para ver se esse item funcionar\u00e1 em seu ve\u00edculo!<\/br><\/br>Observa\u00e7\u00e3o<\/br>L\u00e2mpada 2825 - 12V 5W 4CP W2.1X9.5D T3.25 Par<\/br><\/br>Condi\u00e7\u00e3o<\/br>100% Novo na embalagem de f\u00e1brica, nunca usado ou instalado. Garante a qualidade e o desempenho do produto.<\/br><\/br>Part_Number<\/br>71GP93V<\/br><\/br>Recurso<\/br>L\u00e2mpada 2825 - 12V 5W 4CP W2.1X9.5D T3.25; Par<\/p>","protected":false},"excerpt":{"rendered":"<p>Adequa\u00e7\u00e3o: Verifique o filtro de adequa\u00e7\u00e3o e a descri\u00e7\u00e3o para ver se esse item funcionar\u00e1 em seu ve\u00edculo antes da compra!<br \/>\nObserva\u00e7\u00e3o: L\u00e2mpada 2825 - 12V 5W 4CP W2.1X9.5D T3.25 Par<br \/>\nPart_Number:71GP93V<br \/>\nCaracter\u00edstica: L\u00e2mpada 2825 - 12V 5W 4CP W2.1X9.5D T3.25; Par<br \/>\nCondi\u00e7\u00e3o: 100% Novo na embalagem de f\u00e1brica, nunca usado ou instalado. Garante a qualidade e o desempenho do produto.<\/p>","protected":false},"featured_media":41578,"comment_status":"open","ping_status":"closed","template":"","meta":{"_acf_changed":false,"om_disable_all_campaigns":false,"inline_featured_image":false,"_mi_skip_tracking":false,"_monsterinsights_sitenote_active":false,"_monsterinsights_sitenote_note":"","_monsterinsights_sitenote_category":0},"product_brand":[],"product_cat":[557],"product_tag":[135147],"class_list":{"0":"post-41426","1":"product","2":"type-product","3":"status-publish","4":"has-post-thumbnail","6":"product_cat-car-bulbs","7":"product_tag-warehouse-location-united-states","8":"product_shipping_class-us-stock-flat","9":"pa_brand-siemid","10":"pa_compatibility-2012-buick-verano","12":"first","13":"instock","14":"sale","15":"shipping-taxable","16":"purchasable","17":"product-type-simple"},"acf":[],"aioseo_notices":[],"_links":{"self":[{"href":"https:\/\/siemid.com\/pt\/wp-json\/wp\/v2\/product\/41426","targetHints":{"allow":["GET"]}}],"collection":[{"href":"https:\/\/siemid.com\/pt\/wp-json\/wp\/v2\/product"}],"about":[{"href":"https:\/\/siemid.com\/pt\/wp-json\/wp\/v2\/types\/product"}],"replies":[{"embeddable":true,"href":"https:\/\/siemid.com\/pt\/wp-json\/wp\/v2\/comments?post=41426"}],"wp:featuredmedia":[{"embeddable":true,"href":"https:\/\/siemid.com\/pt\/wp-json\/wp\/v2\/media\/41578"}],"wp:attachment":[{"href":"https:\/\/siemid.com\/pt\/wp-json\/wp\/v2\/media?parent=41426"}],"wp:term":[{"taxonomy":"product_brand","embeddable":true,"href":"https:\/\/siemid.com\/pt\/wp-json\/wp\/v2\/product_brand?post=41426"},{"taxonomy":"product_cat","embeddable":true,"href":"https:\/\/siemid.com\/pt\/wp-json\/wp\/v2\/product_cat?post=41426"},{"taxonomy":"product_tag","embeddable":true,"href":"https:\/\/siemid.com\/pt\/wp-json\/wp\/v2\/product_tag?post=41426"}],"curies":[{"name":"wp","href":"https:\/\/api.w.org\/{rel}","templated":true}]}}