{"id":41498,"date":"2024-01-04T16:34:01","date_gmt":"2024-01-04T16:34:01","guid":{"rendered":"https:\/\/siemid.com\/?post_type=product&#038;p=41498"},"modified":"2024-01-04T16:42:37","modified_gmt":"2024-01-04T16:42:37","slug":"for-chevrolet-1990-1995-corvette-c4-conv-14-pc-interior-courtesy-light-bulb-kit","status":"publish","type":"product","link":"https:\/\/siemid.com\/pt\/produto\/for-chevrolet-1990-1995-corvette-c4-conv-14-pc-interior-courtesy-light-bulb-kit\/","title":{"rendered":"Para Chevrolet 1990-1995 Corvette C4 Conv 14-pc Interior Courtesy Light Bulb Kit"},"content":{"rendered":"<p>Item_Oferecido<\/br>N\u00famero de l\u00e2mpadas: 14<\/br><\/br>Condi\u00e7\u00e3o<\/br>100% Novo na embalagem de f\u00e1brica, nunca usado ou instalado. Garante a qualidade e o desempenho do produto.<\/br><\/br>Posi\u00e7\u00e3o<\/br>Coloca\u00e7\u00e3o no ve\u00edculo: Painel, espa\u00e7o para os p\u00e9s, porta-luvas<\/br><\/br>Part_Number<\/br>601012<\/br><\/br>Tipo<\/br>Ilumina\u00e7\u00e3o interna<\/br><\/br>Ajuste<\/br>Antes de comprar, verifique a descri\u00e7\u00e3o e o filtro de ajuste automotivo superior para ver se esse item funcionar\u00e1 em seu ve\u00edculo!<\/p>","protected":false},"excerpt":{"rendered":"<p>N\u00famero de l\u00e2mpadas: 14<br \/>\nColoca\u00e7\u00e3o no ve\u00edculo: Painel, espa\u00e7o para os p\u00e9s, porta-luvas<br \/>\nPart_Number:601012<br \/>\nTipo:Ilumina\u00e7\u00e3o interna<br \/>\nAdequa\u00e7\u00e3o: Verifique o filtro de adequa\u00e7\u00e3o e a descri\u00e7\u00e3o para ver se esse item funcionar\u00e1 em seu ve\u00edculo antes da compra!<\/p>","protected":false},"featured_media":41642,"comment_status":"open","ping_status":"closed","template":"","meta":{"_acf_changed":false,"om_disable_all_campaigns":false,"inline_featured_image":false,"_mi_skip_tracking":false,"_monsterinsights_sitenote_active":false,"_monsterinsights_sitenote_note":"","_monsterinsights_sitenote_category":0},"product_brand":[],"product_cat":[557],"product_tag":[135147],"class_list":{"0":"post-41498","1":"product","2":"type-product","3":"status-publish","4":"has-post-thumbnail","6":"product_cat-car-bulbs","7":"product_tag-warehouse-location-united-states","8":"product_shipping_class-us-stock-flat","9":"pa_brand-siemid","10":"pa_compatibility-1990-chevrolet-corvette","12":"first","13":"instock","14":"sale","15":"shipping-taxable","16":"purchasable","17":"product-type-simple"},"acf":[],"aioseo_notices":[],"_links":{"self":[{"href":"https:\/\/siemid.com\/pt\/wp-json\/wp\/v2\/product\/41498","targetHints":{"allow":["GET"]}}],"collection":[{"href":"https:\/\/siemid.com\/pt\/wp-json\/wp\/v2\/product"}],"about":[{"href":"https:\/\/siemid.com\/pt\/wp-json\/wp\/v2\/types\/product"}],"replies":[{"embeddable":true,"href":"https:\/\/siemid.com\/pt\/wp-json\/wp\/v2\/comments?post=41498"}],"wp:featuredmedia":[{"embeddable":true,"href":"https:\/\/siemid.com\/pt\/wp-json\/wp\/v2\/media\/41642"}],"wp:attachment":[{"href":"https:\/\/siemid.com\/pt\/wp-json\/wp\/v2\/media?parent=41498"}],"wp:term":[{"taxonomy":"product_brand","embeddable":true,"href":"https:\/\/siemid.com\/pt\/wp-json\/wp\/v2\/product_brand?post=41498"},{"taxonomy":"product_cat","embeddable":true,"href":"https:\/\/siemid.com\/pt\/wp-json\/wp\/v2\/product_cat?post=41498"},{"taxonomy":"product_tag","embeddable":true,"href":"https:\/\/siemid.com\/pt\/wp-json\/wp\/v2\/product_tag?post=41498"}],"curies":[{"name":"wp","href":"https:\/\/api.w.org\/{rel}","templated":true}]}}