{"id":41501,"date":"2024-01-04T16:34:02","date_gmt":"2024-01-04T16:34:02","guid":{"rendered":"https:\/\/siemid.com\/?post_type=product&#038;p=41501"},"modified":"2024-01-04T16:42:37","modified_gmt":"2024-01-04T16:42:37","slug":"new-original-94196-h4-75-70w-p43t-24v-halogen-headlight-lampbulb-bilux-usa","status":"publish","type":"product","link":"https:\/\/siemid.com\/pt\/produto\/new-original-94196-h4-75-70w-p43t-24v-halogen-headlight-lampbulb-bilux-usa\/","title":{"rendered":"Nova l\u00e2mpada de farol hal\u00f3geno original 94196 H4 75\/70W P43T 24V BILUX USA"},"content":{"rendered":"<p>A hist\u00f3ria do Headlight<\/br>A Headlight foi fundada em 2015 por um grupo de empreendedores e engenheiros que queriam criar uma maneira melhor para os motoristas navegarem pelas estradas. Eles criaram seu primeiro produto, um dispositivo pequeno e barato que poderia ser montado no painel de um carro e fornecer navega\u00e7\u00e3o em tempo real.<\/br><\/br>Ajuste<\/br>Antes de comprar, verifique a descri\u00e7\u00e3o e o filtro de ajuste automotivo superior para ver se esse item funcionar\u00e1 em seu ve\u00edculo!<\/br><\/br>Condi\u00e7\u00e3o<\/br>100% Novo na embalagem de f\u00e1brica, nunca usado ou instalado. Garante a qualidade e o desempenho do produto.<\/br><\/br>Item_Oferecido<\/br>Itens inclu\u00eddos: L\u00e2mpadas,Com caixa de varejo<\/br>N\u00famero de l\u00e2mpadas: 1<\/br><\/br>Especifica\u00e7\u00e3o<\/br>Base: P43tq<\/br><\/br>Part_Number<\/br>64196<\/br><\/br>Tens\u00e3o nominal<\/br>24.0 V<\/br><\/br>Pot\u00eancia nominal<\/br>75\/70 W<\/br><\/br>Entrada de energia<\/br>85 \/ 80 W<\/br><\/br>Tens\u00e3o de teste<\/br>28.0 V<\/br><\/br>Tipo<\/br>H4<\/br><\/br>Garantia<\/br>Garantia do fabricante: 6 meses<\/br><\/br>Material<\/br>Lente de policarbonato\/pl\u00e1stico ABS, fabricada com materiais compar\u00e1veis de alta qualidade para resistir ao desgaste da estrada e ao teste do tempo.<\/br><\/br>Fun\u00e7\u00e3o do farol<\/br>A principal fun\u00e7\u00e3o de um farol \u00e9 iluminar a estrada \u00e0 frente para o motorista, de modo que ele possa ver poss\u00edveis perigos e outros ve\u00edculos. Os far\u00f3is tamb\u00e9m s\u00e3o usados para tornar o ve\u00edculo mais vis\u00edvel para outros motoristas e pedestres, ajudando assim a evitar acidentes.<\/p>","protected":false},"excerpt":{"rendered":"<p>Adequa\u00e7\u00e3o: Verifique o filtro de adequa\u00e7\u00e3o e a descri\u00e7\u00e3o para ver se esse item funcionar\u00e1 em seu ve\u00edculo antes da compra!<br \/>\nItens inclu\u00eddos: L\u00e2mpadas,Com caixa de varejo<br \/>\nN\u00famero de l\u00e2mpadas: 1<br \/>\nPart_Number:64196<br \/>\nTens\u00e3o nominal: 24,0 V<\/p>","protected":false},"featured_media":41661,"comment_status":"open","ping_status":"closed","template":"","meta":{"_acf_changed":false,"om_disable_all_campaigns":false,"inline_featured_image":false,"_mi_skip_tracking":false,"_monsterinsights_sitenote_active":false,"_monsterinsights_sitenote_note":"","_monsterinsights_sitenote_category":0},"product_brand":[],"product_cat":[557],"product_tag":[135147],"class_list":{"0":"post-41501","1":"product","2":"type-product","3":"status-publish","4":"has-post-thumbnail","6":"product_cat-car-bulbs","7":"product_tag-warehouse-location-united-states","8":"product_shipping_class-us-stock-flat","9":"pa_brand-siemid","11":"first","12":"instock","13":"sale","14":"shipping-taxable","15":"purchasable","16":"product-type-simple"},"acf":[],"aioseo_notices":[],"_links":{"self":[{"href":"https:\/\/siemid.com\/pt\/wp-json\/wp\/v2\/product\/41501","targetHints":{"allow":["GET"]}}],"collection":[{"href":"https:\/\/siemid.com\/pt\/wp-json\/wp\/v2\/product"}],"about":[{"href":"https:\/\/siemid.com\/pt\/wp-json\/wp\/v2\/types\/product"}],"replies":[{"embeddable":true,"href":"https:\/\/siemid.com\/pt\/wp-json\/wp\/v2\/comments?post=41501"}],"wp:featuredmedia":[{"embeddable":true,"href":"https:\/\/siemid.com\/pt\/wp-json\/wp\/v2\/media\/41661"}],"wp:attachment":[{"href":"https:\/\/siemid.com\/pt\/wp-json\/wp\/v2\/media?parent=41501"}],"wp:term":[{"taxonomy":"product_brand","embeddable":true,"href":"https:\/\/siemid.com\/pt\/wp-json\/wp\/v2\/product_brand?post=41501"},{"taxonomy":"product_cat","embeddable":true,"href":"https:\/\/siemid.com\/pt\/wp-json\/wp\/v2\/product_cat?post=41501"},{"taxonomy":"product_tag","embeddable":true,"href":"https:\/\/siemid.com\/pt\/wp-json\/wp\/v2\/product_tag?post=41501"}],"curies":[{"name":"wp","href":"https:\/\/api.w.org\/{rel}","templated":true}]}}