{"id":41523,"date":"2024-01-04T16:34:30","date_gmt":"2024-01-04T16:34:30","guid":{"rendered":"https:\/\/siemid.com\/?post_type=product&#038;p=41523"},"modified":"2024-01-04T16:42:36","modified_gmt":"2024-01-04T16:42:36","slug":"for-amber-front-turn-signal-light-bulb-12181na-pwy24w-fit-for-audi-a4l","status":"publish","type":"product","link":"https:\/\/siemid.com\/pt\/produto\/for-amber-front-turn-signal-light-bulb-12181na-pwy24w-fit-for-audi-a4l\/","title":{"rendered":"L\u00e2mpada \u00e2mbar para sinal de mudan\u00e7a de dire\u00e7\u00e3o dianteiro 12181NA PWY24W para Audi A4L"},"content":{"rendered":"<p>Ajuste<\/br>Antes de comprar, verifique a descri\u00e7\u00e3o e o filtro de ajuste automotivo superior para ver se esse item funcionar\u00e1 em seu ve\u00edculo!<\/br><\/br>Condi\u00e7\u00e3o<\/br>100% Novo na embalagem de f\u00e1brica, nunca usado ou instalado. Garante a qualidade e o desempenho do produto.<\/br><\/br>Item_Oferecido<\/br>Itens inclu\u00eddos: L\u00e2mpadas<\/br>N\u00famero de l\u00e2mpadas: 1<\/br><\/br>Posi\u00e7\u00e3o<\/br>Coloca\u00e7\u00e3o no ve\u00edculo: Dianteira<\/br><\/br>Especifica\u00e7\u00e3o<\/br>Tens\u00e3o: 12V<\/br><\/br>Part_Number<\/br>C119-981-B<\/br><\/br>Tipo<\/br>Pwy24W<\/br><\/br>Watt<\/br>24W<\/br><\/br>Recurso<\/br>Dentro de 180 dias ap\u00f3s o recebimento do item, sim<\/p>","protected":false},"excerpt":{"rendered":"<p>Adequa\u00e7\u00e3o: Verifique o filtro de adequa\u00e7\u00e3o e a descri\u00e7\u00e3o para ver se esse item funcionar\u00e1 em seu ve\u00edculo antes da compra!<br \/>\nItens inclu\u00eddos: L\u00e2mpadas<br \/>\nN\u00famero de l\u00e2mpadas: 1<br \/>\nColoca\u00e7\u00e3o no ve\u00edculo: Dianteira<br \/>\nPart_Number:C119-981-B<\/p>","protected":false},"featured_media":41674,"comment_status":"open","ping_status":"closed","template":"","meta":{"_acf_changed":false,"om_disable_all_campaigns":false,"inline_featured_image":false,"_mi_skip_tracking":false,"_monsterinsights_sitenote_active":false,"_monsterinsights_sitenote_note":"","_monsterinsights_sitenote_category":0},"product_brand":[],"product_cat":[557],"product_tag":[135147],"class_list":{"0":"post-41523","1":"product","2":"type-product","3":"status-publish","4":"has-post-thumbnail","6":"product_cat-car-bulbs","7":"product_tag-warehouse-location-united-states","8":"product_shipping_class-us-stock-flat","9":"pa_brand-siemid","11":"first","12":"instock","13":"sale","14":"shipping-taxable","15":"purchasable","16":"product-type-simple"},"acf":[],"aioseo_notices":[],"_links":{"self":[{"href":"https:\/\/siemid.com\/pt\/wp-json\/wp\/v2\/product\/41523","targetHints":{"allow":["GET"]}}],"collection":[{"href":"https:\/\/siemid.com\/pt\/wp-json\/wp\/v2\/product"}],"about":[{"href":"https:\/\/siemid.com\/pt\/wp-json\/wp\/v2\/types\/product"}],"replies":[{"embeddable":true,"href":"https:\/\/siemid.com\/pt\/wp-json\/wp\/v2\/comments?post=41523"}],"wp:featuredmedia":[{"embeddable":true,"href":"https:\/\/siemid.com\/pt\/wp-json\/wp\/v2\/media\/41674"}],"wp:attachment":[{"href":"https:\/\/siemid.com\/pt\/wp-json\/wp\/v2\/media?parent=41523"}],"wp:term":[{"taxonomy":"product_brand","embeddable":true,"href":"https:\/\/siemid.com\/pt\/wp-json\/wp\/v2\/product_brand?post=41523"},{"taxonomy":"product_cat","embeddable":true,"href":"https:\/\/siemid.com\/pt\/wp-json\/wp\/v2\/product_cat?post=41523"},{"taxonomy":"product_tag","embeddable":true,"href":"https:\/\/siemid.com\/pt\/wp-json\/wp\/v2\/product_tag?post=41523"}],"curies":[{"name":"wp","href":"https:\/\/api.w.org\/{rel}","templated":true}]}}