{"id":41524,"date":"2024-01-04T16:34:30","date_gmt":"2024-01-04T16:34:30","guid":{"rendered":"https:\/\/siemid.com\/?post_type=product&#038;p=41524"},"modified":"2024-01-04T16:42:36","modified_gmt":"2024-01-04T16:42:36","slug":"for-with-socket-pwy24w-12174na-12v24w-lamp-amber-bulb-turn-singal-light","status":"publish","type":"product","link":"https:\/\/siemid.com\/pt\/produto\/for-with-socket-pwy24w-12174na-12v24w-lamp-amber-bulb-turn-singal-light\/","title":{"rendered":"Para com soquete PWY24W 12174NA 12V24W L\u00e2mpada \u00e2mbar L\u00e2mpada de giro Singal"},"content":{"rendered":"<p>Ajuste<\/br>Antes de comprar, verifique a descri\u00e7\u00e3o e o filtro de ajuste automotivo superior para ver se esse item funcionar\u00e1 em seu ve\u00edculo!<\/br><\/br>Condi\u00e7\u00e3o<\/br>100% Novo na embalagem de f\u00e1brica, nunca usado ou instalado. Garante a qualidade e o desempenho do produto.<\/br><\/br>Especifica\u00e7\u00e3o<\/br>Tens\u00e3o: 12V<\/br><\/br>Part_Number<\/br>C119-981-G<\/br><\/br>Tipo<\/br>Pwy24W<\/br><\/br>Watt<\/br>24W<\/p>","protected":false},"excerpt":{"rendered":"<p>Adequa\u00e7\u00e3o: Verifique o filtro de adequa\u00e7\u00e3o e a descri\u00e7\u00e3o para ver se esse item funcionar\u00e1 em seu ve\u00edculo antes da compra!<br \/>\nPart_Number:C119-981-G<br \/>\nCondi\u00e7\u00e3o: 100% Novo na embalagem de f\u00e1brica, nunca usado ou instalado. Garante a qualidade e o desempenho do produto.<br \/>\nConstru\u00eddo: Constru\u00eddo com cuidado para atender aos padr\u00f5es de controle de qualidade do setor, garantindo um desempenho confi\u00e1vel e consistente.<br \/>\nMaterial: O item \u00e9 fabricado com materiais cuidadosamente selecionados por sua resist\u00eancia e durabilidade, garantindo excelente qualidade e desempenho.<\/p>","protected":false},"featured_media":41684,"comment_status":"open","ping_status":"closed","template":"","meta":{"_acf_changed":false,"om_disable_all_campaigns":false,"inline_featured_image":false,"_mi_skip_tracking":false,"_monsterinsights_sitenote_active":false,"_monsterinsights_sitenote_note":"","_monsterinsights_sitenote_category":0},"product_brand":[],"product_cat":[557],"product_tag":[135147],"class_list":{"0":"post-41524","1":"product","2":"type-product","3":"status-publish","4":"has-post-thumbnail","6":"product_cat-car-bulbs","7":"product_tag-warehouse-location-united-states","8":"product_shipping_class-us-stock-flat","9":"pa_brand-siemid","11":"first","12":"instock","13":"sale","14":"shipping-taxable","15":"purchasable","16":"product-type-simple"},"acf":[],"aioseo_notices":[],"_links":{"self":[{"href":"https:\/\/siemid.com\/pt\/wp-json\/wp\/v2\/product\/41524","targetHints":{"allow":["GET"]}}],"collection":[{"href":"https:\/\/siemid.com\/pt\/wp-json\/wp\/v2\/product"}],"about":[{"href":"https:\/\/siemid.com\/pt\/wp-json\/wp\/v2\/types\/product"}],"replies":[{"embeddable":true,"href":"https:\/\/siemid.com\/pt\/wp-json\/wp\/v2\/comments?post=41524"}],"wp:featuredmedia":[{"embeddable":true,"href":"https:\/\/siemid.com\/pt\/wp-json\/wp\/v2\/media\/41684"}],"wp:attachment":[{"href":"https:\/\/siemid.com\/pt\/wp-json\/wp\/v2\/media?parent=41524"}],"wp:term":[{"taxonomy":"product_brand","embeddable":true,"href":"https:\/\/siemid.com\/pt\/wp-json\/wp\/v2\/product_brand?post=41524"},{"taxonomy":"product_cat","embeddable":true,"href":"https:\/\/siemid.com\/pt\/wp-json\/wp\/v2\/product_cat?post=41524"},{"taxonomy":"product_tag","embeddable":true,"href":"https:\/\/siemid.com\/pt\/wp-json\/wp\/v2\/product_tag?post=41524"}],"curies":[{"name":"wp","href":"https:\/\/api.w.org\/{rel}","templated":true}]}}