{"id":41525,"date":"2024-01-04T16:34:31","date_gmt":"2024-01-04T16:34:31","guid":{"rendered":"https:\/\/siemid.com\/?post_type=product&#038;p=41525"},"modified":"2024-01-04T16:42:35","modified_gmt":"2024-01-04T16:42:35","slug":"quality-tail-light-bulb-led-control-for-13-18-ats-16-elr-13-18-xts-13579168","status":"publish","type":"product","link":"https:\/\/siemid.com\/pt\/produto\/quality-tail-light-bulb-led-control-for-13-18-ats-16-elr-13-18-xts-13579168\/","title":{"rendered":"Controle de LED de l\u00e2mpada de luz traseira de qualidade para 13-18 ATS 16 ELR 13-18 XTS 13579168"},"content":{"rendered":"<p>Ajuste<\/br>Antes de comprar, verifique a descri\u00e7\u00e3o e o filtro de ajuste automotivo superior para ver se esse item funcionar\u00e1 em seu ve\u00edculo!<\/br><\/br>Condi\u00e7\u00e3o<\/br>100% Novo na embalagem de f\u00e1brica, nunca usado ou instalado. Garante a qualidade e o desempenho do produto.<\/br><\/br>Item_Oferecido<\/br>N\u00famero de pe\u00e7as: 1 unidade<\/br><\/br>Observa\u00e7\u00e3o<\/br>Nenhuma instru\u00e7\u00e3o inclu\u00edda<\/br><\/br>Apar\u00eancia<\/br>Cor da carca\u00e7a: prata<\/br><\/br>Posi\u00e7\u00e3o<\/br>Coloca\u00e7\u00e3o no ve\u00edculo: Esquerda, traseira, direita<\/br><\/br>Especifica\u00e7\u00e3o<\/br>Tens\u00e3o: 12V<\/br><\/br>Part_Number<\/br>JNPES7<\/br><\/br>Tipo de feixe<\/br>Farol alto, Farol baixo<\/br><\/br>Tipo<\/br>Controle da l\u00e2mpada da lanterna traseira<\/br><\/br>Pot\u00eancia<\/br>35W<\/br><\/br>Garantia<\/br>Garantia do fabricante: 2 anos<\/p>","protected":false},"excerpt":{"rendered":"<p>Adequa\u00e7\u00e3o: Verifique a descri\u00e7\u00e3o e o filtro de adequa\u00e7\u00e3o automotiva superior para ver se esse item funcionar\u00e1 em seu ve\u00edculo antes da compra!<br \/>\nN\u00famero de pe\u00e7as: 1 unidade<br \/>\nObserva\u00e7\u00e3o: n\u00e3o h\u00e1 instru\u00e7\u00f5es inclu\u00eddas<br \/>\nCor da carca\u00e7a: prata<br \/>\nColoca\u00e7\u00e3o no ve\u00edculo: Esquerda, traseira, direita<\/p>","protected":false},"featured_media":41694,"comment_status":"open","ping_status":"closed","template":"","meta":{"_acf_changed":false,"om_disable_all_campaigns":false,"inline_featured_image":false,"_mi_skip_tracking":false,"_monsterinsights_sitenote_active":false,"_monsterinsights_sitenote_note":"","_monsterinsights_sitenote_category":0},"product_brand":[],"product_cat":[557],"product_tag":[135147],"class_list":{"0":"post-41525","1":"product","2":"type-product","3":"status-publish","4":"has-post-thumbnail","6":"product_cat-car-bulbs","7":"product_tag-warehouse-location-united-states","8":"product_shipping_class-us-stock-flat","9":"pa_brand-siemid","11":"first","12":"instock","13":"sale","14":"shipping-taxable","15":"purchasable","16":"product-type-simple"},"acf":[],"aioseo_notices":[],"_links":{"self":[{"href":"https:\/\/siemid.com\/pt\/wp-json\/wp\/v2\/product\/41525","targetHints":{"allow":["GET"]}}],"collection":[{"href":"https:\/\/siemid.com\/pt\/wp-json\/wp\/v2\/product"}],"about":[{"href":"https:\/\/siemid.com\/pt\/wp-json\/wp\/v2\/types\/product"}],"replies":[{"embeddable":true,"href":"https:\/\/siemid.com\/pt\/wp-json\/wp\/v2\/comments?post=41525"}],"wp:featuredmedia":[{"embeddable":true,"href":"https:\/\/siemid.com\/pt\/wp-json\/wp\/v2\/media\/41694"}],"wp:attachment":[{"href":"https:\/\/siemid.com\/pt\/wp-json\/wp\/v2\/media?parent=41525"}],"wp:term":[{"taxonomy":"product_brand","embeddable":true,"href":"https:\/\/siemid.com\/pt\/wp-json\/wp\/v2\/product_brand?post=41525"},{"taxonomy":"product_cat","embeddable":true,"href":"https:\/\/siemid.com\/pt\/wp-json\/wp\/v2\/product_cat?post=41525"},{"taxonomy":"product_tag","embeddable":true,"href":"https:\/\/siemid.com\/pt\/wp-json\/wp\/v2\/product_tag?post=41525"}],"curies":[{"name":"wp","href":"https:\/\/api.w.org\/{rel}","templated":true}]}}