{"id":41547,"date":"2024-01-04T16:35:01","date_gmt":"2024-01-04T16:35:01","guid":{"rendered":"https:\/\/siemid.com\/?post_type=product&#038;p=41547"},"modified":"2024-01-04T16:42:35","modified_gmt":"2024-01-04T16:42:35","slug":"6-volt-3-watt-speedometer-bulb-for-honda-5-pack-34902-202-000-943-003","status":"publish","type":"product","link":"https:\/\/siemid.com\/pt\/produto\/6-volt-3-watt-speedometer-bulb-for-honda-5-pack-34902-202-000-943-003\/","title":{"rendered":"L\u00c2MPADA DE VELOC\u00cdMETRO DE 6 VOLTS E 3 WATTS PARA HONDA-5\/PACK 34902-202-000 \/ 943-003"},"content":{"rendered":"<p>Ajuste<\/br>Antes de comprar, verifique a descri\u00e7\u00e3o e o filtro de ajuste automotivo superior para ver se esse item funcionar\u00e1 em seu ve\u00edculo!<\/br><\/br>Item_Oferecido<\/br>Vendido como: Pacotes de cinco<\/br><\/br>Observa\u00e7\u00e3o<\/br>N\u00e3o pode ser usado em modelos de 12 volts<\/br><\/br>Condi\u00e7\u00e3o<\/br>100% Novo na embalagem de f\u00e1brica, nunca usado ou instalado. Garante a qualidade e o desempenho do produto.<\/br><\/br>Especifica\u00e7\u00e3o<\/br>Di\u00e2metro da base: 9 mm<\/br>Especificidades do item: Amperagem .49A \/ 490Ma<\/br>Di\u00e2metro total m\u00e1ximo .43\u2033\/11Mm<\/br>Comprimento total m\u00e1ximo .94\u2033\/23.9Mm<\/br>Tipo de pe\u00e7a: El\u00e9trica e ilumina\u00e7\u00e3o<\/br>Tens\u00e3o: 6,75V<\/br><\/br>Part_Number<\/br>943-003,34902-202-000<\/br><\/br>Pot\u00eancia<\/br>3W<\/br><\/br>Amperagem<\/br>49A \/ 490Ma<\/br><\/br>Etiqueta personalizada_0<\/br>Substitui o n\u00famero<\/br><\/br>Di\u00e2metro total m\u00e1ximo<\/br>43\u2033\/11Mm<\/br><\/br>Comprimento total m\u00e1ximo<\/br>94\u2033\/23,9Mm<\/br><\/br>Recurso<\/br>L\u00e2mpada de 6 volts - 3 watts<\/br>L\u00e2mpada do painel de instrumentos<\/br>Filamento \u00fanico<\/br>Vendido em pacotes de CINCO<\/p>","protected":false},"excerpt":{"rendered":"<p>Adequa\u00e7\u00e3o: Verifique o filtro de adequa\u00e7\u00e3o e a descri\u00e7\u00e3o para ver se esse item funcionar\u00e1 em seu ve\u00edculo antes da compra!<br \/>\nVendido como: Pacotes de cinco<br \/>\nObserva\u00e7\u00e3o: n\u00e3o pode ser usado em modelos de 12 volts<br \/>\nDi\u00e2metro da base: 9 mm<br \/>\nEspecificidades do item: Amperagem .49A \/ 490Ma<\/p>","protected":false},"featured_media":41710,"comment_status":"open","ping_status":"closed","template":"","meta":{"_acf_changed":false,"om_disable_all_campaigns":false,"inline_featured_image":false,"_mi_skip_tracking":false,"_monsterinsights_sitenote_active":false,"_monsterinsights_sitenote_note":"","_monsterinsights_sitenote_category":0},"product_brand":[],"product_cat":[557],"product_tag":[135147],"class_list":{"0":"post-41547","1":"product","2":"type-product","3":"status-publish","4":"has-post-thumbnail","6":"product_cat-car-bulbs","7":"product_tag-warehouse-location-united-states","8":"product_shipping_class-us-stock-flat","9":"pa_brand-siemid","11":"first","12":"instock","13":"sale","14":"shipping-taxable","15":"purchasable","16":"product-type-simple"},"acf":[],"aioseo_notices":[],"_links":{"self":[{"href":"https:\/\/siemid.com\/pt\/wp-json\/wp\/v2\/product\/41547","targetHints":{"allow":["GET"]}}],"collection":[{"href":"https:\/\/siemid.com\/pt\/wp-json\/wp\/v2\/product"}],"about":[{"href":"https:\/\/siemid.com\/pt\/wp-json\/wp\/v2\/types\/product"}],"replies":[{"embeddable":true,"href":"https:\/\/siemid.com\/pt\/wp-json\/wp\/v2\/comments?post=41547"}],"wp:featuredmedia":[{"embeddable":true,"href":"https:\/\/siemid.com\/pt\/wp-json\/wp\/v2\/media\/41710"}],"wp:attachment":[{"href":"https:\/\/siemid.com\/pt\/wp-json\/wp\/v2\/media?parent=41547"}],"wp:term":[{"taxonomy":"product_brand","embeddable":true,"href":"https:\/\/siemid.com\/pt\/wp-json\/wp\/v2\/product_brand?post=41547"},{"taxonomy":"product_cat","embeddable":true,"href":"https:\/\/siemid.com\/pt\/wp-json\/wp\/v2\/product_cat?post=41547"},{"taxonomy":"product_tag","embeddable":true,"href":"https:\/\/siemid.com\/pt\/wp-json\/wp\/v2\/product_tag?post=41547"}],"curies":[{"name":"wp","href":"https:\/\/api.w.org\/{rel}","templated":true}]}}